{"id":1189,"date":"2025-12-15T18:04:00","date_gmt":"2025-12-15T17:04:00","guid":{"rendered":"https:\/\/npnp.eu\/projet-au-perou\/"},"modified":"2026-03-05T14:25:41","modified_gmt":"2026-03-05T13:25:41","slug":"projet-au-perou","status":"publish","type":"page","link":"https:\/\/npnp.lu\/fr\/projet-au-perou\/","title":{"rendered":"Projet au P\u00e9rou"},"content":{"rendered":"\t\t<div data-elementor-type=\"wp-page\" data-elementor-id=\"1189\" class=\"elementor elementor-1189 elementor-742\">\n\t\t\t\t<div class=\"elementor-element elementor-element-3200862 e-con-full e-flex e-con e-parent\" data-id=\"3200862\" data-element_type=\"container\" data-e-type=\"container\" data-settings=\"{&quot;background_background&quot;:&quot;slideshow&quot;,&quot;background_slideshow_gallery&quot;:[{&quot;id&quot;:1174,&quot;url&quot;:&quot;https:\\\/\\\/npnp.eu\\\/wp-content\\\/uploads\\\/2025\\\/11\\\/UTA_7584.jpg&quot;}],&quot;background_slideshow_loop&quot;:&quot;yes&quot;,&quot;background_slideshow_slide_duration&quot;:5000,&quot;background_slideshow_slide_transition&quot;:&quot;fade&quot;,&quot;background_slideshow_transition_duration&quot;:500}\">\n\t\t\t\t<div class=\"elementor-element elementor-element-0bd07d5 elementor-widget elementor-widget-qi_addons_for_elementor_highlight\" data-id=\"0bd07d5\" data-element_type=\"widget\" data-e-type=\"widget\" data-widget_type=\"qi_addons_for_elementor_highlight.default\">\n\t\t\t\t<div class=\"elementor-widget-container\">\n\t\t\t\t\t<p class=\"qodef-shortcode qodef-m qodef-qi-highlight qodef-qi--has-appear qodef-highlight-style--color\" >\n\t<span class=\"qodef-highlight-text\" style=\"background-image: linear-gradient(to bottom, transparent 0%, #F65223 0%, #F65223 100%, transparent 100%)\">Notre projet au P\u00e9rou<\/p>\n\t\t\t\t<\/div>\n\t\t\t\t<\/div>\n\t\t\t\t<\/div>\n\t\t<div class=\"elementor-element elementor-element-d3643d6 e-flex e-con-boxed e-con e-parent\" data-id=\"d3643d6\" data-element_type=\"container\" data-e-type=\"container\">\n\t\t\t\t\t<div class=\"e-con-inner\">\n\t\t<div class=\"elementor-element elementor-element-82de1f7 e-con-full e-flex e-con e-child\" data-id=\"82de1f7\" data-element_type=\"container\" data-e-type=\"container\">\n\t\t\t\t<div class=\"elementor-element elementor-element-3f3bba6 elementor-widget elementor-widget-image\" data-id=\"3f3bba6\" data-element_type=\"widget\" data-e-type=\"widget\" data-widget_type=\"image.default\">\n\t\t\t\t\t\t\t\t\t\t\t\t\t\t\t<img decoding=\"async\" width=\"180\" height=\"71\" src=\"https:\/\/npnp.lu\/wp-content\/uploads\/2025\/10\/Cesip.png\" class=\"attachment-full size-full wp-image-1100\" alt=\"\" \/>\t\t\t\t\t\t\t\t\t\t\t\t\t\t\t<\/div>\n\t\t\t\t<\/div>\n\t\t<div class=\"elementor-element elementor-element-baa30bd e-con-full e-flex e-con e-child\" data-id=\"baa30bd\" data-element_type=\"container\" data-e-type=\"container\" data-settings=\"{&quot;background_background&quot;:&quot;classic&quot;}\">\n\t\t\t\t<div class=\"elementor-element elementor-element-1543a48 elementor-widget elementor-widget-text-editor\" data-id=\"1543a48\" data-element_type=\"widget\" data-e-type=\"widget\" data-widget_type=\"text-editor.default\">\n\t\t\t\t\t\t\t\t\t<h2>Notre projet avec CESIP<\/h2><p> <\/p><h3>Donner aux enfants et adolescents les cl\u00e9s d\u2019un avenir meilleur \u00e0 Carabayllo (Lima, P\u00e9rou)<\/h3><p> <\/p><p>Dans les communaut\u00e9s du Comit\u00e9 31, Santa Rosa, Sol Naciente, Eliane Karp, 11 de Mayo, Los Portales del Sol et Pueblo Joven El Progreso, plus de 400 enfants et adolescents vivent quotidiennement des situations de vuln\u00e9rabilit\u00e9 : exposition \u00e0 la violence, manque de soutien familial, risque de travail infantile. Avec notre partenaire CESIP, nous les accompagnons pour renforcer leurs droits et construire des environnements s\u00fbrs et protecteurs. <\/p>\t\t\t\t\t\t\t\t<\/div>\n\t\t\t\t<div class=\"elementor-element elementor-element-1a1b44c elementor-widget-divider--view-line elementor-widget elementor-widget-divider\" data-id=\"1a1b44c\" data-element_type=\"widget\" data-e-type=\"widget\" data-widget_type=\"divider.default\">\n\t\t\t\t\t\t\t<div class=\"elementor-divider\">\n\t\t\t<span class=\"elementor-divider-separator\">\n\t\t\t\t\t\t<\/span>\n\t\t<\/div>\n\t\t\t\t\t\t<\/div>\n\t\t\t\t<div class=\"elementor-element elementor-element-9beef2b elementor-widget elementor-widget-text-editor\" data-id=\"9beef2b\" data-element_type=\"widget\" data-e-type=\"widget\" data-widget_type=\"text-editor.default\">\n\t\t\t\t\t\t\t\t\t<h3>Renforcer les enfants et adolescents<\/h3><p> <\/p><p>D\u00e9velopper l\u2019estime de soi, le leadership et la capacit\u00e9 de plaidoyer.<\/p><p>Les enfants et adolescents de 6 \u00e0 14 ans des communaut\u00e9s de Carabayllo re\u00e7oivent des formations sur leurs droits, le leadership et le plaidoyer :<\/p><ul><li>D\u00e9veloppement de l\u2019estime de soi et de l\u2019autonomie<\/li><li>Formation au leadership et \u00e0 la citoyennet\u00e9<\/li><li>Actions collectives de plaidoyer<\/li><\/ul><p>Diego, 12 ans, vit dans le quartier Santa Rosa. Gr\u00e2ce aux formations, il apprend \u00e0 exprimer ses id\u00e9es et participe \u00e0 la premi\u00e8re campagne locale de d\u00e9fense des droits des enfants dans sa communaut\u00e9. <\/p>\t\t\t\t\t\t\t\t<\/div>\n\t\t\t\t<div class=\"elementor-element elementor-element-d125a0a elementor-widget-divider--view-line elementor-widget elementor-widget-divider\" data-id=\"d125a0a\" data-element_type=\"widget\" data-e-type=\"widget\" data-widget_type=\"divider.default\">\n\t\t\t\t\t\t\t<div class=\"elementor-divider\">\n\t\t\t<span class=\"elementor-divider-separator\">\n\t\t\t\t\t\t<\/span>\n\t\t<\/div>\n\t\t\t\t\t\t<\/div>\n\t\t\t\t<div class=\"elementor-element elementor-element-5ded672 elementor-widget elementor-widget-text-editor\" data-id=\"5ded672\" data-element_type=\"widget\" data-e-type=\"widget\" data-widget_type=\"text-editor.default\">\n\t\t\t\t\t\t\t\t\t<h3>Cr\u00e9er des espaces s\u00fbrs : les CDINNA<\/h3><p> <\/p><p>Apprendre, se recr\u00e9er et s\u2019autonomiser.<\/p><p>Dans chaque communaut\u00e9, les Centres de D\u00e9veloppement Int\u00e9gral des Enfants et Adolescents (CDINNA) offrent un cadre de loisirs, d\u2019apprentissage et de participation. Les CDINNA sont des centre communautaire qui donnent aux enfants et adolescents un espace s\u00fbr pour apprendre, se divertir et d\u00e9velopper leur autonomie tout en participant activement \u00e0 la vie de leur communaut\u00e9 : <\/p><ul><li>Activit\u00e9s r\u00e9cr\u00e9atives et \u00e9ducatives<\/li><li>Participation \u00e0 la vie du centre<\/li><li>D\u00e9veloppement social et personnel<\/li><\/ul>\t\t\t\t\t\t\t\t<\/div>\n\t\t\t\t<div class=\"elementor-element elementor-element-853413c elementor-widget-divider--view-line elementor-widget elementor-widget-divider\" data-id=\"853413c\" data-element_type=\"widget\" data-e-type=\"widget\" data-widget_type=\"divider.default\">\n\t\t\t\t\t\t\t<div class=\"elementor-divider\">\n\t\t\t<span class=\"elementor-divider-separator\">\n\t\t\t\t\t\t<\/span>\n\t\t<\/div>\n\t\t\t\t\t\t<\/div>\n\t\t\t\t<div class=\"elementor-element elementor-element-0702495 elementor-widget elementor-widget-text-editor\" data-id=\"0702495\" data-element_type=\"widget\" data-e-type=\"widget\" data-widget_type=\"text-editor.default\">\n\t\t\t\t\t\t\t\t\t<h3>Appuyer les familles<\/h3><p>Former les parents pour renforcer la protection des enfants.<\/p><p>Les parents et responsables de famille apprennent \u00e0 cr\u00e9er un environnement protecteur et positif pour leurs enfants :<\/p><ul><li>Compr\u00e9hension des droits de l\u2019enfant<\/li><li>Mise en pratique de strat\u00e9gies parentales positives<\/li><li>Renforcement du dialogue familial<\/li><\/ul>\t\t\t\t\t\t\t\t<\/div>\n\t\t\t\t<div class=\"elementor-element elementor-element-4c36300 elementor-widget-divider--view-line elementor-widget elementor-widget-divider\" data-id=\"4c36300\" data-element_type=\"widget\" data-e-type=\"widget\" data-widget_type=\"divider.default\">\n\t\t\t\t\t\t\t<div class=\"elementor-divider\">\n\t\t\t<span class=\"elementor-divider-separator\">\n\t\t\t\t\t\t<\/span>\n\t\t<\/div>\n\t\t\t\t\t\t<\/div>\n\t\t\t\t<div class=\"elementor-element elementor-element-60aff5e elementor-widget elementor-widget-text-editor\" data-id=\"60aff5e\" data-element_type=\"widget\" data-e-type=\"widget\" data-widget_type=\"text-editor.default\">\n\t\t\t\t\t\t\t\t\t<h3>Des communaut\u00e9s engag\u00e9es<\/h3><p> <\/p><p>Construire un r\u00e9seau de protection et de participation durable.<\/p><p>Les r\u00e9seaux de r\u00e9f\u00e9rents communautaires et les comit\u00e9s de gestion participent activement \u00e0 la promotion des droits des enfants et adolescents :<\/p><ul><li>Pr\u00e9vention de la violence et protection des jeunes<\/li><li>Promotion de l&rsquo;\u00e9ducation et des activit\u00e9s de loisirs<\/li><li>Suivi des actions locales<\/li><\/ul><p>Carlos, 14 ans, membre du comit\u00e9 de gestion de Los Portales del Sol, collabore avec les adultes pour organiser des activit\u00e9s et sensibiliser les habitants aux droits des enfants.<\/p>\t\t\t\t\t\t\t\t<\/div>\n\t\t\t\t<div class=\"elementor-element elementor-element-714be06 elementor-widget-divider--view-line elementor-widget elementor-widget-divider\" data-id=\"714be06\" data-element_type=\"widget\" data-e-type=\"widget\" data-widget_type=\"divider.default\">\n\t\t\t\t\t\t\t<div class=\"elementor-divider\">\n\t\t\t<span class=\"elementor-divider-separator\">\n\t\t\t\t\t\t<\/span>\n\t\t<\/div>\n\t\t\t\t\t\t<\/div>\n\t\t\t\t<div class=\"elementor-element elementor-element-1d1b61e elementor-widget elementor-widget-text-editor\" data-id=\"1d1b61e\" data-element_type=\"widget\" data-e-type=\"widget\" data-widget_type=\"text-editor.default\">\n\t\t\t\t\t\t\t\t\t<h2>Ce que vos dons permettent<\/h2><p> <\/p><p>Gr\u00e2ce \u00e0 votre soutien :<\/p><ul><li>400 enfants et adolescents sont form\u00e9s et prot\u00e9g\u00e9s dans leurs droits.<\/li><li>50 jeunes leaders m\u00e8nent des campagnes de plaidoyer pour changer leur communaut\u00e9.<\/li><li>450 familles sont accompagn\u00e9es pour adopter des pratiques \u00e9ducatives positives.<\/li><li>7 communaut\u00e9s disposent de centres actifs (CDINNA) et d\u2019un r\u00e9seau local de protection.<\/li><li>Les enfants sont reconnus comme sujets de droits, et participent activement \u00e0 la vie publique de leurs communaut\u00e9s.<\/li><\/ul><p> <\/p><h2>Pourquoi ce projet est essentiel<\/h2><p> <\/p><p>Parce que dans ces quartiers de Lima :<\/p><ul><li>Trop d\u2019enfants sont confront\u00e9s \u00e0 la violence domestique, au travail pr\u00e9coce ou \u00e0 l\u2019exclusion scolaire.<\/li><li>Les familles manquent de ressources et d\u2019outils pour prot\u00e9ger et soutenir leurs enfants.<\/li><li>La voix des enfants reste souvent ignor\u00e9e dans les d\u00e9cisions communautaires.<\/li><\/ul><p> <\/p><p><strong>Avec CESIP, nous cr\u00e9ons des environnements protecteurs et d\u00e9mocratiques o\u00f9 les enfants et adolescents peuvent s\u2019\u00e9panouir, d\u00e9fendre leurs droits et devenir les leaders d\u2019un avenir sans violence.<\/strong><\/p>\t\t\t\t\t\t\t\t<\/div>\n\t\t\t\t<\/div>\n\t\t\t\t\t<\/div>\n\t\t\t\t<\/div>\n\t\t\t\t<\/div>\n\t\t","protected":false},"excerpt":{"rendered":"<p>Notre projet au P\u00e9rou Notre projet avec CESIP Donner aux enfants et adolescents les cl\u00e9s d\u2019un avenir meilleur \u00e0 Carabayllo [&hellip;]<\/p>\n","protected":false},"author":2,"featured_media":0,"parent":0,"menu_order":0,"comment_status":"closed","ping_status":"closed","template":"elementor_header_footer","meta":{"site-sidebar-layout":"default","site-content-layout":"","ast-site-content-layout":"full-width-container","site-content-style":"default","site-sidebar-style":"default","ast-global-header-display":"","ast-banner-title-visibility":"","ast-main-header-display":"","ast-hfb-above-header-display":"","ast-hfb-below-header-display":"","ast-hfb-mobile-header-display":"","site-post-title":"","ast-breadcrumbs-content":"","ast-featured-img":"","footer-sml-layout":"","ast-disable-related-posts":"","theme-transparent-header-meta":"","adv-header-id-meta":"","stick-header-meta":"","header-above-stick-meta":"","header-main-stick-meta":"","header-below-stick-meta":"","astra-migrate-meta-layouts":"default","ast-page-background-enabled":"default","ast-page-background-meta":{"desktop":{"background-color":"var(--ast-global-color-5)","background-image":"","background-repeat":"repeat","background-position":"center center","background-size":"auto","background-attachment":"scroll","background-type":"","background-media":"","overlay-type":"","overlay-color":"","overlay-opacity":"","overlay-gradient":""},"tablet":{"background-color":"","background-image":"","background-repeat":"repeat","background-position":"center center","background-size":"auto","background-attachment":"scroll","background-type":"","background-media":"","overlay-type":"","overlay-color":"","overlay-opacity":"","overlay-gradient":""},"mobile":{"background-color":"","background-image":"","background-repeat":"repeat","background-position":"center center","background-size":"auto","background-attachment":"scroll","background-type":"","background-media":"","overlay-type":"","overlay-color":"","overlay-opacity":"","overlay-gradient":""}},"ast-content-background-meta":{"desktop":{"background-color":"var(--ast-global-color-4)","background-image":"","background-repeat":"repeat","background-position":"center center","background-size":"auto","background-attachment":"scroll","background-type":"","background-media":"","overlay-type":"","overlay-color":"","overlay-opacity":"","overlay-gradient":""},"tablet":{"background-color":"var(--ast-global-color-4)","background-image":"","background-repeat":"repeat","background-position":"center center","background-size":"auto","background-attachment":"scroll","background-type":"","background-media":"","overlay-type":"","overlay-color":"","overlay-opacity":"","overlay-gradient":""},"mobile":{"background-color":"var(--ast-global-color-4)","background-image":"","background-repeat":"repeat","background-position":"center center","background-size":"auto","background-attachment":"scroll","background-type":"","background-media":"","overlay-type":"","overlay-color":"","overlay-opacity":"","overlay-gradient":""}},"footnotes":""},"class_list":["post-1189","page","type-page","status-publish","hentry"],"_links":{"self":[{"href":"https:\/\/npnp.lu\/fr\/wp-json\/wp\/v2\/pages\/1189","targetHints":{"allow":["GET"]}}],"collection":[{"href":"https:\/\/npnp.lu\/fr\/wp-json\/wp\/v2\/pages"}],"about":[{"href":"https:\/\/npnp.lu\/fr\/wp-json\/wp\/v2\/types\/page"}],"author":[{"embeddable":true,"href":"https:\/\/npnp.lu\/fr\/wp-json\/wp\/v2\/users\/2"}],"replies":[{"embeddable":true,"href":"https:\/\/npnp.lu\/fr\/wp-json\/wp\/v2\/comments?post=1189"}],"version-history":[{"count":5,"href":"https:\/\/npnp.lu\/fr\/wp-json\/wp\/v2\/pages\/1189\/revisions"}],"predecessor-version":[{"id":1679,"href":"https:\/\/npnp.lu\/fr\/wp-json\/wp\/v2\/pages\/1189\/revisions\/1679"}],"wp:attachment":[{"href":"https:\/\/npnp.lu\/fr\/wp-json\/wp\/v2\/media?parent=1189"}],"curies":[{"name":"wp","href":"https:\/\/api.w.org\/{rel}","templated":true}]}}