{"id":1184,"date":"2025-11-28T16:06:51","date_gmt":"2025-11-28T15:06:51","guid":{"rendered":"https:\/\/npnp.eu\/situation-en-argentine\/"},"modified":"2026-03-04T15:28:32","modified_gmt":"2026-03-04T14:28:32","slug":"situation-en-argentine","status":"publish","type":"page","link":"https:\/\/npnp.lu\/fr\/situation-en-argentine\/","title":{"rendered":"Situation en Argentine"},"content":{"rendered":"\t\t<div data-elementor-type=\"wp-page\" data-elementor-id=\"1184\" class=\"elementor elementor-1184 elementor-628\">\n\t\t\t\t<div class=\"elementor-element elementor-element-3200862 e-flex e-con-boxed e-con e-parent\" data-id=\"3200862\" data-element_type=\"container\" data-e-type=\"container\" data-settings=\"{&quot;background_background&quot;:&quot;slideshow&quot;,&quot;background_slideshow_gallery&quot;:[{&quot;id&quot;:1136,&quot;url&quot;:&quot;https:\\\/\\\/npnp.eu\\\/wp-content\\\/uploads\\\/2025\\\/11\\\/Argentinien.jpg&quot;},{&quot;id&quot;:1137,&quot;url&quot;:&quot;https:\\\/\\\/npnp.eu\\\/wp-content\\\/uploads\\\/2025\\\/11\\\/UTA_5359.jpg&quot;},{&quot;id&quot;:1138,&quot;url&quot;:&quot;https:\\\/\\\/npnp.eu\\\/wp-content\\\/uploads\\\/2025\\\/11\\\/UTA_5327.jpg&quot;},{&quot;id&quot;:1139,&quot;url&quot;:&quot;https:\\\/\\\/npnp.eu\\\/wp-content\\\/uploads\\\/2025\\\/11\\\/UTA_5398.jpg&quot;}],&quot;background_slideshow_loop&quot;:&quot;yes&quot;,&quot;background_slideshow_slide_duration&quot;:5000,&quot;background_slideshow_slide_transition&quot;:&quot;fade&quot;,&quot;background_slideshow_transition_duration&quot;:500}\">\n\t\t\t\t\t<div class=\"e-con-inner\">\n\t\t\t\t<div class=\"elementor-element elementor-element-e559c61 elementor-widget elementor-widget-qi_addons_for_elementor_highlight\" data-id=\"e559c61\" data-element_type=\"widget\" data-e-type=\"widget\" data-widget_type=\"qi_addons_for_elementor_highlight.default\">\n\t\t\t\t<div class=\"elementor-widget-container\">\n\t\t\t\t\t<p class=\"qodef-shortcode qodef-m qodef-qi-highlight qodef-qi--has-appear qodef-highlight-style--color\" >\n\t<span class=\"qodef-highlight-text\" style=\"background-image: linear-gradient(to bottom, transparent 0%, #F65223 0%, #F65223 100%, transparent 100%)\">Argentine<\/p>\n\t\t\t\t<\/div>\n\t\t\t\t<\/div>\n\t\t\t\t\t<\/div>\n\t\t\t\t<\/div>\n\t\t<div class=\"elementor-element elementor-element-a7e87b6 e-flex e-con-boxed e-con e-parent\" data-id=\"a7e87b6\" data-element_type=\"container\" data-e-type=\"container\" data-settings=\"{&quot;background_background&quot;:&quot;classic&quot;}\">\n\t\t\t\t\t<div class=\"e-con-inner\">\n\t\t<div class=\"elementor-element elementor-element-c0e3032 e-con-full e-flex e-con e-child\" data-id=\"c0e3032\" data-element_type=\"container\" data-e-type=\"container\" data-settings=\"{&quot;background_background&quot;:&quot;slideshow&quot;,&quot;background_slideshow_gallery&quot;:[{&quot;id&quot;:1140,&quot;url&quot;:&quot;https:\\\/\\\/npnp.eu\\\/wp-content\\\/uploads\\\/2025\\\/11\\\/WhatsApp-Image-2025-05-05-at-14.49.34-bis.jpg&quot;},{&quot;id&quot;:1141,&quot;url&quot;:&quot;https:\\\/\\\/npnp.eu\\\/wp-content\\\/uploads\\\/2025\\\/11\\\/WhatsApp-Image-2025-05-05-at-14.49.11.jpg&quot;},{&quot;id&quot;:1142,&quot;url&quot;:&quot;https:\\\/\\\/npnp.eu\\\/wp-content\\\/uploads\\\/2025\\\/11\\\/20251016_164548-1.jpg&quot;},{&quot;id&quot;:996,&quot;url&quot;:&quot;https:\\\/\\\/npnp.eu\\\/wp-content\\\/uploads\\\/2025\\\/11\\\/20251016_164734.jpg&quot;},{&quot;id&quot;:1143,&quot;url&quot;:&quot;https:\\\/\\\/npnp.eu\\\/wp-content\\\/uploads\\\/2025\\\/11\\\/UTA_5354.jpg&quot;}],&quot;background_slideshow_loop&quot;:&quot;yes&quot;,&quot;background_slideshow_slide_duration&quot;:5000,&quot;background_slideshow_slide_transition&quot;:&quot;fade&quot;,&quot;background_slideshow_transition_duration&quot;:500}\">\n\t\t\t\t<\/div>\n\t\t<div class=\"elementor-element elementor-element-4cbf305 e-con-full e-flex e-con e-child\" data-id=\"4cbf305\" data-element_type=\"container\" data-e-type=\"container\" data-settings=\"{&quot;background_background&quot;:&quot;classic&quot;}\">\n\t\t\t\t<div class=\"elementor-element elementor-element-869de14 elementor-widget elementor-widget-text-editor\" data-id=\"869de14\" data-element_type=\"widget\" data-e-type=\"widget\" data-widget_type=\"text-editor.default\">\n\t\t\t\t\t\t\t\t\t<h1><span style=\"color: #ffffff;\">Situation en Argentine<\/span><\/h1><p>L\u2019Argentine a connu une histoire r\u00e9cente marqu\u00e9e par une dictature (1976-1983), suivie d\u2019une longue p\u00e9riode d\u2019instabilit\u00e9 \u00e9conomique et sociale, culminant avec la grave crise de 2001-2002. Si le pays a depuis retrouv\u00e9 une certaine stabilit\u00e9, les effets de ces crises continuent d\u2019influencer fortement la vie quotidienne, en particulier celle des enfants et des adolescents. <\/p><p>Le pays a ratifi\u00e9 la Convention relative aux droits de l\u2019enfant (CDE) en 1990 et int\u00e9gr\u00e9 ce texte dans sa Constitution d\u00e8s 1994. En 2005, la loi nationale 26.061 a instaur\u00e9 un syst\u00e8me de protection int\u00e9grale des droits de l\u2019enfant et de l\u2019adolescent, reconnaissant leur statut de sujets de droit et d\u00e9finissant les responsabilit\u00e9s partag\u00e9es de la famille, de la soci\u00e9t\u00e9 et de l\u2019\u00c9tat. Toutefois, malgr\u00e9 ce cadre avanc\u00e9, la mise en \u0153uvre reste partielle, et de nombreux enfants voient encore leurs droits fondamentaux insuffisamment respect\u00e9s.  <\/p>\t\t\t\t\t\t\t\t<\/div>\n\t\t\t\t<\/div>\n\t\t\t\t\t<\/div>\n\t\t\t\t<\/div>\n\t\t<div class=\"elementor-element elementor-element-d268c2b e-flex e-con-boxed e-con e-parent\" data-id=\"d268c2b\" data-element_type=\"container\" data-e-type=\"container\">\n\t\t\t\t\t<div class=\"e-con-inner\">\n\t\t<div class=\"elementor-element elementor-element-a882f18 e-con-full e-flex e-con e-child\" data-id=\"a882f18\" data-element_type=\"container\" data-e-type=\"container\">\n\t\t\t\t<div class=\"elementor-element elementor-element-2a61bc4 elementor-widget elementor-widget-text-editor\" data-id=\"2a61bc4\" data-element_type=\"widget\" data-e-type=\"widget\" data-widget_type=\"text-editor.default\">\n\t\t\t\t\t\t\t\t\t<p>Les donn\u00e9es disponibles &#8211; principalement issues de la p\u00e9riode 2019-2021 et qui demeurent aujourd\u2019hui les derni\u00e8res sources officielles publi\u00e9es &#8211; montrent que la situation reste particuli\u00e8rement pr\u00e9occupante dans les zones populaires et marginalis\u00e9es. Dans le district de Moreno, \u00e0 la p\u00e9riph\u00e9rie de Buenos Aires, pr\u00e8s de 55 % des enfants vivaient sous le seuil de pauvret\u00e9 en 2021 (UNICEF). Le secteur de Cuartel V, o\u00f9 se concentrent les actions de notre partenaire Madre Tierra, a connu une forte croissance d\u00e9mographique li\u00e9e \u00e0 l\u2019arriv\u00e9e de familles migrantes du Paraguay, de Bolivie et du P\u00e9rou, venues s\u2019installer dans des quartiers informels tels qu\u2019El Milenio (environ 400 familles) et Los Hornos (environ 140 familles).  <\/p><p>Ces quartiers sont confront\u00e9s \u00e0 des difficult\u00e9s structurelles persistantes :<\/p><ul><li>des logements pr\u00e9caires et surpeupl\u00e9s ;<\/li><li>un acc\u00e8s limit\u00e9 aux services essentiels (eau potable, assainissement, \u00e9lectricit\u00e9) ;<\/li><li>un d\u00e9crochage scolaire important : seuls 50 % des \u00e9l\u00e8ves entrant au secondaire ach\u00e8vent leurs \u00e9tudes, et en 2020, 1 adolescent sur 10 \u00e2g\u00e9 de 13 \u00e0 17 ans avait d\u00e9j\u00e0 quitt\u00e9 l\u2019\u00e9cole ;<\/li><li>une forte exposition \u00e0 la violence : les enqu\u00eates men\u00e9es en 2019-2020 indiquent que pr\u00e8s de 60 % des enfants de moins de 15 ans ont subi des violences au sein de leur foyer.<\/li><\/ul>\t\t\t\t\t\t\t\t<\/div>\n\t\t\t\t<\/div>\n\t\t<div class=\"elementor-element elementor-element-d3488d5 e-con-full e-flex e-con e-child\" data-id=\"d3488d5\" data-element_type=\"container\" data-e-type=\"container\">\n\t\t\t\t<div class=\"elementor-element elementor-element-0226f75 elementor-widget elementor-widget-image\" data-id=\"0226f75\" data-element_type=\"widget\" data-e-type=\"widget\" data-widget_type=\"image.default\">\n\t\t\t\t\t\t\t\t\t\t\t\t\t\t\t<img fetchpriority=\"high\" decoding=\"async\" width=\"524\" height=\"1024\" src=\"https:\/\/npnp.lu\/wp-content\/uploads\/2025\/11\/3842599_414-Konvertiert-524x1024.png\" class=\"attachment-large size-large wp-image-1171\" alt=\"\" srcset=\"https:\/\/npnp.lu\/wp-content\/uploads\/2025\/11\/3842599_414-Konvertiert-524x1024.png 524w, https:\/\/npnp.lu\/wp-content\/uploads\/2025\/11\/3842599_414-Konvertiert-154x300.png 154w, https:\/\/npnp.lu\/wp-content\/uploads\/2025\/11\/3842599_414-Konvertiert-768x1500.png 768w, https:\/\/npnp.lu\/wp-content\/uploads\/2025\/11\/3842599_414-Konvertiert-787x1536.png 787w, https:\/\/npnp.lu\/wp-content\/uploads\/2025\/11\/3842599_414-Konvertiert-1049x2048.png 1049w, https:\/\/npnp.lu\/wp-content\/uploads\/2025\/11\/3842599_414-Konvertiert-scaled.png 1311w\" sizes=\"(max-width: 524px) 100vw, 524px\" \/>\t\t\t\t\t\t\t\t\t\t\t\t\t\t\t<\/div>\n\t\t\t\t<\/div>\n\t\t\t\t\t<\/div>\n\t\t\t\t<\/div>\n\t\t<div class=\"elementor-element elementor-element-097b3c1 e-flex e-con-boxed e-con e-parent\" data-id=\"097b3c1\" data-element_type=\"container\" data-e-type=\"container\" data-settings=\"{&quot;background_background&quot;:&quot;slideshow&quot;,&quot;animation_mobile&quot;:&quot;zoomIn&quot;,&quot;background_slideshow_gallery&quot;:[],&quot;background_slideshow_loop&quot;:&quot;yes&quot;,&quot;background_slideshow_slide_duration&quot;:5000,&quot;background_slideshow_slide_transition&quot;:&quot;fade&quot;,&quot;background_slideshow_transition_duration&quot;:500}\">\n\t\t\t\t\t<div class=\"e-con-inner\">\n\t\t\t\t\t<\/div>\n\t\t\t\t<\/div>\n\t\t<div class=\"elementor-element elementor-element-194ec18 e-flex e-con-boxed e-con e-parent\" data-id=\"194ec18\" data-element_type=\"container\" data-e-type=\"container\">\n\t\t\t\t\t<div class=\"e-con-inner\">\n\t\t<div class=\"elementor-element elementor-element-cf11ef2 e-con-full e-flex e-con e-child\" data-id=\"cf11ef2\" data-element_type=\"container\" data-e-type=\"container\">\n\t\t\t\t<div class=\"elementor-element elementor-element-a951782 elementor-widget elementor-widget-text-editor\" data-id=\"a951782\" data-element_type=\"widget\" data-e-type=\"widget\" data-widget_type=\"text-editor.default\">\n\t\t\t\t\t\t\t\t\t<p>Par ailleurs, d\u2019autres zones du pays pr\u00e9sentent des vuln\u00e9rabilit\u00e9s similaires, notamment \u00e0 Lomas de Zamora (province de Buenos Aires), dans le d\u00e9partement de Monteros (province de Tucum\u00e1n) et dans la ville d\u2019Arist\u00f3bulo del Valle (province de Misiones). Ces territoires font face aux m\u00eames d\u00e9fis : pauvret\u00e9 persistante, services essentiels insuffisants, difficult\u00e9s \u00e9ducatives et fortes in\u00e9galit\u00e9s affectant les enfants et les adolescents. Notre partenaire DyA intervient dans ces r\u00e9gions pour soutenir les communaut\u00e9s locales et contribuer \u00e0 leur d\u00e9veloppement social, \u00e9ducatif et participatif.  <\/p>\t\t\t\t\t\t\t\t<\/div>\n\t\t\t\t<\/div>\n\t\t<div class=\"elementor-element elementor-element-fde1ca5 e-con-full e-flex e-con e-child\" data-id=\"fde1ca5\" data-element_type=\"container\" data-e-type=\"container\">\n\t\t\t\t<div class=\"elementor-element elementor-element-c99c8f5 elementor-widget elementor-widget-text-editor\" data-id=\"c99c8f5\" data-element_type=\"widget\" data-e-type=\"widget\" data-widget_type=\"text-editor.default\">\n\t\t\t\t\t\t\t\t\t<p>La pand\u00e9mie de COVID-19 a aggrav\u00e9 ces vuln\u00e9rabilit\u00e9s au niveau national, amplifiant les in\u00e9galit\u00e9s \u00e9ducatives et familiales. Bien que ces chiffres datent de 2020, ils restent les donn\u00e9es les plus r\u00e9centes officiellement disponibles et refl\u00e8tent des probl\u00e9matiques que les acteurs locaux observent encore aujourd\u2019hui sur le terrain. <\/p><p>Dans ce contexte, la reconnaissance et l\u2019exercice r\u00e9el des droits de l\u2019enfance &#8211; notamment le droit \u00e0 la participation &#8211; restent tr\u00e8s limit\u00e9s et contrastent fortement avec le cadre juridique avanc\u00e9 du pays.<\/p>\t\t\t\t\t\t\t\t<\/div>\n\t\t\t\t<\/div>\n\t\t\t\t\t<\/div>\n\t\t\t\t<\/div>\n\t\t<div class=\"elementor-element elementor-element-85a9f80 e-grid e-con-boxed e-con e-parent\" data-id=\"85a9f80\" data-element_type=\"container\" data-e-type=\"container\">\n\t\t\t\t\t<div class=\"e-con-inner\">\n\t\t\t\t<div class=\"elementor-element elementor-element-8dd7f35 elementor-widget elementor-widget-image\" data-id=\"8dd7f35\" data-element_type=\"widget\" data-e-type=\"widget\" data-widget_type=\"image.default\">\n\t\t\t\t\t\t\t\t\t\t\t\t\t\t\t<img decoding=\"async\" width=\"1024\" height=\"679\" src=\"https:\/\/npnp.lu\/wp-content\/uploads\/2025\/11\/UTA_5301-1024x679.jpg\" class=\"attachment-large size-large wp-image-1000\" alt=\"\" srcset=\"https:\/\/npnp.lu\/wp-content\/uploads\/2025\/11\/UTA_5301-1024x679.jpg 1024w, https:\/\/npnp.lu\/wp-content\/uploads\/2025\/11\/UTA_5301-300x199.jpg 300w, https:\/\/npnp.lu\/wp-content\/uploads\/2025\/11\/UTA_5301-768x509.jpg 768w, https:\/\/npnp.lu\/wp-content\/uploads\/2025\/11\/UTA_5301.jpg 1500w\" sizes=\"(max-width: 1024px) 100vw, 1024px\" \/>\t\t\t\t\t\t\t\t\t\t\t\t\t\t\t<\/div>\n\t\t\t\t<div class=\"elementor-element elementor-element-fb32212 elementor-widget elementor-widget-image\" data-id=\"fb32212\" data-element_type=\"widget\" data-e-type=\"widget\" data-widget_type=\"image.default\">\n\t\t\t\t\t\t\t\t\t\t\t\t\t\t\t<img decoding=\"async\" width=\"1024\" height=\"682\" src=\"https:\/\/npnp.lu\/wp-content\/uploads\/2025\/11\/IMG-20251018-WA0037-1024x682.jpg\" class=\"attachment-large size-large wp-image-995\" alt=\"\" srcset=\"https:\/\/npnp.lu\/wp-content\/uploads\/2025\/11\/IMG-20251018-WA0037-1024x682.jpg 1024w, https:\/\/npnp.lu\/wp-content\/uploads\/2025\/11\/IMG-20251018-WA0037-300x200.jpg 300w, https:\/\/npnp.lu\/wp-content\/uploads\/2025\/11\/IMG-20251018-WA0037-768x512.jpg 768w, https:\/\/npnp.lu\/wp-content\/uploads\/2025\/11\/IMG-20251018-WA0037-1536x1023.jpg 1536w, https:\/\/npnp.lu\/wp-content\/uploads\/2025\/11\/IMG-20251018-WA0037.jpg 1600w\" sizes=\"(max-width: 1024px) 100vw, 1024px\" \/>\t\t\t\t\t\t\t\t\t\t\t\t\t\t\t<\/div>\n\t\t\t\t\t<\/div>\n\t\t\t\t<\/div>\n\t\t\t\t<\/div>\n\t\t","protected":false},"excerpt":{"rendered":"<p>Argentine Situation en Argentine L\u2019Argentine a connu une histoire r\u00e9cente marqu\u00e9e par une dictature (1976-1983), suivie d\u2019une longue p\u00e9riode d\u2019instabilit\u00e9 [&hellip;]<\/p>\n","protected":false},"author":2,"featured_media":0,"parent":0,"menu_order":0,"comment_status":"closed","ping_status":"closed","template":"elementor_header_footer","meta":{"site-sidebar-layout":"default","site-content-layout":"","ast-site-content-layout":"full-width-container","site-content-style":"default","site-sidebar-style":"default","ast-global-header-display":"","ast-banner-title-visibility":"","ast-main-header-display":"","ast-hfb-above-header-display":"","ast-hfb-below-header-display":"","ast-hfb-mobile-header-display":"","site-post-title":"","ast-breadcrumbs-content":"","ast-featured-img":"","footer-sml-layout":"","ast-disable-related-posts":"","theme-transparent-header-meta":"","adv-header-id-meta":"","stick-header-meta":"","header-above-stick-meta":"","header-main-stick-meta":"","header-below-stick-meta":"","astra-migrate-meta-layouts":"default","ast-page-background-enabled":"default","ast-page-background-meta":{"desktop":{"background-color":"var(--ast-global-color-5)","background-image":"","background-repeat":"repeat","background-position":"center center","background-size":"auto","background-attachment":"scroll","background-type":"","background-media":"","overlay-type":"","overlay-color":"","overlay-opacity":"","overlay-gradient":""},"tablet":{"background-color":"","background-image":"","background-repeat":"repeat","background-position":"center center","background-size":"auto","background-attachment":"scroll","background-type":"","background-media":"","overlay-type":"","overlay-color":"","overlay-opacity":"","overlay-gradient":""},"mobile":{"background-color":"","background-image":"","background-repeat":"repeat","background-position":"center center","background-size":"auto","background-attachment":"scroll","background-type":"","background-media":"","overlay-type":"","overlay-color":"","overlay-opacity":"","overlay-gradient":""}},"ast-content-background-meta":{"desktop":{"background-color":"var(--ast-global-color-4)","background-image":"","background-repeat":"repeat","background-position":"center center","background-size":"auto","background-attachment":"scroll","background-type":"","background-media":"","overlay-type":"","overlay-color":"","overlay-opacity":"","overlay-gradient":""},"tablet":{"background-color":"var(--ast-global-color-4)","background-image":"","background-repeat":"repeat","background-position":"center center","background-size":"auto","background-attachment":"scroll","background-type":"","background-media":"","overlay-type":"","overlay-color":"","overlay-opacity":"","overlay-gradient":""},"mobile":{"background-color":"var(--ast-global-color-4)","background-image":"","background-repeat":"repeat","background-position":"center center","background-size":"auto","background-attachment":"scroll","background-type":"","background-media":"","overlay-type":"","overlay-color":"","overlay-opacity":"","overlay-gradient":""}},"footnotes":""},"class_list":["post-1184","page","type-page","status-publish","hentry"],"_links":{"self":[{"href":"https:\/\/npnp.lu\/fr\/wp-json\/wp\/v2\/pages\/1184","targetHints":{"allow":["GET"]}}],"collection":[{"href":"https:\/\/npnp.lu\/fr\/wp-json\/wp\/v2\/pages"}],"about":[{"href":"https:\/\/npnp.lu\/fr\/wp-json\/wp\/v2\/types\/page"}],"author":[{"embeddable":true,"href":"https:\/\/npnp.lu\/fr\/wp-json\/wp\/v2\/users\/2"}],"replies":[{"embeddable":true,"href":"https:\/\/npnp.lu\/fr\/wp-json\/wp\/v2\/comments?post=1184"}],"version-history":[{"count":3,"href":"https:\/\/npnp.lu\/fr\/wp-json\/wp\/v2\/pages\/1184\/revisions"}],"predecessor-version":[{"id":1623,"href":"https:\/\/npnp.lu\/fr\/wp-json\/wp\/v2\/pages\/1184\/revisions\/1623"}],"wp:attachment":[{"href":"https:\/\/npnp.lu\/fr\/wp-json\/wp\/v2\/media?parent=1184"}],"curies":[{"name":"wp","href":"https:\/\/api.w.org\/{rel}","templated":true}]}}