{"id":1170,"date":"2025-10-10T15:28:20","date_gmt":"2025-10-10T13:28:20","guid":{"rendered":"https:\/\/npnp.eu\/situation-au-paraguay\/"},"modified":"2026-03-05T14:49:03","modified_gmt":"2026-03-05T13:49:03","slug":"situation-au-paraguay","status":"publish","type":"page","link":"https:\/\/npnp.lu\/fr\/situation-au-paraguay\/","title":{"rendered":"Situation au Paraguay"},"content":{"rendered":"\t\t<div data-elementor-type=\"wp-page\" data-elementor-id=\"1170\" class=\"elementor elementor-1170 elementor-374\">\n\t\t\t\t<div class=\"elementor-element elementor-element-3200862 e-flex e-con-boxed e-con e-parent\" data-id=\"3200862\" data-element_type=\"container\" data-e-type=\"container\" data-settings=\"{&quot;background_background&quot;:&quot;slideshow&quot;,&quot;background_slideshow_gallery&quot;:[{&quot;id&quot;:1060,&quot;url&quot;:&quot;https:\\\/\\\/npnp.eu\\\/wp-content\\\/uploads\\\/2025\\\/10\\\/HEADER_UTA_8883.jpg&quot;},{&quot;id&quot;:1149,&quot;url&quot;:&quot;https:\\\/\\\/npnp.eu\\\/wp-content\\\/uploads\\\/2025\\\/11\\\/20230222_151131.jpg&quot;},{&quot;id&quot;:1150,&quot;url&quot;:&quot;https:\\\/\\\/npnp.eu\\\/wp-content\\\/uploads\\\/2025\\\/11\\\/UTA_5773.jpg&quot;},{&quot;id&quot;:1151,&quot;url&quot;:&quot;https:\\\/\\\/npnp.eu\\\/wp-content\\\/uploads\\\/2025\\\/11\\\/UTA_9383-1.jpg&quot;}],&quot;background_slideshow_loop&quot;:&quot;yes&quot;,&quot;background_slideshow_slide_duration&quot;:5000,&quot;background_slideshow_slide_transition&quot;:&quot;fade&quot;,&quot;background_slideshow_transition_duration&quot;:500}\">\n\t\t\t\t\t<div class=\"e-con-inner\">\n\t\t\t\t<div class=\"elementor-element elementor-element-e559c61 elementor-widget elementor-widget-qi_addons_for_elementor_highlight\" data-id=\"e559c61\" data-element_type=\"widget\" data-e-type=\"widget\" data-widget_type=\"qi_addons_for_elementor_highlight.default\">\n\t\t\t\t<div class=\"elementor-widget-container\">\n\t\t\t\t\t<p class=\"qodef-shortcode qodef-m qodef-qi-highlight qodef-qi--has-appear qodef-highlight-style--color\" >\n\t<span class=\"qodef-highlight-text\" style=\"background-image: linear-gradient(to bottom, transparent 0%, #F65223 0%, #F65223 100%, transparent 100%)\">Paraguay<\/p>\n\t\t\t\t<\/div>\n\t\t\t\t<\/div>\n\t\t\t\t\t<\/div>\n\t\t\t\t<\/div>\n\t\t<div class=\"elementor-element elementor-element-a7e87b6 e-flex e-con-boxed e-con e-parent\" data-id=\"a7e87b6\" data-element_type=\"container\" data-e-type=\"container\" data-settings=\"{&quot;background_background&quot;:&quot;classic&quot;}\">\n\t\t\t\t\t<div class=\"e-con-inner\">\n\t\t<div class=\"elementor-element elementor-element-c0e3032 e-con-full e-flex e-con e-child\" data-id=\"c0e3032\" data-element_type=\"container\" data-e-type=\"container\" data-settings=\"{&quot;background_background&quot;:&quot;slideshow&quot;,&quot;background_slideshow_gallery&quot;:[{&quot;id&quot;:1152,&quot;url&quot;:&quot;https:\\\/\\\/npnp.eu\\\/wp-content\\\/uploads\\\/2025\\\/11\\\/UTA_6246.jpg&quot;},{&quot;id&quot;:1153,&quot;url&quot;:&quot;https:\\\/\\\/npnp.eu\\\/wp-content\\\/uploads\\\/2025\\\/11\\\/UTA_5775.jpg&quot;},{&quot;id&quot;:1154,&quot;url&quot;:&quot;https:\\\/\\\/npnp.eu\\\/wp-content\\\/uploads\\\/2025\\\/11\\\/UTA_5825.jpg&quot;},{&quot;id&quot;:1155,&quot;url&quot;:&quot;https:\\\/\\\/npnp.eu\\\/wp-content\\\/uploads\\\/2025\\\/11\\\/UTA_5860.jpg&quot;},{&quot;id&quot;:1156,&quot;url&quot;:&quot;https:\\\/\\\/npnp.eu\\\/wp-content\\\/uploads\\\/2025\\\/11\\\/UTA_6054.jpg&quot;},{&quot;id&quot;:1157,&quot;url&quot;:&quot;https:\\\/\\\/npnp.eu\\\/wp-content\\\/uploads\\\/2025\\\/11\\\/UTA_5828.jpg&quot;},{&quot;id&quot;:1158,&quot;url&quot;:&quot;https:\\\/\\\/npnp.eu\\\/wp-content\\\/uploads\\\/2025\\\/11\\\/UTA_5859.jpg&quot;},{&quot;id&quot;:1159,&quot;url&quot;:&quot;https:\\\/\\\/npnp.eu\\\/wp-content\\\/uploads\\\/2025\\\/11\\\/UTA_5957.jpg&quot;},{&quot;id&quot;:1160,&quot;url&quot;:&quot;https:\\\/\\\/npnp.eu\\\/wp-content\\\/uploads\\\/2025\\\/11\\\/UTA_6029.jpg&quot;},{&quot;id&quot;:1161,&quot;url&quot;:&quot;https:\\\/\\\/npnp.eu\\\/wp-content\\\/uploads\\\/2025\\\/11\\\/UTA_6244.jpg&quot;},{&quot;id&quot;:1162,&quot;url&quot;:&quot;https:\\\/\\\/npnp.eu\\\/wp-content\\\/uploads\\\/2025\\\/10\\\/UTA_8941.jpg&quot;},{&quot;id&quot;:1163,&quot;url&quot;:&quot;https:\\\/\\\/npnp.eu\\\/wp-content\\\/uploads\\\/2025\\\/11\\\/UTA_6234.jpg&quot;}],&quot;background_slideshow_loop&quot;:&quot;yes&quot;,&quot;background_slideshow_slide_duration&quot;:5000,&quot;background_slideshow_slide_transition&quot;:&quot;fade&quot;,&quot;background_slideshow_transition_duration&quot;:500}\">\n\t\t\t\t<\/div>\n\t\t<div class=\"elementor-element elementor-element-4cbf305 e-con-full e-flex e-con e-child\" data-id=\"4cbf305\" data-element_type=\"container\" data-e-type=\"container\" data-settings=\"{&quot;background_background&quot;:&quot;classic&quot;}\">\n\t\t\t\t<div class=\"elementor-element elementor-element-869de14 elementor-widget elementor-widget-text-editor\" data-id=\"869de14\" data-element_type=\"widget\" data-e-type=\"widget\" data-widget_type=\"text-editor.default\">\n\t\t\t\t\t\t\t\t\t<h1><span style=\"color: #ffffff;\">Situation au Paraguay<\/span><\/h1><p>Dans les rues poussi\u00e9reuses de Luque ou les villages recul\u00e9s de l&rsquo;Alto Paran\u00e1, des milliers d&rsquo;enfants comme Ana, 9 ans, ou Diego, 12 ans, grandissent dans un Paraguay marqu\u00e9 par de grandes in\u00e9galit\u00e9s. Dans ce pays d&rsquo;Am\u00e9rique latine, pr\u00e8s d&rsquo;un tiers de la population vit en dessous du seuil de pauvret\u00e9. \u00c0 la campagne, la r\u00e9alit\u00e9 est encore plus dure : peu d&rsquo;opportunit\u00e9s, peu de services, peu d&rsquo;espoir.  <\/p><p>Ana vit l\u00e0-bas avec sa grand-m\u00e8re dans une petite maison en bois sans alimentation \u00e9lectrique stable. Comme beaucoup d&rsquo;enfants de son quartier, elle n&rsquo;a pas assez \u00e0 manger tous les jours. Comme elle, des milliers d&rsquo;enfants sont priv\u00e9s d&rsquo;une bonne \u00e9ducation et prisonniers d&rsquo;un syst\u00e8me scolaire qui les oublie.  <\/p>\t\t\t\t\t\t\t\t<\/div>\n\t\t\t\t<\/div>\n\t\t\t\t\t<\/div>\n\t\t\t\t<\/div>\n\t\t<div class=\"elementor-element elementor-element-d268c2b e-flex e-con-boxed e-con e-parent\" data-id=\"d268c2b\" data-element_type=\"container\" data-e-type=\"container\">\n\t\t\t\t\t<div class=\"e-con-inner\">\n\t\t<div class=\"elementor-element elementor-element-a882f18 e-con-full e-flex e-con e-child\" data-id=\"a882f18\" data-element_type=\"container\" data-e-type=\"container\">\n\t\t\t\t<div class=\"elementor-element elementor-element-2a61bc4 elementor-widget elementor-widget-text-editor\" data-id=\"2a61bc4\" data-element_type=\"widget\" data-e-type=\"widget\" data-widget_type=\"text-editor.default\">\n\t\t\t\t\t\t\t\t\t<p>Alors que 3 % des Paraguayens poss\u00e8dent 80 % des terres agricoles, Diego vend des bonbons au bord de la route pour aider sa m\u00e8re \u00e0 nourrir ses fr\u00e8res et s\u0153urs. Il a quitt\u00e9 l&rsquo;\u00e9cole l&rsquo;ann\u00e9e derni\u00e8re. Trop de devoirs, trop peu de soutien, trop de fatigue. Il n&rsquo;a que 12 ans, mais il sait d\u00e9j\u00e0 ce que signifie l&rsquo;\u00e9puisement.   <\/p><p>Le syst\u00e8me \u00e9ducatif paraguayen laisse de nombreux enfants sur le carreau. Seuls 63 % des adolescents terminent leurs \u00e9tudes secondaires. Et dans certaines r\u00e9gions, comme Alto Paran\u00e1, \u00e0 peine un enfant sur vingt est inscrit \u00e0 la maternelle. Les enfants issus de communaut\u00e9s autochtones ou de quartiers marginalis\u00e9s sont les plus touch\u00e9s : ils sont invisibles dans les statistiques, mais bien r\u00e9els dans les rues, sur les march\u00e9s ou les chantiers.   <\/p>\t\t\t\t\t\t\t\t<\/div>\n\t\t\t\t<\/div>\n\t\t<div class=\"elementor-element elementor-element-d3488d5 e-con-full e-flex e-con e-child\" data-id=\"d3488d5\" data-element_type=\"container\" data-e-type=\"container\">\n\t\t\t\t<div class=\"elementor-element elementor-element-0226f75 elementor-widget elementor-widget-image\" data-id=\"0226f75\" data-element_type=\"widget\" data-e-type=\"widget\" data-widget_type=\"image.default\">\n\t\t\t\t\t\t\t\t\t\t\t\t\t\t\t<img fetchpriority=\"high\" decoding=\"async\" width=\"990\" height=\"1024\" src=\"https:\/\/npnp.lu\/wp-content\/uploads\/2025\/11\/4262075_430-Konvertiert-990x1024.png\" class=\"attachment-large size-large wp-image-1164\" alt=\"\" srcset=\"https:\/\/npnp.lu\/wp-content\/uploads\/2025\/11\/4262075_430-Konvertiert-990x1024.png 990w, https:\/\/npnp.lu\/wp-content\/uploads\/2025\/11\/4262075_430-Konvertiert-290x300.png 290w, https:\/\/npnp.lu\/wp-content\/uploads\/2025\/11\/4262075_430-Konvertiert-768x794.png 768w, https:\/\/npnp.lu\/wp-content\/uploads\/2025\/11\/4262075_430-Konvertiert-1486x1536.png 1486w, https:\/\/npnp.lu\/wp-content\/uploads\/2025\/11\/4262075_430-Konvertiert-1981x2048.png 1981w\" sizes=\"(max-width: 990px) 100vw, 990px\" \/>\t\t\t\t\t\t\t\t\t\t\t\t\t\t\t<\/div>\n\t\t\t\t<\/div>\n\t\t\t\t\t<\/div>\n\t\t\t\t<\/div>\n\t\t<div class=\"elementor-element elementor-element-097b3c1 e-flex e-con-boxed e-con e-parent\" data-id=\"097b3c1\" data-element_type=\"container\" data-e-type=\"container\" data-settings=\"{&quot;background_background&quot;:&quot;slideshow&quot;,&quot;animation_mobile&quot;:&quot;zoomIn&quot;,&quot;background_slideshow_gallery&quot;:[],&quot;background_slideshow_loop&quot;:&quot;yes&quot;,&quot;background_slideshow_slide_duration&quot;:5000,&quot;background_slideshow_slide_transition&quot;:&quot;fade&quot;,&quot;background_slideshow_transition_duration&quot;:500}\">\n\t\t\t\t\t<div class=\"e-con-inner\">\n\t\t\t\t\t<\/div>\n\t\t\t\t<\/div>\n\t\t<div class=\"elementor-element elementor-element-58832da e-flex e-con-boxed e-con e-parent\" data-id=\"58832da\" data-element_type=\"container\" data-e-type=\"container\" data-settings=\"{&quot;background_background&quot;:&quot;classic&quot;}\">\n\t\t\t\t\t<div class=\"e-con-inner\">\n\t\t<div class=\"elementor-element elementor-element-0925bf7 e-con-full e-flex e-con e-child\" data-id=\"0925bf7\" data-element_type=\"container\" data-e-type=\"container\">\n\t\t\t\t<div class=\"elementor-element elementor-element-a8ab969 elementor-widget elementor-widget-image\" data-id=\"a8ab969\" data-element_type=\"widget\" data-e-type=\"widget\" data-widget_type=\"image.default\">\n\t\t\t\t\t\t\t\t\t\t\t\t\t\t\t<img decoding=\"async\" width=\"1024\" height=\"1024\" src=\"https:\/\/npnp.lu\/wp-content\/uploads\/2025\/10\/UTA_8941-1024x1024.jpg\" class=\"attachment-large size-large wp-image-1162\" alt=\"\" srcset=\"https:\/\/npnp.lu\/wp-content\/uploads\/2025\/10\/UTA_8941-1024x1024.jpg 1024w, https:\/\/npnp.lu\/wp-content\/uploads\/2025\/10\/UTA_8941-300x300.jpg 300w, https:\/\/npnp.lu\/wp-content\/uploads\/2025\/10\/UTA_8941-150x150.jpg 150w, https:\/\/npnp.lu\/wp-content\/uploads\/2025\/10\/UTA_8941-768x768.jpg 768w, https:\/\/npnp.lu\/wp-content\/uploads\/2025\/10\/UTA_8941.jpg 1500w\" sizes=\"(max-width: 1024px) 100vw, 1024px\" \/>\t\t\t\t\t\t\t\t\t\t\t\t\t\t\t<\/div>\n\t\t\t\t<\/div>\n\t\t<div class=\"elementor-element elementor-element-33f698c e-con-full e-flex e-con e-child\" data-id=\"33f698c\" data-element_type=\"container\" data-e-type=\"container\">\n\t\t\t\t<div class=\"elementor-element elementor-element-872150e elementor-widget elementor-widget-image\" data-id=\"872150e\" data-element_type=\"widget\" data-e-type=\"widget\" data-widget_type=\"image.default\">\n\t\t\t\t\t\t\t\t\t\t\t\t\t\t\t<img decoding=\"async\" width=\"1024\" height=\"679\" src=\"https:\/\/npnp.lu\/wp-content\/uploads\/2025\/10\/UTA_8916-1024x679.jpg\" class=\"attachment-large size-large wp-image-1166\" alt=\"\" srcset=\"https:\/\/npnp.lu\/wp-content\/uploads\/2025\/10\/UTA_8916-1024x679.jpg 1024w, https:\/\/npnp.lu\/wp-content\/uploads\/2025\/10\/UTA_8916-300x199.jpg 300w, https:\/\/npnp.lu\/wp-content\/uploads\/2025\/10\/UTA_8916-768x509.jpg 768w, https:\/\/npnp.lu\/wp-content\/uploads\/2025\/10\/UTA_8916.jpg 1500w\" sizes=\"(max-width: 1024px) 100vw, 1024px\" \/>\t\t\t\t\t\t\t\t\t\t\t\t\t\t\t<\/div>\n\t\t\t\t<\/div>\n\t\t<div class=\"elementor-element elementor-element-9ff5394 e-con-full e-flex e-con e-child\" data-id=\"9ff5394\" data-element_type=\"container\" data-e-type=\"container\">\n\t\t\t\t<div class=\"elementor-element elementor-element-9e7c3b0 elementor-widget elementor-widget-image\" data-id=\"9e7c3b0\" data-element_type=\"widget\" data-e-type=\"widget\" data-widget_type=\"image.default\">\n\t\t\t\t\t\t\t\t\t\t\t\t\t\t\t<img loading=\"lazy\" decoding=\"async\" width=\"1024\" height=\"1024\" src=\"https:\/\/npnp.lu\/wp-content\/uploads\/2025\/10\/UTA_8909-1024x1024.jpg\" class=\"attachment-large size-large wp-image-1091\" alt=\"\" srcset=\"https:\/\/npnp.lu\/wp-content\/uploads\/2025\/10\/UTA_8909-1024x1024.jpg 1024w, https:\/\/npnp.lu\/wp-content\/uploads\/2025\/10\/UTA_8909-300x300.jpg 300w, https:\/\/npnp.lu\/wp-content\/uploads\/2025\/10\/UTA_8909-150x150.jpg 150w, https:\/\/npnp.lu\/wp-content\/uploads\/2025\/10\/UTA_8909-768x768.jpg 768w, https:\/\/npnp.lu\/wp-content\/uploads\/2025\/10\/UTA_8909.jpg 1500w\" sizes=\"(max-width: 1024px) 100vw, 1024px\" \/>\t\t\t\t\t\t\t\t\t\t\t\t\t\t\t<\/div>\n\t\t\t\t<\/div>\n\t\t\t\t\t<\/div>\n\t\t\t\t<\/div>\n\t\t<div class=\"elementor-element elementor-element-194ec18 e-flex e-con-boxed e-con e-parent\" data-id=\"194ec18\" data-element_type=\"container\" data-e-type=\"container\">\n\t\t\t\t\t<div class=\"e-con-inner\">\n\t\t<div class=\"elementor-element elementor-element-cf11ef2 e-con-full e-flex e-con e-child\" data-id=\"cf11ef2\" data-element_type=\"container\" data-e-type=\"container\">\n\t\t\t\t<div class=\"elementor-element elementor-element-a951782 elementor-widget elementor-widget-text-editor\" data-id=\"a951782\" data-element_type=\"widget\" data-e-type=\"widget\" data-widget_type=\"text-editor.default\">\n\t\t\t\t\t\t\t\t\t<p>Et lorsque la violence domestique s&rsquo;ajoute \u00e0 la pauvret\u00e9, lorsque les coups remplacent les mots, il ne reste plus beaucoup de place pour l&rsquo;enfance. Les blessures sont profondes. Souvent invisibles. Et il n&rsquo;y a presque aucun endroit o\u00f9 elles peuvent \u00eatre gu\u00e9ries : les structures d&rsquo;aide psychologique sont rares, et les enfants comme Ana ou Diego apprennent \u00e0 taire ce qui leur fait mal.   <\/p><p> <\/p><p><strong>Avant 2023 : une enfance dans l&rsquo;ombre de l&rsquo;invisibilit\u00e9<\/strong><\/p><p>Avant 2023, la situation des enfants dans les quartiers d\u00e9favoris\u00e9s du Paraguay \u00e9tait encore plus alarmante. L&rsquo;acc\u00e8s \u00e0 l&rsquo;\u00e9ducation \u00e9tait non seulement limit\u00e9, mais souvent insuffisant : surcharg\u00e9s, mal form\u00e9s ou absents, les enseignants des \u00e9coles publiques ne pouvaient offrir qu&rsquo;un accompagnement minimal. <\/p>\t\t\t\t\t\t\t\t<\/div>\n\t\t\t\t<\/div>\n\t\t<div class=\"elementor-element elementor-element-fde1ca5 e-con-full e-flex e-con e-child\" data-id=\"fde1ca5\" data-element_type=\"container\" data-e-type=\"container\">\n\t\t\t\t<div class=\"elementor-element elementor-element-c99c8f5 elementor-widget elementor-widget-text-editor\" data-id=\"c99c8f5\" data-element_type=\"widget\" data-e-type=\"widget\" data-widget_type=\"text-editor.default\">\n\t\t\t\t\t\t\t\t\t<p>Dans certaines communaut\u00e9s rurales, il n&rsquo;\u00e9tait pas rare que les enfants quittent l&rsquo;\u00e9cole d\u00e8s l&rsquo;\u00e2ge de 10 ou 11 ans pour aller travailler. Le concept des \u00ab droits de l&rsquo;enfant \u00bb leur \u00e9tait totalement inconnu. Ils grandissaient en silence, sans rep\u00e8res, sans voix, parfois m\u00eame sans identit\u00e9 l\u00e9gale.  <\/p><p>\u00c0 l&rsquo;\u00e9poque, Valentina, \u00e2g\u00e9e de 7 ans, ne savait pas \u00e9crire son pr\u00e9nom. Elle n&rsquo;avait jamais eu de cahier d&rsquo;\u00e9cole. Son p\u00e8re l&#8217;emmenait avec lui pour vendre du bois au bord de la route, et elle trouvait \u00ab normal \u00bb de ne pas aller \u00e0 l&rsquo;\u00e9cole. Aujourd&rsquo;hui, elle fait ses devoirs tous les soirs avec ses amis au centre communautaire de son quartier. Ce changement est le r\u00e9sultat de notre projet.    <\/p>\t\t\t\t\t\t\t\t<\/div>\n\t\t\t\t<\/div>\n\t\t\t\t\t<\/div>\n\t\t\t\t<\/div>\n\t\t<div class=\"elementor-element elementor-element-b619770 e-flex e-con-boxed e-con e-parent\" data-id=\"b619770\" data-element_type=\"container\" data-e-type=\"container\">\n\t\t\t\t\t<div class=\"e-con-inner\">\n\t\t<div class=\"elementor-element elementor-element-fa34eb4 e-con-full e-flex e-con e-child\" data-id=\"fa34eb4\" data-element_type=\"container\" data-e-type=\"container\">\n\t\t\t\t<div class=\"elementor-element elementor-element-8823257 elementor-widget elementor-widget-image\" data-id=\"8823257\" data-element_type=\"widget\" data-e-type=\"widget\" data-widget_type=\"image.default\">\n\t\t\t\t\t\t\t\t\t\t\t\t\t\t\t<img loading=\"lazy\" decoding=\"async\" width=\"1024\" height=\"679\" src=\"https:\/\/npnp.lu\/wp-content\/uploads\/2025\/11\/UTA_5907-1024x679.jpg\" class=\"attachment-large size-large wp-image-1167\" alt=\"\" srcset=\"https:\/\/npnp.lu\/wp-content\/uploads\/2025\/11\/UTA_5907-1024x679.jpg 1024w, https:\/\/npnp.lu\/wp-content\/uploads\/2025\/11\/UTA_5907-300x199.jpg 300w, https:\/\/npnp.lu\/wp-content\/uploads\/2025\/11\/UTA_5907-768x509.jpg 768w, https:\/\/npnp.lu\/wp-content\/uploads\/2025\/11\/UTA_5907.jpg 1500w\" sizes=\"(max-width: 1024px) 100vw, 1024px\" \/>\t\t\t\t\t\t\t\t\t\t\t\t\t\t\t<\/div>\n\t\t\t\t<\/div>\n\t\t<div class=\"elementor-element elementor-element-166bf6b e-con-full e-flex e-con e-child\" data-id=\"166bf6b\" data-element_type=\"container\" data-e-type=\"container\">\n\t\t\t\t<div class=\"elementor-element elementor-element-e59ab1f elementor-widget elementor-widget-image\" data-id=\"e59ab1f\" data-element_type=\"widget\" data-e-type=\"widget\" data-widget_type=\"image.default\">\n\t\t\t\t\t\t\t\t\t\t\t\t\t\t\t<img loading=\"lazy\" decoding=\"async\" width=\"1024\" height=\"679\" src=\"https:\/\/npnp.lu\/wp-content\/uploads\/2025\/11\/UTA_6192-1024x679.jpg\" class=\"attachment-large size-large wp-image-1168\" alt=\"\" srcset=\"https:\/\/npnp.lu\/wp-content\/uploads\/2025\/11\/UTA_6192-1024x679.jpg 1024w, https:\/\/npnp.lu\/wp-content\/uploads\/2025\/11\/UTA_6192-300x199.jpg 300w, https:\/\/npnp.lu\/wp-content\/uploads\/2025\/11\/UTA_6192-768x509.jpg 768w, https:\/\/npnp.lu\/wp-content\/uploads\/2025\/11\/UTA_6192.jpg 1500w\" sizes=\"(max-width: 1024px) 100vw, 1024px\" \/>\t\t\t\t\t\t\t\t\t\t\t\t\t\t\t<\/div>\n\t\t\t\t<\/div>\n\t\t<div class=\"elementor-element elementor-element-28a8f58 e-con-full e-flex e-con e-child\" data-id=\"28a8f58\" data-element_type=\"container\" data-e-type=\"container\">\n\t\t\t\t<div class=\"elementor-element elementor-element-6adbcfa elementor-widget elementor-widget-image\" data-id=\"6adbcfa\" data-element_type=\"widget\" data-e-type=\"widget\" data-widget_type=\"image.default\">\n\t\t\t\t\t\t\t\t\t\t\t\t\t\t\t<img loading=\"lazy\" decoding=\"async\" width=\"1024\" height=\"678\" src=\"https:\/\/npnp.lu\/wp-content\/uploads\/2025\/11\/UTA_6190-1024x678.jpg\" class=\"attachment-large size-large wp-image-1169\" alt=\"\" srcset=\"https:\/\/npnp.lu\/wp-content\/uploads\/2025\/11\/UTA_6190-1024x678.jpg 1024w, https:\/\/npnp.lu\/wp-content\/uploads\/2025\/11\/UTA_6190-300x199.jpg 300w, https:\/\/npnp.lu\/wp-content\/uploads\/2025\/11\/UTA_6190-768x508.jpg 768w, https:\/\/npnp.lu\/wp-content\/uploads\/2025\/11\/UTA_6190.jpg 1500w\" sizes=\"(max-width: 1024px) 100vw, 1024px\" \/>\t\t\t\t\t\t\t\t\t\t\t\t\t\t\t<\/div>\n\t\t\t\t<\/div>\n\t\t<div class=\"elementor-element elementor-element-d193c5d e-con-full e-flex e-con e-child\" data-id=\"d193c5d\" data-element_type=\"container\" data-e-type=\"container\">\n\t\t\t\t<div class=\"elementor-element elementor-element-28e131d elementor-widget elementor-widget-image\" data-id=\"28e131d\" data-element_type=\"widget\" data-e-type=\"widget\" data-widget_type=\"image.default\">\n\t\t\t\t\t\t\t\t\t\t\t\t\t\t\t<img loading=\"lazy\" decoding=\"async\" width=\"1024\" height=\"678\" src=\"https:\/\/npnp.lu\/wp-content\/uploads\/2025\/11\/UTA_5825-1024x678.jpg\" class=\"attachment-large size-large wp-image-1154\" alt=\"\" srcset=\"https:\/\/npnp.lu\/wp-content\/uploads\/2025\/11\/UTA_5825-1024x678.jpg 1024w, https:\/\/npnp.lu\/wp-content\/uploads\/2025\/11\/UTA_5825-300x199.jpg 300w, https:\/\/npnp.lu\/wp-content\/uploads\/2025\/11\/UTA_5825-768x508.jpg 768w, https:\/\/npnp.lu\/wp-content\/uploads\/2025\/11\/UTA_5825.jpg 1500w\" sizes=\"(max-width: 1024px) 100vw, 1024px\" \/>\t\t\t\t\t\t\t\t\t\t\t\t\t\t\t<\/div>\n\t\t\t\t<\/div>\n\t\t\t\t\t<\/div>\n\t\t\t\t<\/div>\n\t\t\t\t<\/div>\n\t\t","protected":false},"excerpt":{"rendered":"<p>Paraguay Situation au Paraguay Dans les rues poussi\u00e9reuses de Luque ou les villages recul\u00e9s de l&rsquo;Alto Paran\u00e1, des milliers d&rsquo;enfants [&hellip;]<\/p>\n","protected":false},"author":2,"featured_media":0,"parent":0,"menu_order":0,"comment_status":"closed","ping_status":"closed","template":"elementor_header_footer","meta":{"site-sidebar-layout":"default","site-content-layout":"","ast-site-content-layout":"full-width-container","site-content-style":"default","site-sidebar-style":"default","ast-global-header-display":"","ast-banner-title-visibility":"","ast-main-header-display":"","ast-hfb-above-header-display":"","ast-hfb-below-header-display":"","ast-hfb-mobile-header-display":"","site-post-title":"","ast-breadcrumbs-content":"","ast-featured-img":"","footer-sml-layout":"","ast-disable-related-posts":"","theme-transparent-header-meta":"","adv-header-id-meta":"","stick-header-meta":"","header-above-stick-meta":"","header-main-stick-meta":"","header-below-stick-meta":"","astra-migrate-meta-layouts":"default","ast-page-background-enabled":"default","ast-page-background-meta":{"desktop":{"background-color":"var(--ast-global-color-5)","background-image":"","background-repeat":"repeat","background-position":"center center","background-size":"auto","background-attachment":"scroll","background-type":"","background-media":"","overlay-type":"","overlay-color":"","overlay-opacity":"","overlay-gradient":""},"tablet":{"background-color":"","background-image":"","background-repeat":"repeat","background-position":"center center","background-size":"auto","background-attachment":"scroll","background-type":"","background-media":"","overlay-type":"","overlay-color":"","overlay-opacity":"","overlay-gradient":""},"mobile":{"background-color":"","background-image":"","background-repeat":"repeat","background-position":"center center","background-size":"auto","background-attachment":"scroll","background-type":"","background-media":"","overlay-type":"","overlay-color":"","overlay-opacity":"","overlay-gradient":""}},"ast-content-background-meta":{"desktop":{"background-color":"var(--ast-global-color-4)","background-image":"","background-repeat":"repeat","background-position":"center center","background-size":"auto","background-attachment":"scroll","background-type":"","background-media":"","overlay-type":"","overlay-color":"","overlay-opacity":"","overlay-gradient":""},"tablet":{"background-color":"var(--ast-global-color-4)","background-image":"","background-repeat":"repeat","background-position":"center center","background-size":"auto","background-attachment":"scroll","background-type":"","background-media":"","overlay-type":"","overlay-color":"","overlay-opacity":"","overlay-gradient":""},"mobile":{"background-color":"var(--ast-global-color-4)","background-image":"","background-repeat":"repeat","background-position":"center center","background-size":"auto","background-attachment":"scroll","background-type":"","background-media":"","overlay-type":"","overlay-color":"","overlay-opacity":"","overlay-gradient":""}},"footnotes":""},"class_list":["post-1170","page","type-page","status-publish","hentry"],"_links":{"self":[{"href":"https:\/\/npnp.lu\/fr\/wp-json\/wp\/v2\/pages\/1170","targetHints":{"allow":["GET"]}}],"collection":[{"href":"https:\/\/npnp.lu\/fr\/wp-json\/wp\/v2\/pages"}],"about":[{"href":"https:\/\/npnp.lu\/fr\/wp-json\/wp\/v2\/types\/page"}],"author":[{"embeddable":true,"href":"https:\/\/npnp.lu\/fr\/wp-json\/wp\/v2\/users\/2"}],"replies":[{"embeddable":true,"href":"https:\/\/npnp.lu\/fr\/wp-json\/wp\/v2\/comments?post=1170"}],"version-history":[{"count":3,"href":"https:\/\/npnp.lu\/fr\/wp-json\/wp\/v2\/pages\/1170\/revisions"}],"predecessor-version":[{"id":1691,"href":"https:\/\/npnp.lu\/fr\/wp-json\/wp\/v2\/pages\/1170\/revisions\/1691"}],"wp:attachment":[{"href":"https:\/\/npnp.lu\/fr\/wp-json\/wp\/v2\/media?parent=1170"}],"curies":[{"name":"wp","href":"https:\/\/api.w.org\/{rel}","templated":true}]}}