{"id":1147,"date":"2026-01-21T16:41:56","date_gmt":"2026-01-21T15:41:56","guid":{"rendered":"https:\/\/npnp.eu\/situation-au-bresil\/"},"modified":"2026-03-04T16:17:30","modified_gmt":"2026-03-04T15:17:30","slug":"situation-au-bresil","status":"publish","type":"page","link":"https:\/\/npnp.lu\/fr\/situation-au-bresil\/","title":{"rendered":"Situation au Br\u00e9sil"},"content":{"rendered":"\t\t<div data-elementor-type=\"wp-page\" data-elementor-id=\"1147\" class=\"elementor elementor-1147 elementor-929\">\n\t\t\t\t<div class=\"elementor-element elementor-element-3200862 e-flex e-con-boxed e-con e-parent\" data-id=\"3200862\" data-element_type=\"container\" data-e-type=\"container\" data-settings=\"{&quot;background_background&quot;:&quot;slideshow&quot;,&quot;background_slideshow_gallery&quot;:[{&quot;id&quot;:1145,&quot;url&quot;:&quot;https:\\\/\\\/npnp.eu\\\/wp-content\\\/uploads\\\/2026\\\/01\\\/Capture-decran-2026-01-16-164449.jpg&quot;}],&quot;background_slideshow_loop&quot;:&quot;yes&quot;,&quot;background_slideshow_slide_duration&quot;:5000,&quot;background_slideshow_slide_transition&quot;:&quot;fade&quot;,&quot;background_slideshow_transition_duration&quot;:500}\">\n\t\t\t\t\t<div class=\"e-con-inner\">\n\t\t\t\t<div class=\"elementor-element elementor-element-e559c61 elementor-widget elementor-widget-qi_addons_for_elementor_highlight\" data-id=\"e559c61\" data-element_type=\"widget\" data-e-type=\"widget\" data-widget_type=\"qi_addons_for_elementor_highlight.default\">\n\t\t\t\t<div class=\"elementor-widget-container\">\n\t\t\t\t\t<p class=\"qodef-shortcode qodef-m qodef-qi-highlight qodef-qi--has-appear qodef-highlight-style--color\" >\n\t<span class=\"qodef-highlight-text\" style=\"background-image: linear-gradient(to bottom, transparent 0%, #F65223 0%, #F65223 100%, transparent 100%)\">Br\u00e9sil<\/p>\n\t\t\t\t<\/div>\n\t\t\t\t<\/div>\n\t\t\t\t\t<\/div>\n\t\t\t\t<\/div>\n\t\t<div class=\"elementor-element elementor-element-a7e87b6 e-flex e-con-boxed e-con e-parent\" data-id=\"a7e87b6\" data-element_type=\"container\" data-e-type=\"container\" data-settings=\"{&quot;background_background&quot;:&quot;classic&quot;}\">\n\t\t\t\t\t<div class=\"e-con-inner\">\n\t\t<div class=\"elementor-element elementor-element-c0e3032 e-con-full e-flex e-con e-child\" data-id=\"c0e3032\" data-element_type=\"container\" data-e-type=\"container\" data-settings=\"{&quot;background_background&quot;:&quot;slideshow&quot;,&quot;background_slideshow_gallery&quot;:[{&quot;id&quot;:1146,&quot;url&quot;:&quot;https:\\\/\\\/npnp.eu\\\/wp-content\\\/uploads\\\/2026\\\/01\\\/Capture-decran-2026-01-16-165707.jpg&quot;}],&quot;background_slideshow_loop&quot;:&quot;yes&quot;,&quot;background_slideshow_slide_duration&quot;:5000,&quot;background_slideshow_slide_transition&quot;:&quot;fade&quot;,&quot;background_slideshow_transition_duration&quot;:500}\">\n\t\t\t\t<\/div>\n\t\t<div class=\"elementor-element elementor-element-4cbf305 e-con-full e-flex e-con e-child\" data-id=\"4cbf305\" data-element_type=\"container\" data-e-type=\"container\" data-settings=\"{&quot;background_background&quot;:&quot;classic&quot;}\">\n\t\t\t\t<div class=\"elementor-element elementor-element-869de14 elementor-widget elementor-widget-text-editor\" data-id=\"869de14\" data-element_type=\"widget\" data-e-type=\"widget\" data-widget_type=\"text-editor.default\">\n\t\t\t\t\t\t\t\t\t<h1><span style=\"color: #ffffff;\">Situation au Br\u00e9sil<\/span><\/h1><p>Recife, capitale de l\u2019\u00c9tat du Pernambuco dans le Nordeste br\u00e9silien, est une m\u00e9tropole marqu\u00e9e par de fortes in\u00e9galit\u00e9s sociales. Sa population vit des contrastes puissants : des quartiers tr\u00e8s d\u00e9velopp\u00e9s c\u00f4toient des zones vuln\u00e9rables o\u00f9 les conditions de vie restent pr\u00e9caires. <\/p><p>Le contexte d\u00e9mographique et \u00e9conomique de la ville amplifie les d\u00e9fis : le ch\u00f4mage est important, notamment parmi les jeunes, et la pauvret\u00e9 touche une partie significative des habitants.<\/p>\t\t\t\t\t\t\t\t<\/div>\n\t\t\t\t<\/div>\n\t\t\t\t\t<\/div>\n\t\t\t\t<\/div>\n\t\t<div class=\"elementor-element elementor-element-d268c2b e-flex e-con-boxed e-con e-parent\" data-id=\"d268c2b\" data-element_type=\"container\" data-e-type=\"container\">\n\t\t\t\t\t<div class=\"e-con-inner\">\n\t\t<div class=\"elementor-element elementor-element-a882f18 e-con-full e-flex e-con e-child\" data-id=\"a882f18\" data-element_type=\"container\" data-e-type=\"container\">\n\t\t\t\t<div class=\"elementor-element elementor-element-2a61bc4 elementor-widget elementor-widget-text-editor\" data-id=\"2a61bc4\" data-element_type=\"widget\" data-e-type=\"widget\" data-widget_type=\"text-editor.default\">\n\t\t\t\t\t\t\t\t\t<p>Dans ce contexte, de nombreuses familles vivent dans des situations de vuln\u00e9rabilit\u00e9 : ins\u00e9curit\u00e9 \u00e9conomique, manque d\u2019acc\u00e8s \u00e0 des services de soutien, peu de ressources pour garantir une enfance stable et nourrie. M\u00eame si la ville commence \u00e0 d\u00e9velopper de nouvelles actions pour les jeunes enfants, ces efforts restent encore limit\u00e9s pour r\u00e9pondre \u00e0 l\u2019ensemble des besoins. C\u2019est pourquoi le soutien de structures de proximit\u00e9, capables d\u2019agir rapidement et d\u2019accompagner les familles au jour le jour, demeure indispensable.  <\/p><p>C\u2019est ici qu\u2019intervient Espa\u00e7o da Crian\u00e7a \u2013 ARH, une ONG profond\u00e9ment enracin\u00e9e dans la r\u00e9alit\u00e9 de Recife. Elle joue un r\u00f4le vital aupr\u00e8s des enfants et des familles d\u00e9favoris\u00e9es en offrant \u00e9ducation pr\u00e9scolaire, soutien psychosocial et alimentation. Elle apporte des r\u00e9ponses concr\u00e8tes l\u00e0 o\u00f9 les services publics n\u2019arrivent pas toujours \u00e0 prot\u00e9ger et accompagner ces familles.  <\/p><p> <\/p>\t\t\t\t\t\t\t\t<\/div>\n\t\t\t\t<\/div>\n\t\t<div class=\"elementor-element elementor-element-d3488d5 e-con-full e-flex e-con e-child\" data-id=\"d3488d5\" data-element_type=\"container\" data-e-type=\"container\">\n\t\t\t\t<div class=\"elementor-element elementor-element-0226f75 elementor-widget elementor-widget-image\" data-id=\"0226f75\" data-element_type=\"widget\" data-e-type=\"widget\" data-widget_type=\"image.default\">\n\t\t\t\t\t\t\t\t\t\t\t\t\t\t\t<img fetchpriority=\"high\" decoding=\"async\" width=\"996\" height=\"1024\" src=\"https:\/\/npnp.lu\/wp-content\/uploads\/2026\/01\/3842601_416-1-Konvertiert-996x1024.png\" class=\"attachment-large size-large wp-image-1144\" alt=\"\" srcset=\"https:\/\/npnp.lu\/wp-content\/uploads\/2026\/01\/3842601_416-1-Konvertiert-996x1024.png 996w, https:\/\/npnp.lu\/wp-content\/uploads\/2026\/01\/3842601_416-1-Konvertiert-292x300.png 292w, https:\/\/npnp.lu\/wp-content\/uploads\/2026\/01\/3842601_416-1-Konvertiert-768x790.png 768w, https:\/\/npnp.lu\/wp-content\/uploads\/2026\/01\/3842601_416-1-Konvertiert-1494x1536.png 1494w, https:\/\/npnp.lu\/wp-content\/uploads\/2026\/01\/3842601_416-1-Konvertiert.png 1594w\" sizes=\"(max-width: 996px) 100vw, 996px\" \/>\t\t\t\t\t\t\t\t\t\t\t\t\t\t\t<\/div>\n\t\t\t\t<\/div>\n\t\t\t\t\t<\/div>\n\t\t\t\t<\/div>\n\t\t\t\t<\/div>\n\t\t","protected":false},"excerpt":{"rendered":"<p>Br\u00e9sil Situation au Br\u00e9sil Recife, capitale de l\u2019\u00c9tat du Pernambuco dans le Nordeste br\u00e9silien, est une m\u00e9tropole marqu\u00e9e par de [&hellip;]<\/p>\n","protected":false},"author":2,"featured_media":0,"parent":0,"menu_order":0,"comment_status":"closed","ping_status":"closed","template":"elementor_header_footer","meta":{"site-sidebar-layout":"default","site-content-layout":"","ast-site-content-layout":"full-width-container","site-content-style":"default","site-sidebar-style":"default","ast-global-header-display":"","ast-banner-title-visibility":"","ast-main-header-display":"","ast-hfb-above-header-display":"","ast-hfb-below-header-display":"","ast-hfb-mobile-header-display":"","site-post-title":"","ast-breadcrumbs-content":"","ast-featured-img":"","footer-sml-layout":"","ast-disable-related-posts":"","theme-transparent-header-meta":"","adv-header-id-meta":"","stick-header-meta":"","header-above-stick-meta":"","header-main-stick-meta":"","header-below-stick-meta":"","astra-migrate-meta-layouts":"default","ast-page-background-enabled":"default","ast-page-background-meta":{"desktop":{"background-color":"var(--ast-global-color-5)","background-image":"","background-repeat":"repeat","background-position":"center center","background-size":"auto","background-attachment":"scroll","background-type":"","background-media":"","overlay-type":"","overlay-color":"","overlay-opacity":"","overlay-gradient":""},"tablet":{"background-color":"","background-image":"","background-repeat":"repeat","background-position":"center center","background-size":"auto","background-attachment":"scroll","background-type":"","background-media":"","overlay-type":"","overlay-color":"","overlay-opacity":"","overlay-gradient":""},"mobile":{"background-color":"","background-image":"","background-repeat":"repeat","background-position":"center center","background-size":"auto","background-attachment":"scroll","background-type":"","background-media":"","overlay-type":"","overlay-color":"","overlay-opacity":"","overlay-gradient":""}},"ast-content-background-meta":{"desktop":{"background-color":"var(--ast-global-color-4)","background-image":"","background-repeat":"repeat","background-position":"center center","background-size":"auto","background-attachment":"scroll","background-type":"","background-media":"","overlay-type":"","overlay-color":"","overlay-opacity":"","overlay-gradient":""},"tablet":{"background-color":"var(--ast-global-color-4)","background-image":"","background-repeat":"repeat","background-position":"center center","background-size":"auto","background-attachment":"scroll","background-type":"","background-media":"","overlay-type":"","overlay-color":"","overlay-opacity":"","overlay-gradient":""},"mobile":{"background-color":"var(--ast-global-color-4)","background-image":"","background-repeat":"repeat","background-position":"center center","background-size":"auto","background-attachment":"scroll","background-type":"","background-media":"","overlay-type":"","overlay-color":"","overlay-opacity":"","overlay-gradient":""}},"footnotes":""},"class_list":["post-1147","page","type-page","status-publish","hentry"],"_links":{"self":[{"href":"https:\/\/npnp.lu\/fr\/wp-json\/wp\/v2\/pages\/1147","targetHints":{"allow":["GET"]}}],"collection":[{"href":"https:\/\/npnp.lu\/fr\/wp-json\/wp\/v2\/pages"}],"about":[{"href":"https:\/\/npnp.lu\/fr\/wp-json\/wp\/v2\/types\/page"}],"author":[{"embeddable":true,"href":"https:\/\/npnp.lu\/fr\/wp-json\/wp\/v2\/users\/2"}],"replies":[{"embeddable":true,"href":"https:\/\/npnp.lu\/fr\/wp-json\/wp\/v2\/comments?post=1147"}],"version-history":[{"count":3,"href":"https:\/\/npnp.lu\/fr\/wp-json\/wp\/v2\/pages\/1147\/revisions"}],"predecessor-version":[{"id":1641,"href":"https:\/\/npnp.lu\/fr\/wp-json\/wp\/v2\/pages\/1147\/revisions\/1641"}],"wp:attachment":[{"href":"https:\/\/npnp.lu\/fr\/wp-json\/wp\/v2\/media?parent=1147"}],"curies":[{"name":"wp","href":"https:\/\/api.w.org\/{rel}","templated":true}]}}