{"id":1116,"date":"2026-01-21T16:51:04","date_gmt":"2026-01-21T15:51:04","guid":{"rendered":"https:\/\/npnp.eu\/soutien\/"},"modified":"2026-01-27T15:56:24","modified_gmt":"2026-01-27T14:56:24","slug":"soutien","status":"publish","type":"page","link":"https:\/\/npnp.lu\/fr\/soutien\/","title":{"rendered":"Soutien"},"content":{"rendered":"\t\t<div data-elementor-type=\"wp-page\" data-elementor-id=\"1116\" class=\"elementor elementor-1116 elementor-940\">\n\t\t\t\t<div class=\"elementor-element elementor-element-3200862 e-con-full e-flex e-con e-parent\" data-id=\"3200862\" data-element_type=\"container\" data-e-type=\"container\" data-settings=\"{&quot;background_background&quot;:&quot;slideshow&quot;,&quot;background_slideshow_gallery&quot;:[{&quot;id&quot;:1018,&quot;url&quot;:&quot;https:\\\/\\\/npnp.eu\\\/wp-content\\\/uploads\\\/2025\\\/10\\\/Gruppenbild.jpg&quot;}],&quot;background_slideshow_loop&quot;:&quot;yes&quot;,&quot;background_slideshow_slide_duration&quot;:5000,&quot;background_slideshow_slide_transition&quot;:&quot;fade&quot;,&quot;background_slideshow_transition_duration&quot;:500}\">\n\t\t\t\t<\/div>\n\t\t<div class=\"elementor-element elementor-element-d268c2b e-flex e-con-boxed e-con e-parent\" data-id=\"d268c2b\" data-element_type=\"container\" data-e-type=\"container\">\n\t\t\t\t\t<div class=\"e-con-inner\">\n\t\t<div class=\"elementor-element elementor-element-a882f18 e-con-full e-flex e-con e-child\" data-id=\"a882f18\" data-element_type=\"container\" data-e-type=\"container\">\n\t\t\t\t<div class=\"elementor-element elementor-element-50eab6f elementor-widget elementor-widget-heading\" data-id=\"50eab6f\" data-element_type=\"widget\" data-e-type=\"widget\" data-widget_type=\"heading.default\">\n\t\t\t\t\t<h1 class=\"elementor-heading-title elementor-size-default\">Comment nous soutenir ? <\/h1>\t\t\t\t<\/div>\n\t\t\t\t<\/div>\n\t\t<div class=\"elementor-element elementor-element-d3488d5 e-con-full e-flex e-con e-child\" data-id=\"d3488d5\" data-element_type=\"container\" data-e-type=\"container\">\n\t\t\t\t<div class=\"elementor-element elementor-element-869de14 elementor-widget elementor-widget-text-editor\" data-id=\"869de14\" data-element_type=\"widget\" data-e-type=\"widget\" data-widget_type=\"text-editor.default\">\n\t\t\t\t\t\t\t\t\t<p>Afin de pouvoir aider les enfants d&rsquo;Am\u00e9rique latine et mettre en \u0153uvre les projets avec nos partenaires locaux, nous avons besoin de votre soutien !<\/p><p>Il existe plusieurs fa\u00e7ons de nous apporter votre aide.<\/p>\t\t\t\t\t\t\t\t<\/div>\n\t\t\t\t<\/div>\n\t\t\t\t\t<\/div>\n\t\t\t\t<\/div>\n\t\t<div class=\"elementor-element elementor-element-7c3bd2a e-flex e-con-boxed e-con e-parent\" data-id=\"7c3bd2a\" data-element_type=\"container\" data-e-type=\"container\">\n\t\t\t\t\t<div class=\"e-con-inner\">\n\t\t<div class=\"elementor-element elementor-element-88f972c e-con-full e-flex e-con e-child\" data-id=\"88f972c\" data-element_type=\"container\" data-e-type=\"container\">\n\t\t\t\t<div class=\"elementor-element elementor-element-7256c0a elementor-align-center elementor-widget elementor-widget-button\" data-id=\"7256c0a\" data-element_type=\"widget\" data-e-type=\"widget\" data-widget_type=\"button.default\">\n\t\t\t\t\t\t\t\t\t\t<a class=\"elementor-button elementor-button-link elementor-size-sm\" href=\"#spendenaktion\">\n\t\t\t\t\t\t<span class=\"elementor-button-content-wrapper\">\n\t\t\t\t\t\t\t\t\t<span class=\"elementor-button-text\">Organiser une collecte de fonds pour NPNP <\/span>\n\t\t\t\t\t<\/span>\n\t\t\t\t\t<\/a>\n\t\t\t\t\t\t\t\t<\/div>\n\t\t\t\t<\/div>\n\t\t<div class=\"elementor-element elementor-element-187545d e-con-full e-flex e-con e-child\" data-id=\"187545d\" data-element_type=\"container\" data-e-type=\"container\">\n\t\t\t\t<div class=\"elementor-element elementor-element-8737a97 elementor-align-center elementor-widget elementor-widget-button\" data-id=\"8737a97\" data-element_type=\"widget\" data-e-type=\"widget\" data-widget_type=\"button.default\">\n\t\t\t\t\t\t\t\t\t\t<a class=\"elementor-button elementor-button-link elementor-size-sm\" href=\"#spende\">\n\t\t\t\t\t\t<span class=\"elementor-button-content-wrapper\">\n\t\t\t\t\t\t\t\t\t<span class=\"elementor-button-text\">Dons<\/span>\n\t\t\t\t\t<\/span>\n\t\t\t\t\t<\/a>\n\t\t\t\t\t\t\t\t<\/div>\n\t\t\t\t<\/div>\n\t\t<div class=\"elementor-element elementor-element-30d0cb4 e-con-full e-flex e-con e-child\" data-id=\"30d0cb4\" data-element_type=\"container\" data-e-type=\"container\">\n\t\t\t\t<div class=\"elementor-element elementor-element-adfdd85 elementor-align-center elementor-widget elementor-widget-button\" data-id=\"adfdd85\" data-element_type=\"widget\" data-e-type=\"widget\" data-widget_type=\"button.default\">\n\t\t\t\t\t\t\t\t\t\t<a class=\"elementor-button elementor-button-link elementor-size-sm\" href=\"#testament\">\n\t\t\t\t\t\t<span class=\"elementor-button-content-wrapper\">\n\t\t\t\t\t\t\t\t\t<span class=\"elementor-button-text\">Inscrire NPNP dans votre testament<\/span>\n\t\t\t\t\t<\/span>\n\t\t\t\t\t<\/a>\n\t\t\t\t\t\t\t\t<\/div>\n\t\t\t\t<\/div>\n\t\t<div class=\"elementor-element elementor-element-eb34198 e-con-full e-flex e-con e-child\" data-id=\"eb34198\" data-element_type=\"container\" data-e-type=\"container\">\n\t\t\t\t<div class=\"elementor-element elementor-element-fb989a5 elementor-align-center elementor-widget elementor-widget-button\" data-id=\"fb989a5\" data-element_type=\"widget\" data-e-type=\"widget\" data-widget_type=\"button.default\">\n\t\t\t\t\t\t\t\t\t\t<a class=\"elementor-button elementor-button-link elementor-size-sm\" href=\"#gedenken\">\n\t\t\t\t\t\t<span class=\"elementor-button-content-wrapper\">\n\t\t\t\t\t\t\t\t\t<span class=\"elementor-button-text\">Rendre hommage \u00e0 un proche <\/span>\n\t\t\t\t\t<\/span>\n\t\t\t\t\t<\/a>\n\t\t\t\t\t\t\t\t<\/div>\n\t\t\t\t<\/div>\n\t\t\t\t\t<\/div>\n\t\t\t\t<\/div>\n\t\t<div class=\"elementor-element elementor-element-28f1055 e-flex e-con-boxed e-con e-parent\" data-id=\"28f1055\" data-element_type=\"container\" data-e-type=\"container\">\n\t\t\t\t\t<div class=\"e-con-inner\">\n\t\t\t\t\t<\/div>\n\t\t\t\t<\/div>\n\t\t<div class=\"elementor-element elementor-element-8f7a5bf e-flex e-con-boxed e-con e-parent\" data-id=\"8f7a5bf\" data-element_type=\"container\" data-e-type=\"container\">\n\t\t\t\t\t<div class=\"e-con-inner\">\n\t\t\t\t<div class=\"elementor-element elementor-element-3862199 elementor-widget elementor-widget-menu-anchor\" data-id=\"3862199\" data-element_type=\"widget\" data-e-type=\"widget\" data-widget_type=\"menu-anchor.default\">\n\t\t\t\t\t\t\t<div class=\"elementor-menu-anchor\" id=\"collectedefonds\"><\/div>\n\t\t\t\t\t\t<\/div>\n\t\t\t\t\t<\/div>\n\t\t\t\t<\/div>\n\t\t<div class=\"elementor-element elementor-element-17e39b3 e-flex e-con-boxed e-con e-parent\" data-id=\"17e39b3\" data-element_type=\"container\" data-e-type=\"container\" data-settings=\"{&quot;background_background&quot;:&quot;classic&quot;}\">\n\t\t\t\t\t<div class=\"e-con-inner\">\n\t\t<div class=\"elementor-element elementor-element-27efa2b e-con-full e-flex e-con e-child\" data-id=\"27efa2b\" data-element_type=\"container\" data-e-type=\"container\">\n\t\t\t\t<div class=\"elementor-element elementor-element-058ff22 elementor-widget elementor-widget-heading\" data-id=\"058ff22\" data-element_type=\"widget\" data-e-type=\"widget\" data-widget_type=\"heading.default\">\n\t\t\t\t\t<h2 class=\"elementor-heading-title elementor-size-default\">Organiser une collecte de fonds pour NPNP <\/h2>\t\t\t\t<\/div>\n\t\t\t\t<\/div>\n\t\t<div class=\"elementor-element elementor-element-73235bf e-con-full e-flex e-con e-child\" data-id=\"73235bf\" data-element_type=\"container\" data-e-type=\"container\">\n\t\t\t\t<div class=\"elementor-element elementor-element-c946c77 elementor-widget elementor-widget-text-editor\" data-id=\"c946c77\" data-element_type=\"widget\" data-e-type=\"widget\" data-widget_type=\"text-editor.default\">\n\t\t\t\t\t\t\t\t\t<p>Vous pouvez mobiliser vos amis, votre famille, vos coll\u00e8gues ou votre \u00e9cole pour r\u00e9colter des fonds pour nos projets en Am\u00e9rique latine. Chaque euro collect\u00e9 contribue directement \u00e0 des programmes concrets pour les enfants : ateliers \u00e9ducatifs, actions communautaires, etc\u2026 <\/p><p>Pour organiser votre collecte, vous pouvez :<\/p><ul><li>Mettre en place une vente solidaire (g\u00e2teaux, objets artisanaux, etc.) ;<\/li><li>Organiser un \u00e9v\u00e9nement sportif ou culturel (course, tournoi, concert, spectacle) dont les inscriptions ou billets seront revers\u00e9s \u00e0 NPNP ;<\/li><li>Lancer une campagne en ligne via vos r\u00e9seaux sociaux ou plateformes de financement participatif pour toucher un public plus large ;<\/li><\/ul><p>Nous pouvons vous apporter conseils et suivi tout au long de votre initiative pour vous aider \u00e0 organiser votre collecte de mani\u00e8re efficace.<\/p>\t\t\t\t\t\t\t\t<\/div>\n\t\t\t\t<\/div>\n\t\t\t\t\t<\/div>\n\t\t\t\t<\/div>\n\t\t<div class=\"elementor-element elementor-element-f26a84c e-flex e-con-boxed e-con e-parent\" data-id=\"f26a84c\" data-element_type=\"container\" data-e-type=\"container\">\n\t\t\t\t\t<div class=\"e-con-inner\">\n\t\t\t\t<div class=\"elementor-element elementor-element-a0d4e1a elementor-widget elementor-widget-menu-anchor\" data-id=\"a0d4e1a\" data-element_type=\"widget\" data-e-type=\"widget\" data-widget_type=\"menu-anchor.default\">\n\t\t\t\t\t\t\t<div class=\"elementor-menu-anchor\" id=\"Faireundon\"><\/div>\n\t\t\t\t\t\t<\/div>\n\t\t\t\t\t<\/div>\n\t\t\t\t<\/div>\n\t\t<div class=\"elementor-element elementor-element-381f627 e-flex e-con-boxed e-con e-parent\" data-id=\"381f627\" data-element_type=\"container\" data-e-type=\"container\" data-settings=\"{&quot;background_background&quot;:&quot;classic&quot;}\">\n\t\t\t\t\t<div class=\"e-con-inner\">\n\t\t<div class=\"elementor-element elementor-element-d5efae2 e-con-full e-flex e-con e-child\" data-id=\"d5efae2\" data-element_type=\"container\" data-e-type=\"container\">\n\t\t\t\t<div class=\"elementor-element elementor-element-efc2de0 elementor-widget elementor-widget-heading\" data-id=\"efc2de0\" data-element_type=\"widget\" data-e-type=\"widget\" data-widget_type=\"heading.default\">\n\t\t\t\t\t<h2 class=\"elementor-heading-title elementor-size-default\">Dons <\/h2>\t\t\t\t<\/div>\n\t\t\t\t<\/div>\n\t\t<div class=\"elementor-element elementor-element-3a68ac0 e-con-full e-flex e-con e-child\" data-id=\"3a68ac0\" data-element_type=\"container\" data-e-type=\"container\">\n\t\t\t\t<div class=\"elementor-element elementor-element-591b5f1 elementor-widget elementor-widget-text-editor\" data-id=\"591b5f1\" data-element_type=\"widget\" data-e-type=\"widget\" data-widget_type=\"text-editor.default\">\n\t\t\t\t\t\t\t\t\t<p>Vos dons permettent de soutenir imm\u00e9diatement nos actions aupr\u00e8s des enfants, des adolescents et des familles vuln\u00e9rables. Vous pouvez choisir : <\/p><ul><li><strong>Un don ponctuel<\/strong><\/li><li><strong>Don r\u00e9gulier<\/strong><br>Au Luxembourg, vos dons sont d\u00e9ductibles des imp\u00f4ts, ce qui vous permet de soutenir notre travail tout en b\u00e9n\u00e9ficiant d&rsquo;un avantage fiscal, \u00e0 condition que le montant total annuel de vos dons soit d&rsquo;au moins 120 \u20ac et ne d\u00e9passe pas 20 % de votre revenu net imposable total. Apr\u00e8s votre don, vous recevrez une attestation fiscale de notre part. <ul><li>Payconiq<\/li><li>Virement bancaire \/ Ordre permanent<\/li><\/ul><\/li><\/ul>\t\t\t\t\t\t\t\t<\/div>\n\t\t\t\t<\/div>\n\t\t\t\t\t<\/div>\n\t\t\t\t<\/div>\n\t\t<div class=\"elementor-element elementor-element-b825624 e-flex e-con-boxed e-con e-parent\" data-id=\"b825624\" data-element_type=\"container\" data-e-type=\"container\">\n\t\t\t\t\t<div class=\"e-con-inner\">\n\t\t\t\t<div class=\"elementor-element elementor-element-b5451d5 elementor-widget elementor-widget-menu-anchor\" data-id=\"b5451d5\" data-element_type=\"widget\" data-e-type=\"widget\" data-widget_type=\"menu-anchor.default\">\n\t\t\t\t\t\t\t<div class=\"elementor-menu-anchor\" id=\"Testament\"><\/div>\n\t\t\t\t\t\t<\/div>\n\t\t\t\t\t<\/div>\n\t\t\t\t<\/div>\n\t\t<div class=\"elementor-element elementor-element-adfde92 e-flex e-con-boxed e-con e-parent\" data-id=\"adfde92\" data-element_type=\"container\" data-e-type=\"container\" data-settings=\"{&quot;background_background&quot;:&quot;classic&quot;}\">\n\t\t\t\t\t<div class=\"e-con-inner\">\n\t\t<div class=\"elementor-element elementor-element-6dfbc34 e-con-full e-flex e-con e-child\" data-id=\"6dfbc34\" data-element_type=\"container\" data-e-type=\"container\">\n\t\t\t\t<div class=\"elementor-element elementor-element-f019c86 elementor-widget elementor-widget-heading\" data-id=\"f019c86\" data-element_type=\"widget\" data-e-type=\"widget\" data-widget_type=\"heading.default\">\n\t\t\t\t\t<h2 class=\"elementor-heading-title elementor-size-default\">Inscrire NPNP dans votre testament<\/h2>\t\t\t\t<\/div>\n\t\t\t\t<\/div>\n\t\t<div class=\"elementor-element elementor-element-1a148b0 e-con-full e-flex e-con e-child\" data-id=\"1a148b0\" data-element_type=\"container\" data-e-type=\"container\">\n\t\t\t\t<div class=\"elementor-element elementor-element-ee02b00 elementor-widget elementor-widget-text-editor\" data-id=\"ee02b00\" data-element_type=\"widget\" data-e-type=\"widget\" data-widget_type=\"text-editor.default\">\n\t\t\t\t\t\t\t\t\t<p>En choisissant de nous l\u00e9guer une partie de votre patrimoine, vous permettez \u00e0 NPNP de planifier des actions sur le long terme. Cette d\u00e9marche simple et personnalisable assure que votre engagement continue de faire la diff\u00e9rence pour des g\u00e9n\u00e9rations d\u2019enfants \u00e0 venir. Nous pouvons vous accompagner dans les aspects pratiques et l\u00e9gaux pour faciliter cette d\u00e9marche.  <\/p><h4>Qu\u2019est-ce qu\u2019un legs?<\/h4><p>Un legs est une disposition que vous inscrivez dans votre testament pour transmettre tout ou partie de vos biens \u00e0 NPNP. Vous d\u00e9cidez de ce que vous l\u00e9guerez (argent, immobilier, actions\u2026). <\/p><p>Au Luxembourg, vous pouvez choisir parmi plusieurs formes de legs :<\/p><ul><li><strong>Leg universel :<\/strong> vous l\u00e9guez l\u2019enti\u00e8ret\u00e9 (ou une tr\u00e8s grande part) de votre patrimoine \u00e0 NPNP, mais cette option n\u2019est possible que si vous n\u2019avez pas d\u2019enfants (\u201ch\u00e9ritiers r\u00e9servataires\u201d).<\/li><li><strong data-start=\"230\" data-end=\"293\">Leg \u00e0 titre universel :<\/strong> vous l\u00e9guez une fraction (par exemple 10\u202f%, un pourcentage, ou certains biens) de votre patrimoine \u00e0 NPNP. Cette option est compatible m\u00eame si vous avez des enfants, mais il faut tenir compte de la \u201cquotit\u00e9 disponible\u201d (voir plus bas). <\/li><li>Leg particulier : vous l\u00e9guez un bien sp\u00e9cifique (immobilier, somme d\u2019argent, \u0153uvres, etc.) \u00e0 NPNP<\/li><\/ul><h4>La \u201cr\u00e9serve\u201d des h\u00e9ritiers (descendants)<\/h4><p>Les descendants sont des \u201ch\u00e9ritiers r\u00e9servataires\u201d : cela signifie qu\u2019une part de votre patrimoine leur est l\u00e9galement r\u00e9serv\u00e9e et ne peut pas \u00eatre enti\u00e8rement donn\u00e9e \u00e0 d\u2019autres (par exemple \u00e0 une ONG).<\/p><p>Der Rest, die sogenannte \u201everf\u00fcgbare Quote\u201d, ist der Teil, den Sie frei vererben k\u00f6nnen (z. B. an NPNP).<\/p><h4>Comment l\u00e9guer \u00e0 NPNP : d\u00e9marche pratique<\/h4><p>Dans votre testament, vous pouvez indiquer NPNP comme l\u00e9gataire d\u2019une partie de vos biens. Vous pouvez pr\u00e9ciser le pourcentage, le type de biens, ou juste \u201ctout ce que je veux donner \u00e0 des causes sociales\u201d. <\/p><p>Vous pouvez r\u00e9diger vous-m\u00eame un testament olographe, ou faire appel \u00e0 un notaire pour un testament authentique.<\/p><p>N\u2019h\u00e9sitez pas \u00e0 nous contacter pour toute question : nous sommes l\u00e0 pour rendre cette d\u00e9marche aussi simple que possible.<\/p>\t\t\t\t\t\t\t\t<\/div>\n\t\t\t\t<\/div>\n\t\t\t\t\t<\/div>\n\t\t\t\t<\/div>\n\t\t<div class=\"elementor-element elementor-element-14ef292 e-flex e-con-boxed e-con e-parent\" data-id=\"14ef292\" data-element_type=\"container\" data-e-type=\"container\">\n\t\t\t\t\t<div class=\"e-con-inner\">\n\t\t\t\t<div class=\"elementor-element elementor-element-2857fa5 elementor-widget elementor-widget-menu-anchor\" data-id=\"2857fa5\" data-element_type=\"widget\" data-e-type=\"widget\" data-widget_type=\"menu-anchor.default\">\n\t\t\t\t\t\t\t<div class=\"elementor-menu-anchor\" id=\"Commmorer\"><\/div>\n\t\t\t\t\t\t<\/div>\n\t\t\t\t\t<\/div>\n\t\t\t\t<\/div>\n\t\t<div class=\"elementor-element elementor-element-6c1a210 e-flex e-con-boxed e-con e-parent\" data-id=\"6c1a210\" data-element_type=\"container\" data-e-type=\"container\" data-settings=\"{&quot;background_background&quot;:&quot;classic&quot;}\">\n\t\t\t\t\t<div class=\"e-con-inner\">\n\t\t<div class=\"elementor-element elementor-element-4ed8930 e-con-full e-flex e-con e-child\" data-id=\"4ed8930\" data-element_type=\"container\" data-e-type=\"container\">\n\t\t\t\t<div class=\"elementor-element elementor-element-bc5fbb3 elementor-widget elementor-widget-heading\" data-id=\"bc5fbb3\" data-element_type=\"widget\" data-e-type=\"widget\" data-widget_type=\"heading.default\">\n\t\t\t\t\t<h2 class=\"elementor-heading-title elementor-size-default\">Rendre hommage \u00e0 un proche <\/h2>\t\t\t\t<\/div>\n\t\t\t\t<\/div>\n\t\t<div class=\"elementor-element elementor-element-6c69eb3 e-con-full e-flex e-con e-child\" data-id=\"6c69eb3\" data-element_type=\"container\" data-e-type=\"container\">\n\t\t\t\t<div class=\"elementor-element elementor-element-69cc677 elementor-widget elementor-widget-text-editor\" data-id=\"69cc677\" data-element_type=\"widget\" data-e-type=\"widget\" data-widget_type=\"text-editor.default\">\n\t\t\t\t\t\t\t\t\t<p>Vous pouvez honorer la m\u00e9moire d\u2019un proche en transformant cet hommage en un acte solidaire. En demandant \u00e0 vos amis et \u00e0 votre famille de soutenir NPNP, vous contribuez directement \u00e0 am\u00e9liorer la vie des enfants et des familles vuln\u00e9rables que nous accompagnons en Am\u00e9rique latine. <\/p><h4>Comment proc\u00e9der :<\/h4><p>Dans l\u2019annonce mortuaire, pr\u00e9cisez NPNP comme association choisie et indiquez nos coordonn\u00e9es bancaires pour les dons.<\/p><p>Informez-nous de l\u2019\u00e9v\u00e9nement afin que nous puissions suivre les contributions et remercier les donateurs.<\/p><p>Chaque semaine, nous vous fournirons une liste des personnes ayant fait un don en hommage \u00e0 votre proche, avec les informations n\u00e9cessaires (nom, pr\u00e9nom, adresse, montant du don) pour que vous puissiez \u00e9galement remercier personnellement.<\/p><p>Tous les donateurs recevront une lettre de remerciement de NPNP, t\u00e9moignant de l\u2019impact de leur soutien.<\/p><p>Ce geste permet de rendre hommage \u00e0 un \u00eatre cher tout en soutenant durablement les projets que nous menons aupr\u00e8s des enfants et adolescents vuln\u00e9rables en Am\u00e9rique latine.<\/p>\t\t\t\t\t\t\t\t<\/div>\n\t\t\t\t<\/div>\n\t\t\t\t\t<\/div>\n\t\t\t\t<\/div>\n\t\t\t\t<\/div>\n\t\t","protected":false},"excerpt":{"rendered":"<p>Comment nous soutenir ? Afin de pouvoir aider les enfants d&rsquo;Am\u00e9rique latine et mettre en \u0153uvre les projets avec nos [&hellip;]<\/p>\n","protected":false},"author":2,"featured_media":0,"parent":0,"menu_order":0,"comment_status":"closed","ping_status":"closed","template":"elementor_header_footer","meta":{"site-sidebar-layout":"default","site-content-layout":"","ast-site-content-layout":"full-width-container","site-content-style":"default","site-sidebar-style":"default","ast-global-header-display":"","ast-banner-title-visibility":"","ast-main-header-display":"","ast-hfb-above-header-display":"","ast-hfb-below-header-display":"","ast-hfb-mobile-header-display":"","site-post-title":"","ast-breadcrumbs-content":"","ast-featured-img":"","footer-sml-layout":"","ast-disable-related-posts":"","theme-transparent-header-meta":"","adv-header-id-meta":"","stick-header-meta":"","header-above-stick-meta":"","header-main-stick-meta":"","header-below-stick-meta":"","astra-migrate-meta-layouts":"default","ast-page-background-enabled":"default","ast-page-background-meta":{"desktop":{"background-color":"var(--ast-global-color-5)","background-image":"","background-repeat":"repeat","background-position":"center center","background-size":"auto","background-attachment":"scroll","background-type":"","background-media":"","overlay-type":"","overlay-color":"","overlay-opacity":"","overlay-gradient":""},"tablet":{"background-color":"","background-image":"","background-repeat":"repeat","background-position":"center center","background-size":"auto","background-attachment":"scroll","background-type":"","background-media":"","overlay-type":"","overlay-color":"","overlay-opacity":"","overlay-gradient":""},"mobile":{"background-color":"","background-image":"","background-repeat":"repeat","background-position":"center center","background-size":"auto","background-attachment":"scroll","background-type":"","background-media":"","overlay-type":"","overlay-color":"","overlay-opacity":"","overlay-gradient":""}},"ast-content-background-meta":{"desktop":{"background-color":"var(--ast-global-color-4)","background-image":"","background-repeat":"repeat","background-position":"center center","background-size":"auto","background-attachment":"scroll","background-type":"","background-media":"","overlay-type":"","overlay-color":"","overlay-opacity":"","overlay-gradient":""},"tablet":{"background-color":"var(--ast-global-color-4)","background-image":"","background-repeat":"repeat","background-position":"center center","background-size":"auto","background-attachment":"scroll","background-type":"","background-media":"","overlay-type":"","overlay-color":"","overlay-opacity":"","overlay-gradient":""},"mobile":{"background-color":"var(--ast-global-color-4)","background-image":"","background-repeat":"repeat","background-position":"center center","background-size":"auto","background-attachment":"scroll","background-type":"","background-media":"","overlay-type":"","overlay-color":"","overlay-opacity":"","overlay-gradient":""}},"footnotes":""},"class_list":["post-1116","page","type-page","status-publish","hentry"],"_links":{"self":[{"href":"https:\/\/npnp.lu\/fr\/wp-json\/wp\/v2\/pages\/1116","targetHints":{"allow":["GET"]}}],"collection":[{"href":"https:\/\/npnp.lu\/fr\/wp-json\/wp\/v2\/pages"}],"about":[{"href":"https:\/\/npnp.lu\/fr\/wp-json\/wp\/v2\/types\/page"}],"author":[{"embeddable":true,"href":"https:\/\/npnp.lu\/fr\/wp-json\/wp\/v2\/users\/2"}],"replies":[{"embeddable":true,"href":"https:\/\/npnp.lu\/fr\/wp-json\/wp\/v2\/comments?post=1116"}],"version-history":[{"count":3,"href":"https:\/\/npnp.lu\/fr\/wp-json\/wp\/v2\/pages\/1116\/revisions"}],"predecessor-version":[{"id":1119,"href":"https:\/\/npnp.lu\/fr\/wp-json\/wp\/v2\/pages\/1116\/revisions\/1119"}],"wp:attachment":[{"href":"https:\/\/npnp.lu\/fr\/wp-json\/wp\/v2\/media?parent=1116"}],"curies":[{"name":"wp","href":"https:\/\/api.w.org\/{rel}","templated":true}]}}