{"id":1019,"date":"2026-01-13T17:04:00","date_gmt":"2026-01-13T16:04:00","guid":{"rendered":"https:\/\/npnp.eu\/engagement\/"},"modified":"2026-03-04T16:35:29","modified_gmt":"2026-03-04T15:35:29","slug":"engagement","status":"publish","type":"page","link":"https:\/\/npnp.lu\/fr\/engagement\/","title":{"rendered":"Engagement"},"content":{"rendered":"\t\t<div data-elementor-type=\"wp-page\" data-elementor-id=\"1019\" class=\"elementor elementor-1019 elementor-833\">\n\t\t\t\t<div class=\"elementor-element elementor-element-3200862 e-con-full e-flex e-con e-parent\" data-id=\"3200862\" data-element_type=\"container\" data-e-type=\"container\" data-settings=\"{&quot;background_background&quot;:&quot;slideshow&quot;,&quot;background_slideshow_gallery&quot;:[{&quot;id&quot;:1018,&quot;url&quot;:&quot;https:\\\/\\\/npnp.eu\\\/wp-content\\\/uploads\\\/2025\\\/10\\\/Gruppenbild.jpg&quot;}],&quot;background_slideshow_loop&quot;:&quot;yes&quot;,&quot;background_slideshow_slide_duration&quot;:5000,&quot;background_slideshow_slide_transition&quot;:&quot;fade&quot;,&quot;background_slideshow_transition_duration&quot;:500}\">\n\t\t\t\t<\/div>\n\t\t<div class=\"elementor-element elementor-element-d268c2b e-flex e-con-boxed e-con e-parent\" data-id=\"d268c2b\" data-element_type=\"container\" data-e-type=\"container\">\n\t\t\t\t\t<div class=\"e-con-inner\">\n\t\t<div class=\"elementor-element elementor-element-a882f18 e-con-full e-flex e-con e-child\" data-id=\"a882f18\" data-element_type=\"container\" data-e-type=\"container\">\n\t\t\t\t<div class=\"elementor-element elementor-element-50eab6f elementor-widget elementor-widget-heading\" data-id=\"50eab6f\" data-element_type=\"widget\" data-e-type=\"widget\" data-widget_type=\"heading.default\">\n\t\t\t\t\t<h1 class=\"elementor-heading-title elementor-size-default\">Engagement de NPNP <\/h1>\t\t\t\t<\/div>\n\t\t\t\t<\/div>\n\t\t<div class=\"elementor-element elementor-element-d3488d5 e-con-full e-flex e-con e-child\" data-id=\"d3488d5\" data-element_type=\"container\" data-e-type=\"container\">\n\t\t\t\t<div class=\"elementor-element elementor-element-869de14 elementor-widget elementor-widget-text-editor\" data-id=\"869de14\" data-element_type=\"widget\" data-e-type=\"widget\" data-widget_type=\"text-editor.default\">\n\t\t\t\t\t\t\t\t\t<p>Son objectif principal est de soutenir les populations les plus vuln\u00e9rables d&rsquo;Am\u00e9rique latine, en particulier les enfants et les adolescents, avec une attention particuli\u00e8re aux filles et aux femmes.<\/p>\n<p>La promotion des droits des enfants et des adolescents, en particulier de ceux qui travaillent, la protection de leur statut et le renforcement de leur \u00e9ducation et de leur formation sont des outils dont ils pourront se servir pour construire un avenir meilleur pour eux et les g\u00e9n\u00e9rations \u00e0 venir.<\/p>\n<p>La sant\u00e9 mentale de ces populations fragilis\u00e9es n&rsquo;est pas oubli\u00e9e et un appui psychologique est int\u00e9gr\u00e9 aux diff\u00e9rents projets.<\/p>\n<p>La r\u00e9alisation des projets se fait \u00e0 travers des partenaires locaux dont Nouvelle PNP renforce les capacit\u00e9s car ils sont les mieux plac\u00e9s pour conna\u00eetre les r\u00e9alit\u00e9s du terrain et les besoins des populations les plus d\u00e9munies.<\/p>\n<p>Toutes les aides de Nouvelle PNP sont limit\u00e9es dans le temps. Les projets, une fois r\u00e9alis\u00e9s, deviennent autonomes et peuvent ainsi continuer \u00e0 avoir un impact sur la population. <\/p>\n<p> <\/p>\t\t\t\t\t\t\t\t<\/div>\n\t\t\t\t<\/div>\n\t\t\t\t\t<\/div>\n\t\t\t\t<\/div>\n\t\t\t\t<\/div>\n\t\t","protected":false},"excerpt":{"rendered":"<p>Engagement de NPNP Son objectif principal est de soutenir les populations les plus vuln\u00e9rables d&rsquo;Am\u00e9rique latine, en particulier les enfants [&hellip;]<\/p>\n","protected":false},"author":2,"featured_media":0,"parent":0,"menu_order":0,"comment_status":"closed","ping_status":"closed","template":"elementor_header_footer","meta":{"site-sidebar-layout":"default","site-content-layout":"","ast-site-content-layout":"full-width-container","site-content-style":"default","site-sidebar-style":"default","ast-global-header-display":"","ast-banner-title-visibility":"","ast-main-header-display":"","ast-hfb-above-header-display":"","ast-hfb-below-header-display":"","ast-hfb-mobile-header-display":"","site-post-title":"","ast-breadcrumbs-content":"","ast-featured-img":"","footer-sml-layout":"","ast-disable-related-posts":"","theme-transparent-header-meta":"","adv-header-id-meta":"","stick-header-meta":"","header-above-stick-meta":"","header-main-stick-meta":"","header-below-stick-meta":"","astra-migrate-meta-layouts":"default","ast-page-background-enabled":"default","ast-page-background-meta":{"desktop":{"background-color":"var(--ast-global-color-5)","background-image":"","background-repeat":"repeat","background-position":"center center","background-size":"auto","background-attachment":"scroll","background-type":"","background-media":"","overlay-type":"","overlay-color":"","overlay-opacity":"","overlay-gradient":""},"tablet":{"background-color":"","background-image":"","background-repeat":"repeat","background-position":"center center","background-size":"auto","background-attachment":"scroll","background-type":"","background-media":"","overlay-type":"","overlay-color":"","overlay-opacity":"","overlay-gradient":""},"mobile":{"background-color":"","background-image":"","background-repeat":"repeat","background-position":"center center","background-size":"auto","background-attachment":"scroll","background-type":"","background-media":"","overlay-type":"","overlay-color":"","overlay-opacity":"","overlay-gradient":""}},"ast-content-background-meta":{"desktop":{"background-color":"var(--ast-global-color-4)","background-image":"","background-repeat":"repeat","background-position":"center center","background-size":"auto","background-attachment":"scroll","background-type":"","background-media":"","overlay-type":"","overlay-color":"","overlay-opacity":"","overlay-gradient":""},"tablet":{"background-color":"var(--ast-global-color-4)","background-image":"","background-repeat":"repeat","background-position":"center center","background-size":"auto","background-attachment":"scroll","background-type":"","background-media":"","overlay-type":"","overlay-color":"","overlay-opacity":"","overlay-gradient":""},"mobile":{"background-color":"var(--ast-global-color-4)","background-image":"","background-repeat":"repeat","background-position":"center center","background-size":"auto","background-attachment":"scroll","background-type":"","background-media":"","overlay-type":"","overlay-color":"","overlay-opacity":"","overlay-gradient":""}},"footnotes":""},"class_list":["post-1019","page","type-page","status-publish","hentry"],"_links":{"self":[{"href":"https:\/\/npnp.lu\/fr\/wp-json\/wp\/v2\/pages\/1019","targetHints":{"allow":["GET"]}}],"collection":[{"href":"https:\/\/npnp.lu\/fr\/wp-json\/wp\/v2\/pages"}],"about":[{"href":"https:\/\/npnp.lu\/fr\/wp-json\/wp\/v2\/types\/page"}],"author":[{"embeddable":true,"href":"https:\/\/npnp.lu\/fr\/wp-json\/wp\/v2\/users\/2"}],"replies":[{"embeddable":true,"href":"https:\/\/npnp.lu\/fr\/wp-json\/wp\/v2\/comments?post=1019"}],"version-history":[{"count":3,"href":"https:\/\/npnp.lu\/fr\/wp-json\/wp\/v2\/pages\/1019\/revisions"}],"predecessor-version":[{"id":1665,"href":"https:\/\/npnp.lu\/fr\/wp-json\/wp\/v2\/pages\/1019\/revisions\/1665"}],"wp:attachment":[{"href":"https:\/\/npnp.lu\/fr\/wp-json\/wp\/v2\/media?parent=1019"}],"curies":[{"name":"wp","href":"https:\/\/api.w.org\/{rel}","templated":true}]}}