{"id":1378,"date":"2025-12-15T12:17:50","date_gmt":"2025-12-15T11:17:50","guid":{"rendered":"https:\/\/npnp.eu\/socio-en-peru\/"},"modified":"2026-03-05T14:21:46","modified_gmt":"2026-03-05T13:21:46","slug":"socio-en-peru","status":"publish","type":"page","link":"https:\/\/npnp.lu\/es\/socio-en-peru\/","title":{"rendered":"Socio en Per\u00fa"},"content":{"rendered":"\t\t<div data-elementor-type=\"wp-page\" data-elementor-id=\"1378\" class=\"elementor elementor-1378 elementor-726\">\n\t\t\t\t<div class=\"elementor-element elementor-element-3200862 e-con-full e-flex e-con e-parent\" data-id=\"3200862\" data-element_type=\"container\" data-e-type=\"container\" data-settings=\"{&quot;background_background&quot;:&quot;slideshow&quot;,&quot;background_slideshow_gallery&quot;:[{&quot;id&quot;:1372,&quot;url&quot;:&quot;https:\\\/\\\/npnp.eu\\\/wp-content\\\/uploads\\\/2025\\\/11\\\/UTA_7355.jpg&quot;},{&quot;id&quot;:1373,&quot;url&quot;:&quot;https:\\\/\\\/npnp.eu\\\/wp-content\\\/uploads\\\/2025\\\/11\\\/UTA_7225.jpg&quot;}],&quot;background_slideshow_loop&quot;:&quot;yes&quot;,&quot;background_slideshow_slide_duration&quot;:5000,&quot;background_slideshow_slide_transition&quot;:&quot;fade&quot;,&quot;background_slideshow_transition_duration&quot;:500}\">\n\t\t\t\t<div class=\"elementor-element elementor-element-0bd07d5 elementor-widget elementor-widget-qi_addons_for_elementor_highlight\" data-id=\"0bd07d5\" data-element_type=\"widget\" data-e-type=\"widget\" data-widget_type=\"qi_addons_for_elementor_highlight.default\">\n\t\t\t\t<div class=\"elementor-widget-container\">\n\t\t\t\t\t<p class=\"qodef-shortcode qodef-m qodef-qi-highlight qodef-qi--has-appear qodef-highlight-style--color\" >\n\t<span class=\"qodef-highlight-text\" style=\"background-image: linear-gradient(to bottom, transparent 0%, #F65223 0%, #F65223 100%, transparent 100%)\">Nuestro socio en Per\u00fa<\/p>\n\t\t\t\t<\/div>\n\t\t\t\t<\/div>\n\t\t\t\t<\/div>\n\t\t<div class=\"elementor-element elementor-element-d3643d6 e-flex e-con-boxed e-con e-parent\" data-id=\"d3643d6\" data-element_type=\"container\" data-e-type=\"container\">\n\t\t\t\t\t<div class=\"e-con-inner\">\n\t\t<div class=\"elementor-element elementor-element-82de1f7 e-con-full e-flex e-con e-child\" data-id=\"82de1f7\" data-element_type=\"container\" data-e-type=\"container\">\n\t\t\t\t<div class=\"elementor-element elementor-element-3f3bba6 elementor-widget elementor-widget-image\" data-id=\"3f3bba6\" data-element_type=\"widget\" data-e-type=\"widget\" data-widget_type=\"image.default\">\n\t\t\t\t\t\t\t\t\t\t\t\t\t\t\t<img decoding=\"async\" width=\"180\" height=\"71\" src=\"https:\/\/npnp.lu\/wp-content\/uploads\/2025\/10\/Cesip.png\" class=\"attachment-full size-full wp-image-1288\" alt=\"\" \/>\t\t\t\t\t\t\t\t\t\t\t\t\t\t\t<\/div>\n\t\t\t\t<\/div>\n\t\t<div class=\"elementor-element elementor-element-baa30bd e-con-full e-flex e-con e-child\" data-id=\"baa30bd\" data-element_type=\"container\" data-e-type=\"container\" data-settings=\"{&quot;background_background&quot;:&quot;classic&quot;}\">\n\t\t\t\t<div class=\"elementor-element elementor-element-1543a48 elementor-widget elementor-widget-text-editor\" data-id=\"1543a48\" data-element_type=\"widget\" data-e-type=\"widget\" data-widget_type=\"text-editor.default\">\n\t\t\t\t\t\t\t\t\t<h2>CESIP<\/h2><h3>Una instituci\u00f3n local y nacional<\/h3><p><br>El Centro de Estudios Sociales y Publicaciones (CESIP) fue fundado el 9 de septiembre de 1976 y es una organizaci\u00f3n peruana con sede en Lima (Per\u00fa) que ayuda a comunidades desfavorecidas. El CESIP lleva a cabo proyectos educativos y sociales para apoyar a los ni\u00f1as, ni\u00f1os y adolescentes y a sus familias, facilitarles el acceso a sus derechos y promover su integraci\u00f3n en la sociedad. <\/p><p>Desde la d\u00e9cada de 1990, CESIP ha llevado a cabo casi 150 proyectos sobre temas como la escuela, la prevenci\u00f3n de la violencia y la lucha contra el trabajo infantil y juvenil. Sus medidas tambi\u00e9n benefician a los maestros, los l\u00edderes locales y las autoridades. Desde la pandemia de COVID-19, la organizaci\u00f3n tambi\u00e9n se ocupa de la salud mental de los ni\u00f1os y las familias.  <\/p>\t\t\t\t\t\t\t\t<\/div>\n\t\t\t\t<div class=\"elementor-element elementor-element-1a1b44c elementor-widget-divider--view-line elementor-widget elementor-widget-divider\" data-id=\"1a1b44c\" data-element_type=\"widget\" data-e-type=\"widget\" data-widget_type=\"divider.default\">\n\t\t\t\t\t\t\t<div class=\"elementor-divider\">\n\t\t\t<span class=\"elementor-divider-separator\">\n\t\t\t\t\t\t<\/span>\n\t\t<\/div>\n\t\t\t\t\t\t<\/div>\n\t\t\t\t<div class=\"elementor-element elementor-element-9beef2b elementor-widget elementor-widget-text-editor\" data-id=\"9beef2b\" data-element_type=\"widget\" data-e-type=\"widget\" data-widget_type=\"text-editor.default\">\n\t\t\t\t\t\t\t\t\t<h3>Misi\u00f3n e identidad<\/h3><p>La misi\u00f3n de CESIP se centra en la promoci\u00f3n y protecci\u00f3n de los derechos de los ni\u00f1os, ni\u00f1as y adolescentes. La organizaci\u00f3n se enfoca en: <\/p><ol><li>La participaci\u00f3n de los ni\u00f1os, ni\u00f1as y adolescentes.<\/li><li>La promoci\u00f3n y protecci\u00f3n de los derechos en la escuela.<\/li><li>Una vida sin violencia para los ni\u00f1os, las ni\u00f1as y los j\u00f3venes.<\/li><li>La prevenci\u00f3n y la protecci\u00f3n contra el trabajo infantil y los adolescentes que ya trabajan.<\/li><li>La protecci\u00f3n de la lactancia materna.<\/li><\/ol>\t\t\t\t\t\t\t\t<\/div>\n\t\t\t\t<div class=\"elementor-element elementor-element-d125a0a elementor-widget-divider--view-line elementor-widget elementor-widget-divider\" data-id=\"d125a0a\" data-element_type=\"widget\" data-e-type=\"widget\" data-widget_type=\"divider.default\">\n\t\t\t\t\t\t\t<div class=\"elementor-divider\">\n\t\t\t<span class=\"elementor-divider-separator\">\n\t\t\t\t\t\t<\/span>\n\t\t<\/div>\n\t\t\t\t\t\t<\/div>\n\t\t\t\t<div class=\"elementor-element elementor-element-5ded672 elementor-widget elementor-widget-text-editor\" data-id=\"5ded672\" data-element_type=\"widget\" data-e-type=\"widget\" data-widget_type=\"text-editor.default\">\n\t\t\t\t\t\t\t\t\t<h3>Medidas diarias y arraigo regional<\/h3><p>El CESIP opera en distintos niveles: nacional, regional y local, con especial \u00e9nfasis en las zonas urbanas y rurales vulnerables, particularmente en las regiones de Lima y Cusco. Carabayllo (distrito de Lima), especialmente las zonas de Lomas de Carabayllo y El Progreso, ha sido una prioridad para el CESIP durante m\u00e1s de 30 a\u00f1os. <\/p><p>La organizaci\u00f3n desarrolla e implementa diversos programas de apoyo a ni\u00f1as, ni\u00f1os y adolescentes, entre los que se incluyen:<\/p><ul><li>Prevenci\u00f3n de la trata de personas y protecci\u00f3n contra el maltrato y el abuso.<\/li><li>La erradicaci\u00f3n del trabajo infantil y la protecci\u00f3n de los j\u00f3venes trabajadores.<\/li><li>El fortalecimiento econ\u00f3mico de las familias.<\/li><li>Programas de acompa\u00f1amiento a ni\u00f1as, ni\u00f1os y adolescentes que trabajan en el reciclaje o en actividades potencialmente peligrosas, ofreci\u00e9ndoles apoyo educativo, social y psicol\u00f3gico para mejorar su seguridad y bienestar.<\/li><\/ul>\t\t\t\t\t\t\t\t<\/div>\n\t\t\t\t<div class=\"elementor-element elementor-element-bcde96f e-grid-align-left elementor-shape-rounded elementor-grid-0 elementor-widget elementor-widget-social-icons\" data-id=\"bcde96f\" data-element_type=\"widget\" data-e-type=\"widget\" data-widget_type=\"social-icons.default\">\n\t\t\t\t\t\t\t<div class=\"elementor-social-icons-wrapper elementor-grid\" role=\"list\">\n\t\t\t\t\t\t\t<span class=\"elementor-grid-item\" role=\"listitem\">\n\t\t\t\t\t<a class=\"elementor-icon elementor-social-icon elementor-social-icon-facebook elementor-repeater-item-39ef844\" href=\"https:\/\/www.facebook.com\/Cesip.org\" target=\"_blank\">\n\t\t\t\t\t\t<span class=\"elementor-screen-only\">Facebook<\/span>\n\t\t\t\t\t\t<svg aria-hidden=\"true\" class=\"e-font-icon-svg e-fab-facebook\" viewBox=\"0 0 512 512\" xmlns=\"http:\/\/www.w3.org\/2000\/svg\"><path d=\"M504 256C504 119 393 8 256 8S8 119 8 256c0 123.78 90.69 226.38 209.25 245V327.69h-63V256h63v-54.64c0-62.15 37-96.48 93.67-96.48 27.14 0 55.52 4.84 55.52 4.84v61h-31.28c-30.8 0-40.41 19.12-40.41 38.73V256h68.78l-11 71.69h-57.78V501C413.31 482.38 504 379.78 504 256z\"><\/path><\/svg>\t\t\t\t\t<\/a>\n\t\t\t\t<\/span>\n\t\t\t\t\t\t\t<span class=\"elementor-grid-item\" role=\"listitem\">\n\t\t\t\t\t<a class=\"elementor-icon elementor-social-icon elementor-social-icon-x-twitter elementor-repeater-item-fe82e26\" href=\"https:\/\/x.com\/cesip_peru\" target=\"_blank\">\n\t\t\t\t\t\t<span class=\"elementor-screen-only\">X-twitter<\/span>\n\t\t\t\t\t\t<svg aria-hidden=\"true\" class=\"e-font-icon-svg e-fab-x-twitter\" viewBox=\"0 0 512 512\" xmlns=\"http:\/\/www.w3.org\/2000\/svg\"><path d=\"M389.2 48h70.6L305.6 224.2 487 464H345L233.7 318.6 106.5 464H35.8L200.7 275.5 26.8 48H172.4L272.9 180.9 389.2 48zM364.4 421.8h39.1L151.1 88h-42L364.4 421.8z\"><\/path><\/svg>\t\t\t\t\t<\/a>\n\t\t\t\t<\/span>\n\t\t\t\t\t\t\t<span class=\"elementor-grid-item\" role=\"listitem\">\n\t\t\t\t\t<a class=\"elementor-icon elementor-social-icon elementor-social-icon-house-user elementor-repeater-item-1c04960\" href=\"https:\/\/www.cesip.org.pe\/\" target=\"_blank\">\n\t\t\t\t\t\t<span class=\"elementor-screen-only\">House-user<\/span>\n\t\t\t\t\t\t<svg aria-hidden=\"true\" class=\"e-font-icon-svg e-fas-house-user\" viewBox=\"0 0 576 512\" xmlns=\"http:\/\/www.w3.org\/2000\/svg\"><path d=\"M570.69,236.27,512,184.44V48a16,16,0,0,0-16-16H432a16,16,0,0,0-16,16V99.67L314.78,10.3C308.5,4.61,296.53,0,288,0s-20.46,4.61-26.74,10.3l-256,226A18.27,18.27,0,0,0,0,248.2a18.64,18.64,0,0,0,4.09,10.71L25.5,282.7a21.14,21.14,0,0,0,12,5.3,21.67,21.67,0,0,0,10.69-4.11l15.9-14V480a32,32,0,0,0,32,32H480a32,32,0,0,0,32-32V269.88l15.91,14A21.94,21.94,0,0,0,538.63,288a20.89,20.89,0,0,0,11.87-5.31l21.41-23.81A21.64,21.64,0,0,0,576,248.19,21,21,0,0,0,570.69,236.27ZM288,176a64,64,0,1,1-64,64A64,64,0,0,1,288,176ZM400,448H176a16,16,0,0,1-16-16,96,96,0,0,1,96-96h64a96,96,0,0,1,96,96A16,16,0,0,1,400,448Z\"><\/path><\/svg>\t\t\t\t\t<\/a>\n\t\t\t\t<\/span>\n\t\t\t\t\t<\/div>\n\t\t\t\t\t\t<\/div>\n\t\t\t\t<\/div>\n\t\t\t\t\t<\/div>\n\t\t\t\t<\/div>\n\t\t<div class=\"elementor-element elementor-element-264a01b e-flex e-con-boxed e-con e-parent\" data-id=\"264a01b\" data-element_type=\"container\" data-e-type=\"container\" data-settings=\"{&quot;background_background&quot;:&quot;classic&quot;}\">\n\t\t\t\t\t<div class=\"e-con-inner\">\n\t\t<div class=\"elementor-element elementor-element-b48c0d0 e-con-full e-flex e-con e-child\" data-id=\"b48c0d0\" data-element_type=\"container\" data-e-type=\"container\">\n\t\t\t\t<div class=\"elementor-element elementor-element-eaf5295 elementor-widget elementor-widget-image\" data-id=\"eaf5295\" data-element_type=\"widget\" data-e-type=\"widget\" data-widget_type=\"image.default\">\n\t\t\t\t\t\t\t\t\t\t\t\t\t\t\t<img fetchpriority=\"high\" decoding=\"async\" width=\"1024\" height=\"679\" src=\"https:\/\/npnp.lu\/wp-content\/uploads\/2025\/11\/UTA_7561-1024x679.jpg\" class=\"attachment-large size-large wp-image-1374\" alt=\"\" srcset=\"https:\/\/npnp.lu\/wp-content\/uploads\/2025\/11\/UTA_7561-1024x679.jpg 1024w, https:\/\/npnp.lu\/wp-content\/uploads\/2025\/11\/UTA_7561-300x199.jpg 300w, https:\/\/npnp.lu\/wp-content\/uploads\/2025\/11\/UTA_7561-768x509.jpg 768w, https:\/\/npnp.lu\/wp-content\/uploads\/2025\/11\/UTA_7561.jpg 1500w\" sizes=\"(max-width: 1024px) 100vw, 1024px\" \/>\t\t\t\t\t\t\t\t\t\t\t\t\t\t\t<\/div>\n\t\t\t\t<\/div>\n\t\t<div class=\"elementor-element elementor-element-ff9166d e-con-full e-flex e-con e-child\" data-id=\"ff9166d\" data-element_type=\"container\" data-e-type=\"container\">\n\t\t\t\t<div class=\"elementor-element elementor-element-0767655 elementor-widget elementor-widget-image\" data-id=\"0767655\" data-element_type=\"widget\" data-e-type=\"widget\" data-widget_type=\"image.default\">\n\t\t\t\t\t\t\t\t\t\t\t\t\t\t\t<img decoding=\"async\" width=\"1024\" height=\"678\" src=\"https:\/\/npnp.lu\/wp-content\/uploads\/2025\/11\/UTA_7405-1024x678.jpg\" class=\"attachment-large size-large wp-image-1375\" alt=\"\" srcset=\"https:\/\/npnp.lu\/wp-content\/uploads\/2025\/11\/UTA_7405-1024x678.jpg 1024w, https:\/\/npnp.lu\/wp-content\/uploads\/2025\/11\/UTA_7405-300x199.jpg 300w, https:\/\/npnp.lu\/wp-content\/uploads\/2025\/11\/UTA_7405-768x508.jpg 768w, https:\/\/npnp.lu\/wp-content\/uploads\/2025\/11\/UTA_7405.jpg 1500w\" sizes=\"(max-width: 1024px) 100vw, 1024px\" \/>\t\t\t\t\t\t\t\t\t\t\t\t\t\t\t<\/div>\n\t\t\t\t<\/div>\n\t\t<div class=\"elementor-element elementor-element-c727a91 e-con-full e-flex e-con e-child\" data-id=\"c727a91\" data-element_type=\"container\" data-e-type=\"container\">\n\t\t\t\t<div class=\"elementor-element elementor-element-ed7b2f9 elementor-widget elementor-widget-image\" data-id=\"ed7b2f9\" data-element_type=\"widget\" data-e-type=\"widget\" data-widget_type=\"image.default\">\n\t\t\t\t\t\t\t\t\t\t\t\t\t\t\t<img loading=\"lazy\" decoding=\"async\" width=\"1024\" height=\"679\" src=\"https:\/\/npnp.lu\/wp-content\/uploads\/2025\/10\/UTA_8243-1024x679.jpg\" class=\"attachment-large size-large wp-image-1376\" alt=\"\" srcset=\"https:\/\/npnp.lu\/wp-content\/uploads\/2025\/10\/UTA_8243-1024x679.jpg 1024w, https:\/\/npnp.lu\/wp-content\/uploads\/2025\/10\/UTA_8243-300x199.jpg 300w, https:\/\/npnp.lu\/wp-content\/uploads\/2025\/10\/UTA_8243-768x509.jpg 768w, https:\/\/npnp.lu\/wp-content\/uploads\/2025\/10\/UTA_8243.jpg 1500w\" sizes=\"(max-width: 1024px) 100vw, 1024px\" \/>\t\t\t\t\t\t\t\t\t\t\t\t\t\t\t<\/div>\n\t\t\t\t<\/div>\n\t\t<div class=\"elementor-element elementor-element-5e0148c e-con-full e-flex e-con e-child\" data-id=\"5e0148c\" data-element_type=\"container\" data-e-type=\"container\">\n\t\t\t\t<div class=\"elementor-element elementor-element-37be411 elementor-widget elementor-widget-image\" data-id=\"37be411\" data-element_type=\"widget\" data-e-type=\"widget\" data-widget_type=\"image.default\">\n\t\t\t\t\t\t\t\t\t\t\t\t\t\t\t<img loading=\"lazy\" decoding=\"async\" width=\"1024\" height=\"679\" src=\"https:\/\/npnp.lu\/wp-content\/uploads\/2025\/10\/UTA_8230-1024x679.jpg\" class=\"attachment-large size-large wp-image-1377\" alt=\"\" srcset=\"https:\/\/npnp.lu\/wp-content\/uploads\/2025\/10\/UTA_8230-1024x679.jpg 1024w, https:\/\/npnp.lu\/wp-content\/uploads\/2025\/10\/UTA_8230-300x199.jpg 300w, https:\/\/npnp.lu\/wp-content\/uploads\/2025\/10\/UTA_8230-768x509.jpg 768w, https:\/\/npnp.lu\/wp-content\/uploads\/2025\/10\/UTA_8230.jpg 1500w\" sizes=\"(max-width: 1024px) 100vw, 1024px\" \/>\t\t\t\t\t\t\t\t\t\t\t\t\t\t\t<\/div>\n\t\t\t\t<\/div>\n\t\t\t\t\t<\/div>\n\t\t\t\t<\/div>\n\t\t\t\t<\/div>\n\t\t","protected":false},"excerpt":{"rendered":"<p>Nuestro socio en Per\u00fa CESIP Una instituci\u00f3n local y nacional El Centro de Estudios Sociales y Publicaciones (CESIP) fue fundado [&hellip;]<\/p>\n","protected":false},"author":2,"featured_media":0,"parent":0,"menu_order":0,"comment_status":"closed","ping_status":"closed","template":"elementor_header_footer","meta":{"site-sidebar-layout":"default","site-content-layout":"","ast-site-content-layout":"full-width-container","site-content-style":"default","site-sidebar-style":"default","ast-global-header-display":"","ast-banner-title-visibility":"","ast-main-header-display":"","ast-hfb-above-header-display":"","ast-hfb-below-header-display":"","ast-hfb-mobile-header-display":"","site-post-title":"","ast-breadcrumbs-content":"","ast-featured-img":"","footer-sml-layout":"","ast-disable-related-posts":"","theme-transparent-header-meta":"","adv-header-id-meta":"","stick-header-meta":"","header-above-stick-meta":"","header-main-stick-meta":"","header-below-stick-meta":"","astra-migrate-meta-layouts":"default","ast-page-background-enabled":"default","ast-page-background-meta":{"desktop":{"background-color":"var(--ast-global-color-5)","background-image":"","background-repeat":"repeat","background-position":"center center","background-size":"auto","background-attachment":"scroll","background-type":"","background-media":"","overlay-type":"","overlay-color":"","overlay-opacity":"","overlay-gradient":""},"tablet":{"background-color":"","background-image":"","background-repeat":"repeat","background-position":"center center","background-size":"auto","background-attachment":"scroll","background-type":"","background-media":"","overlay-type":"","overlay-color":"","overlay-opacity":"","overlay-gradient":""},"mobile":{"background-color":"","background-image":"","background-repeat":"repeat","background-position":"center center","background-size":"auto","background-attachment":"scroll","background-type":"","background-media":"","overlay-type":"","overlay-color":"","overlay-opacity":"","overlay-gradient":""}},"ast-content-background-meta":{"desktop":{"background-color":"var(--ast-global-color-4)","background-image":"","background-repeat":"repeat","background-position":"center center","background-size":"auto","background-attachment":"scroll","background-type":"","background-media":"","overlay-type":"","overlay-color":"","overlay-opacity":"","overlay-gradient":""},"tablet":{"background-color":"var(--ast-global-color-4)","background-image":"","background-repeat":"repeat","background-position":"center center","background-size":"auto","background-attachment":"scroll","background-type":"","background-media":"","overlay-type":"","overlay-color":"","overlay-opacity":"","overlay-gradient":""},"mobile":{"background-color":"var(--ast-global-color-4)","background-image":"","background-repeat":"repeat","background-position":"center center","background-size":"auto","background-attachment":"scroll","background-type":"","background-media":"","overlay-type":"","overlay-color":"","overlay-opacity":"","overlay-gradient":""}},"footnotes":""},"class_list":["post-1378","page","type-page","status-publish","hentry"],"_links":{"self":[{"href":"https:\/\/npnp.lu\/es\/wp-json\/wp\/v2\/pages\/1378","targetHints":{"allow":["GET"]}}],"collection":[{"href":"https:\/\/npnp.lu\/es\/wp-json\/wp\/v2\/pages"}],"about":[{"href":"https:\/\/npnp.lu\/es\/wp-json\/wp\/v2\/types\/page"}],"author":[{"embeddable":true,"href":"https:\/\/npnp.lu\/es\/wp-json\/wp\/v2\/users\/2"}],"replies":[{"embeddable":true,"href":"https:\/\/npnp.lu\/es\/wp-json\/wp\/v2\/comments?post=1378"}],"version-history":[{"count":4,"href":"https:\/\/npnp.lu\/es\/wp-json\/wp\/v2\/pages\/1378\/revisions"}],"predecessor-version":[{"id":1677,"href":"https:\/\/npnp.lu\/es\/wp-json\/wp\/v2\/pages\/1378\/revisions\/1677"}],"wp:attachment":[{"href":"https:\/\/npnp.lu\/es\/wp-json\/wp\/v2\/media?parent=1378"}],"curies":[{"name":"wp","href":"https:\/\/api.w.org\/{rel}","templated":true}]}}