{"id":1370,"date":"2025-12-15T18:04:00","date_gmt":"2025-12-15T17:04:00","guid":{"rendered":"https:\/\/npnp.eu\/proyecto-en-peru\/"},"modified":"2026-03-05T14:36:24","modified_gmt":"2026-03-05T13:36:24","slug":"proyecto-en-peru","status":"publish","type":"page","link":"https:\/\/npnp.lu\/es\/proyecto-en-peru\/","title":{"rendered":"Proyecto en Per\u00fa"},"content":{"rendered":"\t\t<div data-elementor-type=\"wp-page\" data-elementor-id=\"1370\" class=\"elementor elementor-1370 elementor-742\">\n\t\t\t\t<div class=\"elementor-element elementor-element-3200862 e-con-full e-flex e-con e-parent\" data-id=\"3200862\" data-element_type=\"container\" data-e-type=\"container\" data-settings=\"{&quot;background_background&quot;:&quot;slideshow&quot;,&quot;background_slideshow_gallery&quot;:[{&quot;id&quot;:1368,&quot;url&quot;:&quot;https:\\\/\\\/npnp.eu\\\/wp-content\\\/uploads\\\/2025\\\/11\\\/UTA_7584.jpg&quot;}],&quot;background_slideshow_loop&quot;:&quot;yes&quot;,&quot;background_slideshow_slide_duration&quot;:5000,&quot;background_slideshow_slide_transition&quot;:&quot;fade&quot;,&quot;background_slideshow_transition_duration&quot;:500}\">\n\t\t\t\t<div class=\"elementor-element elementor-element-0bd07d5 elementor-widget elementor-widget-qi_addons_for_elementor_highlight\" data-id=\"0bd07d5\" data-element_type=\"widget\" data-e-type=\"widget\" data-widget_type=\"qi_addons_for_elementor_highlight.default\">\n\t\t\t\t<div class=\"elementor-widget-container\">\n\t\t\t\t\t<p class=\"qodef-shortcode qodef-m qodef-qi-highlight qodef-qi--has-appear qodef-highlight-style--color\" >\n\t<span class=\"qodef-highlight-text\" style=\"background-image: linear-gradient(to bottom, transparent 0%, #F65223 0%, #F65223 100%, transparent 100%)\">Nuestro proyecto en Per\u00fa<\/p>\n\t\t\t\t<\/div>\n\t\t\t\t<\/div>\n\t\t\t\t<\/div>\n\t\t<div class=\"elementor-element elementor-element-d3643d6 e-flex e-con-boxed e-con e-parent\" data-id=\"d3643d6\" data-element_type=\"container\" data-e-type=\"container\">\n\t\t\t\t\t<div class=\"e-con-inner\">\n\t\t<div class=\"elementor-element elementor-element-82de1f7 e-con-full e-flex e-con e-child\" data-id=\"82de1f7\" data-element_type=\"container\" data-e-type=\"container\">\n\t\t\t\t<div class=\"elementor-element elementor-element-3f3bba6 elementor-widget elementor-widget-image\" data-id=\"3f3bba6\" data-element_type=\"widget\" data-e-type=\"widget\" data-widget_type=\"image.default\">\n\t\t\t\t\t\t\t\t\t\t\t\t\t\t\t<img decoding=\"async\" width=\"180\" height=\"71\" src=\"https:\/\/npnp.lu\/wp-content\/uploads\/2025\/10\/Cesip.png\" class=\"attachment-full size-full wp-image-1288\" alt=\"\" \/>\t\t\t\t\t\t\t\t\t\t\t\t\t\t\t<\/div>\n\t\t\t\t<\/div>\n\t\t<div class=\"elementor-element elementor-element-baa30bd e-con-full e-flex e-con e-child\" data-id=\"baa30bd\" data-element_type=\"container\" data-e-type=\"container\" data-settings=\"{&quot;background_background&quot;:&quot;classic&quot;}\">\n\t\t\t\t<div class=\"elementor-element elementor-element-1543a48 elementor-widget elementor-widget-text-editor\" data-id=\"1543a48\" data-element_type=\"widget\" data-e-type=\"widget\" data-widget_type=\"text-editor.default\">\n\t\t\t\t\t\t\t\t\t<h2>Nuestro proyecto con CESIP<\/h2><p> <\/p><h3>Darles a los ni\u00f1os, ni\u00f1as y adolescentes de Carabayllo (Lima, Per\u00fa) la llave para un futuro mejor<\/h3><p> <\/p><p>En las comunidades Comit\u00e9 31, Santa Rosa, Sol Naciente, Eliane Karp, 11 de Mayo, Los Portales del Sol y Pueblo Joven El Progreso, m\u00e1s de 400 ni\u00f1os, ni\u00f1as y j\u00f3venes viven a diario en condiciones precarias: est\u00e1n expuestos a la violencia, no reciben apoyo familiar y corren el riesgo de ser v\u00edctimas del trabajo infantil. Junto con nuestro socio CESIP, los acompa\u00f1amos para fortalecer sus derechos y crear un entorno seguro y protector. <\/p>\t\t\t\t\t\t\t\t<\/div>\n\t\t\t\t<div class=\"elementor-element elementor-element-1a1b44c elementor-widget-divider--view-line elementor-widget elementor-widget-divider\" data-id=\"1a1b44c\" data-element_type=\"widget\" data-e-type=\"widget\" data-widget_type=\"divider.default\">\n\t\t\t\t\t\t\t<div class=\"elementor-divider\">\n\t\t\t<span class=\"elementor-divider-separator\">\n\t\t\t\t\t\t<\/span>\n\t\t<\/div>\n\t\t\t\t\t\t<\/div>\n\t\t\t\t<div class=\"elementor-element elementor-element-9beef2b elementor-widget elementor-widget-text-editor\" data-id=\"9beef2b\" data-element_type=\"widget\" data-e-type=\"widget\" data-widget_type=\"text-editor.default\">\n\t\t\t\t\t\t\t\t\t<h3>Fortalecer a los ni\u00f1as, ni\u00f1os y adolescentes<\/h3><p> <\/p><p>Desarrollar la autoestima, las habilidades de liderazgo y la capacidad de defender los intereses propios.<\/p><p>Los ni\u00f1as, ni\u00f1os y adolescentes de entre 6 y 14 a\u00f1os de las comunidades de Carabayllo reciben capacitaci\u00f3n sobre sus derechos, habilidades de liderazgo y defensa de intereses:<\/p><ul><li>Desarrollo de la autoestima y la autonom\u00eda<\/li><li>Cursos de capacitaci\u00f3n en liderazgo y ciudadan\u00eda<\/li><li>Medidas colectivas para la defensa de intereses<\/li><\/ul><p>Diego, de 12 a\u00f1os, vive en el barrio de Santa Rosa. Gracias a los cursos de capacitaci\u00f3n, aprende a expresar sus ideas y participa en la primera campa\u00f1a local en defensa de los derechos de los ni\u00f1os en su comunidad. <\/p>\t\t\t\t\t\t\t\t<\/div>\n\t\t\t\t<div class=\"elementor-element elementor-element-d125a0a elementor-widget-divider--view-line elementor-widget elementor-widget-divider\" data-id=\"d125a0a\" data-element_type=\"widget\" data-e-type=\"widget\" data-widget_type=\"divider.default\">\n\t\t\t\t\t\t\t<div class=\"elementor-divider\">\n\t\t\t<span class=\"elementor-divider-separator\">\n\t\t\t\t\t\t<\/span>\n\t\t<\/div>\n\t\t\t\t\t\t<\/div>\n\t\t\t\t<div class=\"elementor-element elementor-element-5ded672 elementor-widget elementor-widget-text-editor\" data-id=\"5ded672\" data-element_type=\"widget\" data-e-type=\"widget\" data-widget_type=\"text-editor.default\">\n\t\t\t\t\t\t\t\t\t<h3>Crear espacios seguros: la CDINNA<\/h3><p> <\/p><p>Aprender a relajarse y a ser independiente.<\/p><p>En cada municipio, los Centros para el Desarrollo Integral de Ni\u00f1os y Adolescentes (CDINNA) ofrecen un espacio para el ocio, el aprendizaje y la participaci\u00f3n. Los CDINNA son centros comunitarios que ofrecen a los ni\u00f1as, ni\u00f1os y adolescentes un espacio seguro para aprender, divertirse y desarrollar su independencia, al tiempo que participan activamente en la vida de su comunidad: <\/p><ul><li>Actividades recreativas y educativas<\/li><li>Participaci\u00f3n en la vida del centro<\/li><li>Desarrollo social y personal<\/li><\/ul>\t\t\t\t\t\t\t\t<\/div>\n\t\t\t\t<div class=\"elementor-element elementor-element-853413c elementor-widget-divider--view-line elementor-widget elementor-widget-divider\" data-id=\"853413c\" data-element_type=\"widget\" data-e-type=\"widget\" data-widget_type=\"divider.default\">\n\t\t\t\t\t\t\t<div class=\"elementor-divider\">\n\t\t\t<span class=\"elementor-divider-separator\">\n\t\t\t\t\t\t<\/span>\n\t\t<\/div>\n\t\t\t\t\t\t<\/div>\n\t\t\t\t<div class=\"elementor-element elementor-element-0702495 elementor-widget elementor-widget-text-editor\" data-id=\"0702495\" data-element_type=\"widget\" data-e-type=\"widget\" data-widget_type=\"text-editor.default\">\n\t\t\t\t\t\t\t\t\t<h3>Apoyo a las familias<\/h3><p>Capacitaci\u00f3n de padres para fortalecer la protecci\u00f3n infantil.<\/p><p>Los padres y los responsables familiares aprenden c\u00f3mo crear un entorno protector y positivo para sus hijos:<\/p><ul><li>Comprensi\u00f3n de los derechos del ni\u00f1o<\/li><li>Aplicaci\u00f3n de estrategias educativas positivas<\/li><li>Fortalecimiento del di\u00e1logo familiar<\/li><\/ul>\t\t\t\t\t\t\t\t<\/div>\n\t\t\t\t<div class=\"elementor-element elementor-element-4c36300 elementor-widget-divider--view-line elementor-widget elementor-widget-divider\" data-id=\"4c36300\" data-element_type=\"widget\" data-e-type=\"widget\" data-widget_type=\"divider.default\">\n\t\t\t\t\t\t\t<div class=\"elementor-divider\">\n\t\t\t<span class=\"elementor-divider-separator\">\n\t\t\t\t\t\t<\/span>\n\t\t<\/div>\n\t\t\t\t\t\t<\/div>\n\t\t\t\t<div class=\"elementor-element elementor-element-60aff5e elementor-widget elementor-widget-text-editor\" data-id=\"60aff5e\" data-element_type=\"widget\" data-e-type=\"widget\" data-widget_type=\"text-editor.default\">\n\t\t\t\t\t\t\t\t\t<h3>Comunidades comprometidas<\/h3><p> <\/p><p>Creaci\u00f3n de una red para la protecci\u00f3n y la participaci\u00f3n sostenibles.<\/p><p>Las redes de representantes municipales y comit\u00e9s administrativos participan activamente en la promoci\u00f3n de los derechos de los ni\u00f1os, ni\u00f1as y adolescentes:<\/p><ul><li>Prevenci\u00f3n de la violencia y protecci\u00f3n de los j\u00f3venes<\/li><li>Promoci\u00f3n de la educaci\u00f3n y las actividades de tiempo libre<\/li><li>Supervisi\u00f3n de las medidas locales<\/li><\/ul><p>Carlos, de 14 a\u00f1os, miembro del comit\u00e9 administrativo de Los Portales del Sol, colabora con adultos para organizar actividades y sensibilizar a los residentes sobre los derechos de los ni\u00f1os.<\/p>\t\t\t\t\t\t\t\t<\/div>\n\t\t\t\t<div class=\"elementor-element elementor-element-714be06 elementor-widget-divider--view-line elementor-widget elementor-widget-divider\" data-id=\"714be06\" data-element_type=\"widget\" data-e-type=\"widget\" data-widget_type=\"divider.default\">\n\t\t\t\t\t\t\t<div class=\"elementor-divider\">\n\t\t\t<span class=\"elementor-divider-separator\">\n\t\t\t\t\t\t<\/span>\n\t\t<\/div>\n\t\t\t\t\t\t<\/div>\n\t\t\t\t<div class=\"elementor-element elementor-element-1d1b61e elementor-widget elementor-widget-text-editor\" data-id=\"1d1b61e\" data-element_type=\"widget\" data-e-type=\"widget\" data-widget_type=\"text-editor.default\">\n\t\t\t\t\t\t\t\t\t<h2>El impacto de sus donaciones<\/h2><p> <\/p><p>Gracias por su apoyo:<\/p><ul><li>Se capacita a 400 ni\u00f1as, ni\u00f1os y adolescentes y se protegen sus derechos.<\/li><li>50 j\u00f3venes l\u00edderes llevan a cabo campa\u00f1as para cambiar su comunidad.<\/li><li>Se apoya a 450 familias para que apliquen m\u00e9todos educativos positivos.<\/li><li>Siete municipios cuentan con centros activos (CDINNA) y una red local de protecci\u00f3n.<\/li><li>Los ni\u00f1os y ni\u00f1as son reconocidos como sujetos de derecho y participan activamente en la vida p\u00fablica de sus comunidades.<\/li><\/ul><p> <\/p><h2>Por qu\u00e9 este proyecto es tan importante<\/h2><p> <\/p><p>Porque en estos barrios de Lima:<\/p><ul><li>Demasiados ni\u00f1os se enfrentan a la violencia dom\u00e9stica, al trabajo infantil o a la exclusi\u00f3n escolar.<\/li><li>Muchas familias carecen de los medios y herramientas necesarios para proteger y apoyar a sus hijos.<\/li><li>A menudo se ignora la opini\u00f3n de los ni\u00f1os en las decisiones de la comunidad.<\/li><\/ul><p> <\/p><p><strong>Con CESIP creamos un entorno protector y democr\u00e1tico en el que los ni\u00f1as, ni\u00f1os y adolescentes pueden desarrollarse, defender sus derechos y convertirse en pioneros de un futuro sin violencia.<\/strong><\/p>\t\t\t\t\t\t\t\t<\/div>\n\t\t\t\t<\/div>\n\t\t\t\t\t<\/div>\n\t\t\t\t<\/div>\n\t\t\t\t<\/div>\n\t\t","protected":false},"excerpt":{"rendered":"<p>Nuestro proyecto en Per\u00fa Nuestro proyecto con CESIP Darles a los ni\u00f1os, ni\u00f1as y adolescentes de Carabayllo (Lima, Per\u00fa) la [&hellip;]<\/p>\n","protected":false},"author":2,"featured_media":0,"parent":0,"menu_order":0,"comment_status":"closed","ping_status":"closed","template":"elementor_header_footer","meta":{"site-sidebar-layout":"default","site-content-layout":"","ast-site-content-layout":"full-width-container","site-content-style":"default","site-sidebar-style":"default","ast-global-header-display":"","ast-banner-title-visibility":"","ast-main-header-display":"","ast-hfb-above-header-display":"","ast-hfb-below-header-display":"","ast-hfb-mobile-header-display":"","site-post-title":"","ast-breadcrumbs-content":"","ast-featured-img":"","footer-sml-layout":"","ast-disable-related-posts":"","theme-transparent-header-meta":"","adv-header-id-meta":"","stick-header-meta":"","header-above-stick-meta":"","header-main-stick-meta":"","header-below-stick-meta":"","astra-migrate-meta-layouts":"default","ast-page-background-enabled":"default","ast-page-background-meta":{"desktop":{"background-color":"var(--ast-global-color-5)","background-image":"","background-repeat":"repeat","background-position":"center center","background-size":"auto","background-attachment":"scroll","background-type":"","background-media":"","overlay-type":"","overlay-color":"","overlay-opacity":"","overlay-gradient":""},"tablet":{"background-color":"","background-image":"","background-repeat":"repeat","background-position":"center center","background-size":"auto","background-attachment":"scroll","background-type":"","background-media":"","overlay-type":"","overlay-color":"","overlay-opacity":"","overlay-gradient":""},"mobile":{"background-color":"","background-image":"","background-repeat":"repeat","background-position":"center center","background-size":"auto","background-attachment":"scroll","background-type":"","background-media":"","overlay-type":"","overlay-color":"","overlay-opacity":"","overlay-gradient":""}},"ast-content-background-meta":{"desktop":{"background-color":"var(--ast-global-color-4)","background-image":"","background-repeat":"repeat","background-position":"center center","background-size":"auto","background-attachment":"scroll","background-type":"","background-media":"","overlay-type":"","overlay-color":"","overlay-opacity":"","overlay-gradient":""},"tablet":{"background-color":"var(--ast-global-color-4)","background-image":"","background-repeat":"repeat","background-position":"center center","background-size":"auto","background-attachment":"scroll","background-type":"","background-media":"","overlay-type":"","overlay-color":"","overlay-opacity":"","overlay-gradient":""},"mobile":{"background-color":"var(--ast-global-color-4)","background-image":"","background-repeat":"repeat","background-position":"center center","background-size":"auto","background-attachment":"scroll","background-type":"","background-media":"","overlay-type":"","overlay-color":"","overlay-opacity":"","overlay-gradient":""}},"footnotes":""},"class_list":["post-1370","page","type-page","status-publish","hentry"],"_links":{"self":[{"href":"https:\/\/npnp.lu\/es\/wp-json\/wp\/v2\/pages\/1370","targetHints":{"allow":["GET"]}}],"collection":[{"href":"https:\/\/npnp.lu\/es\/wp-json\/wp\/v2\/pages"}],"about":[{"href":"https:\/\/npnp.lu\/es\/wp-json\/wp\/v2\/types\/page"}],"author":[{"embeddable":true,"href":"https:\/\/npnp.lu\/es\/wp-json\/wp\/v2\/users\/2"}],"replies":[{"embeddable":true,"href":"https:\/\/npnp.lu\/es\/wp-json\/wp\/v2\/comments?post=1370"}],"version-history":[{"count":3,"href":"https:\/\/npnp.lu\/es\/wp-json\/wp\/v2\/pages\/1370\/revisions"}],"predecessor-version":[{"id":1683,"href":"https:\/\/npnp.lu\/es\/wp-json\/wp\/v2\/pages\/1370\/revisions\/1683"}],"wp:attachment":[{"href":"https:\/\/npnp.lu\/es\/wp-json\/wp\/v2\/media?parent=1370"}],"curies":[{"name":"wp","href":"https:\/\/api.w.org\/{rel}","templated":true}]}}