{"id":1361,"date":"2025-11-28T16:06:51","date_gmt":"2025-11-28T15:06:51","guid":{"rendered":"https:\/\/npnp.eu\/situacion-en-argentina\/"},"modified":"2026-03-04T15:34:41","modified_gmt":"2026-03-04T14:34:41","slug":"situacion-en-argentina","status":"publish","type":"page","link":"https:\/\/npnp.lu\/es\/situacion-en-argentina\/","title":{"rendered":"Situaci\u00f3n en Argentina"},"content":{"rendered":"\t\t<div data-elementor-type=\"wp-page\" data-elementor-id=\"1361\" class=\"elementor elementor-1361 elementor-628\">\n\t\t\t\t<div class=\"elementor-element elementor-element-3200862 e-flex e-con-boxed e-con e-parent\" data-id=\"3200862\" data-element_type=\"container\" data-e-type=\"container\" data-settings=\"{&quot;background_background&quot;:&quot;slideshow&quot;,&quot;background_slideshow_gallery&quot;:[{&quot;id&quot;:1347,&quot;url&quot;:&quot;https:\\\/\\\/npnp.eu\\\/wp-content\\\/uploads\\\/2025\\\/11\\\/Argentinien.jpg&quot;},{&quot;id&quot;:1348,&quot;url&quot;:&quot;https:\\\/\\\/npnp.eu\\\/wp-content\\\/uploads\\\/2025\\\/11\\\/UTA_5359.jpg&quot;},{&quot;id&quot;:1349,&quot;url&quot;:&quot;https:\\\/\\\/npnp.eu\\\/wp-content\\\/uploads\\\/2025\\\/11\\\/UTA_5327.jpg&quot;},{&quot;id&quot;:1350,&quot;url&quot;:&quot;https:\\\/\\\/npnp.eu\\\/wp-content\\\/uploads\\\/2025\\\/11\\\/UTA_5398.jpg&quot;}],&quot;background_slideshow_loop&quot;:&quot;yes&quot;,&quot;background_slideshow_slide_duration&quot;:5000,&quot;background_slideshow_slide_transition&quot;:&quot;fade&quot;,&quot;background_slideshow_transition_duration&quot;:500}\">\n\t\t\t\t\t<div class=\"e-con-inner\">\n\t\t\t\t<div class=\"elementor-element elementor-element-e559c61 elementor-widget elementor-widget-qi_addons_for_elementor_highlight\" data-id=\"e559c61\" data-element_type=\"widget\" data-e-type=\"widget\" data-widget_type=\"qi_addons_for_elementor_highlight.default\">\n\t\t\t\t<div class=\"elementor-widget-container\">\n\t\t\t\t\t<p class=\"qodef-shortcode qodef-m qodef-qi-highlight qodef-qi--has-appear qodef-highlight-style--color\" >\n\t<span class=\"qodef-highlight-text\" style=\"background-image: linear-gradient(to bottom, transparent 0%, #F65223 0%, #F65223 100%, transparent 100%)\">Argentino<\/p>\n\t\t\t\t<\/div>\n\t\t\t\t<\/div>\n\t\t\t\t\t<\/div>\n\t\t\t\t<\/div>\n\t\t<div class=\"elementor-element elementor-element-a7e87b6 e-flex e-con-boxed e-con e-parent\" data-id=\"a7e87b6\" data-element_type=\"container\" data-e-type=\"container\" data-settings=\"{&quot;background_background&quot;:&quot;classic&quot;}\">\n\t\t\t\t\t<div class=\"e-con-inner\">\n\t\t<div class=\"elementor-element elementor-element-c0e3032 e-con-full e-flex e-con e-child\" data-id=\"c0e3032\" data-element_type=\"container\" data-e-type=\"container\" data-settings=\"{&quot;background_background&quot;:&quot;slideshow&quot;,&quot;background_slideshow_gallery&quot;:[{&quot;id&quot;:1351,&quot;url&quot;:&quot;https:\\\/\\\/npnp.eu\\\/wp-content\\\/uploads\\\/2025\\\/11\\\/WhatsApp-Image-2025-05-05-at-14.49.34-bis.jpg&quot;},{&quot;id&quot;:1352,&quot;url&quot;:&quot;https:\\\/\\\/npnp.eu\\\/wp-content\\\/uploads\\\/2025\\\/11\\\/WhatsApp-Image-2025-05-05-at-14.49.11.jpg&quot;},{&quot;id&quot;:1353,&quot;url&quot;:&quot;https:\\\/\\\/npnp.eu\\\/wp-content\\\/uploads\\\/2025\\\/11\\\/20251016_164548-1.jpg&quot;},{&quot;id&quot;:1213,&quot;url&quot;:&quot;https:\\\/\\\/npnp.eu\\\/wp-content\\\/uploads\\\/2025\\\/11\\\/20251016_164734.jpg&quot;},{&quot;id&quot;:1354,&quot;url&quot;:&quot;https:\\\/\\\/npnp.eu\\\/wp-content\\\/uploads\\\/2025\\\/11\\\/UTA_5354.jpg&quot;}],&quot;background_slideshow_loop&quot;:&quot;yes&quot;,&quot;background_slideshow_slide_duration&quot;:5000,&quot;background_slideshow_slide_transition&quot;:&quot;fade&quot;,&quot;background_slideshow_transition_duration&quot;:500}\">\n\t\t\t\t<\/div>\n\t\t<div class=\"elementor-element elementor-element-4cbf305 e-con-full e-flex e-con e-child\" data-id=\"4cbf305\" data-element_type=\"container\" data-e-type=\"container\" data-settings=\"{&quot;background_background&quot;:&quot;classic&quot;}\">\n\t\t\t\t<div class=\"elementor-element elementor-element-869de14 elementor-widget elementor-widget-text-editor\" data-id=\"869de14\" data-element_type=\"widget\" data-e-type=\"widget\" data-widget_type=\"text-editor.default\">\n\t\t\t\t\t\t\t\t\t<h1><span style=\"color: #ffffff;\">Situaci\u00f3n en Argentina<\/span><\/h1><p>La historia reciente de Argentina ha estado marcada por una dictadura (1976-1983), seguida de un largo per\u00edodo de inestabilidad econ\u00f3mica y social que culmin\u00f3 en la grave crisis de 2001-2002. Aunque desde entonces el pa\u00eds ha recuperado cierta estabilidad, las repercusiones de estas crisis siguen afectando profundamente a la vida cotidiana, especialmente a la de los ni\u00f1as, ni\u00f1os y adolescentes. <\/p><p>El pa\u00eds ratific\u00f3 la Convenci\u00f3n sobre los Derechos del Ni\u00f1o (CDN) en 1990 e incorpor\u00f3 este texto a su Constituci\u00f3n ya en 1994. En 2005, la Ley Nacional 26.061 estableci\u00f3 un sistema de protecci\u00f3n integral de los derechos de los ni\u00f1os y adolescentes que reconoce su condici\u00f3n de sujetos de derecho y define las responsabilidades compartidas de la familia, la sociedad y el Estado. Sin embargo, a pesar de este marco progresista, su aplicaci\u00f3n sigue siendo incompleta y los derechos fundamentales de muchos ni\u00f1os a\u00fan no se respetan suficientemente.  <\/p>\t\t\t\t\t\t\t\t<\/div>\n\t\t\t\t<\/div>\n\t\t\t\t\t<\/div>\n\t\t\t\t<\/div>\n\t\t<div class=\"elementor-element elementor-element-d268c2b e-flex e-con-boxed e-con e-parent\" data-id=\"d268c2b\" data-element_type=\"container\" data-e-type=\"container\">\n\t\t\t\t\t<div class=\"e-con-inner\">\n\t\t<div class=\"elementor-element elementor-element-a882f18 e-con-full e-flex e-con e-child\" data-id=\"a882f18\" data-element_type=\"container\" data-e-type=\"container\">\n\t\t\t\t<div class=\"elementor-element elementor-element-2a61bc4 elementor-widget elementor-widget-text-editor\" data-id=\"2a61bc4\" data-element_type=\"widget\" data-e-type=\"widget\" data-widget_type=\"text-editor.default\">\n\t\t\t\t\t\t\t\t\t<p>Los datos disponibles, que provienen principalmente del periodo 2019-2021 y son actualmente las \u00faltimas fuentes oficiales publicadas, muestran que la situaci\u00f3n en las zonas populares y marginadas sigue siendo especialmente preocupante. En el distrito de Moreno, en las afueras de Buenos Aires, casi el 55 % de los ni\u00f1os viv\u00edan por debajo del umbral de pobreza en 2021 (UNICEF). El sector Cuartel V, donde se concentran las actividades de nuestro socio Madre Tierra, registr\u00f3 un fuerte crecimiento demogr\u00e1fico debido a la inmigraci\u00f3n de familias procedentes de Paraguay, Bolivia y Per\u00fa, que se han establecido en asentamientos informales como El Milenio (unas 400 familias) y Los Hornos (unas 140 familias).  <\/p><p>Estos barrios se enfrentan a problemas estructurales persistentes:<\/p><ul><li>condiciones de vivienda precarias y de hacinamiento;<\/li><li>acceso limitado a servicios b\u00e1sicos (agua potable, alcantarillado, electricidad);<\/li><li>alta tasa de abandono escolar: solo el 50 % de los alumnos que ingresan en la educaci\u00f3n secundaria completan sus estudios, y en 2020 uno de cada diez adolescentes de entre 13 y 17 a\u00f1os ya hab\u00eda abandonado la escuela;<\/li><li>alto \u00edndice de violencia: encuestas realizadas entre 2019 y 2020 muestran que casi el 60 % de los ni\u00f1os y ni\u00f1as menores de 15 a\u00f1os han sufrido violencia en casa.<\/li><\/ul>\t\t\t\t\t\t\t\t<\/div>\n\t\t\t\t<\/div>\n\t\t<div class=\"elementor-element elementor-element-d3488d5 e-con-full e-flex e-con e-child\" data-id=\"d3488d5\" data-element_type=\"container\" data-e-type=\"container\">\n\t\t\t\t<div class=\"elementor-element elementor-element-0226f75 elementor-widget elementor-widget-image\" data-id=\"0226f75\" data-element_type=\"widget\" data-e-type=\"widget\" data-widget_type=\"image.default\">\n\t\t\t\t\t\t\t\t\t\t\t\t\t\t\t<img fetchpriority=\"high\" decoding=\"async\" width=\"524\" height=\"1024\" src=\"https:\/\/npnp.lu\/wp-content\/uploads\/2025\/11\/3842599_414-Konvertiert-524x1024.png\" class=\"attachment-large size-large wp-image-1345\" alt=\"\" srcset=\"https:\/\/npnp.lu\/wp-content\/uploads\/2025\/11\/3842599_414-Konvertiert-524x1024.png 524w, https:\/\/npnp.lu\/wp-content\/uploads\/2025\/11\/3842599_414-Konvertiert-154x300.png 154w, https:\/\/npnp.lu\/wp-content\/uploads\/2025\/11\/3842599_414-Konvertiert-768x1500.png 768w, https:\/\/npnp.lu\/wp-content\/uploads\/2025\/11\/3842599_414-Konvertiert-787x1536.png 787w, https:\/\/npnp.lu\/wp-content\/uploads\/2025\/11\/3842599_414-Konvertiert-1049x2048.png 1049w, https:\/\/npnp.lu\/wp-content\/uploads\/2025\/11\/3842599_414-Konvertiert-scaled.png 1311w\" sizes=\"(max-width: 524px) 100vw, 524px\" \/>\t\t\t\t\t\t\t\t\t\t\t\t\t\t\t<\/div>\n\t\t\t\t<\/div>\n\t\t\t\t\t<\/div>\n\t\t\t\t<\/div>\n\t\t<div class=\"elementor-element elementor-element-097b3c1 e-flex e-con-boxed e-con e-parent\" data-id=\"097b3c1\" data-element_type=\"container\" data-e-type=\"container\" data-settings=\"{&quot;background_background&quot;:&quot;slideshow&quot;,&quot;animation_mobile&quot;:&quot;zoomIn&quot;,&quot;background_slideshow_gallery&quot;:[],&quot;background_slideshow_loop&quot;:&quot;yes&quot;,&quot;background_slideshow_slide_duration&quot;:5000,&quot;background_slideshow_slide_transition&quot;:&quot;fade&quot;,&quot;background_slideshow_transition_duration&quot;:500}\">\n\t\t\t\t\t<div class=\"e-con-inner\">\n\t\t\t\t\t<\/div>\n\t\t\t\t<\/div>\n\t\t<div class=\"elementor-element elementor-element-194ec18 e-flex e-con-boxed e-con e-parent\" data-id=\"194ec18\" data-element_type=\"container\" data-e-type=\"container\">\n\t\t\t\t\t<div class=\"e-con-inner\">\n\t\t<div class=\"elementor-element elementor-element-cf11ef2 e-con-full e-flex e-con e-child\" data-id=\"cf11ef2\" data-element_type=\"container\" data-e-type=\"container\">\n\t\t\t\t<div class=\"elementor-element elementor-element-a951782 elementor-widget elementor-widget-text-editor\" data-id=\"a951782\" data-element_type=\"widget\" data-e-type=\"widget\" data-widget_type=\"text-editor.default\">\n\t\t\t\t\t\t\t\t\t<p>Otras regiones del pa\u00eds presentan vulnerabilidades similares, en particular Lomas de Zamora (provincia de Buenos Aires), el departamento de Monteros (provincia de Tucum\u00e1n) y la ciudad de Arist\u00f3bulo del Valle (provincia de Misiones). Estas zonas se enfrentan a los mismos retos: pobreza persistente, servicios b\u00e1sicos insuficientes, problemas educativos y grandes desigualdades que afectan a los ni\u00f1os, ni\u00f1as y adolescentes. Nuestra organizaci\u00f3n asociada DyA trabaja en estas regiones para apoyar a las comunidades locales y contribuir a su desarrollo social, educativo y participativo.  <\/p>\t\t\t\t\t\t\t\t<\/div>\n\t\t\t\t<\/div>\n\t\t<div class=\"elementor-element elementor-element-fde1ca5 e-con-full e-flex e-con e-child\" data-id=\"fde1ca5\" data-element_type=\"container\" data-e-type=\"container\">\n\t\t\t\t<div class=\"elementor-element elementor-element-c99c8f5 elementor-widget elementor-widget-text-editor\" data-id=\"c99c8f5\" data-element_type=\"widget\" data-e-type=\"widget\" data-widget_type=\"text-editor.default\">\n\t\t\t\t\t\t\t\t\t<p>La pandemia de COVID-19 ha agravado estas vulnerabilidades a nivel nacional y ha acentuado las desigualdades en materia de educaci\u00f3n y familia. Aunque estas cifras son de 2020, siguen siendo los datos oficiales m\u00e1s recientes disponibles y reflejan problemas que los actores locales siguen observando hoy en d\u00eda sobre el terreno. <\/p><p>En este contexto, el reconocimiento y el ejercicio efectivo de los derechos de los ni\u00f1os, en particular el derecho a la participaci\u00f3n, siguen siendo muy limitados y contrastan fuertemente con el marco jur\u00eddico progresista del pa\u00eds.<\/p>\t\t\t\t\t\t\t\t<\/div>\n\t\t\t\t<\/div>\n\t\t\t\t\t<\/div>\n\t\t\t\t<\/div>\n\t\t<div class=\"elementor-element elementor-element-85a9f80 e-grid e-con-boxed e-con e-parent\" data-id=\"85a9f80\" data-element_type=\"container\" data-e-type=\"container\">\n\t\t\t\t\t<div class=\"e-con-inner\">\n\t\t\t\t<div class=\"elementor-element elementor-element-8dd7f35 elementor-widget elementor-widget-image\" data-id=\"8dd7f35\" data-element_type=\"widget\" data-e-type=\"widget\" data-widget_type=\"image.default\">\n\t\t\t\t\t\t\t\t\t\t\t\t\t\t\t<img decoding=\"async\" width=\"1024\" height=\"679\" src=\"https:\/\/npnp.lu\/wp-content\/uploads\/2025\/11\/UTA_5301-1024x679.jpg\" class=\"attachment-large size-large wp-image-1218\" alt=\"\" srcset=\"https:\/\/npnp.lu\/wp-content\/uploads\/2025\/11\/UTA_5301-1024x679.jpg 1024w, https:\/\/npnp.lu\/wp-content\/uploads\/2025\/11\/UTA_5301-300x199.jpg 300w, https:\/\/npnp.lu\/wp-content\/uploads\/2025\/11\/UTA_5301-768x509.jpg 768w, https:\/\/npnp.lu\/wp-content\/uploads\/2025\/11\/UTA_5301.jpg 1500w\" sizes=\"(max-width: 1024px) 100vw, 1024px\" \/>\t\t\t\t\t\t\t\t\t\t\t\t\t\t\t<\/div>\n\t\t\t\t<div class=\"elementor-element elementor-element-fb32212 elementor-widget elementor-widget-image\" data-id=\"fb32212\" data-element_type=\"widget\" data-e-type=\"widget\" data-widget_type=\"image.default\">\n\t\t\t\t\t\t\t\t\t\t\t\t\t\t\t<img decoding=\"async\" width=\"1024\" height=\"682\" src=\"https:\/\/npnp.lu\/wp-content\/uploads\/2025\/11\/IMG-20251018-WA0037-1024x682.jpg\" class=\"attachment-large size-large wp-image-1212\" alt=\"\" srcset=\"https:\/\/npnp.lu\/wp-content\/uploads\/2025\/11\/IMG-20251018-WA0037-1024x682.jpg 1024w, https:\/\/npnp.lu\/wp-content\/uploads\/2025\/11\/IMG-20251018-WA0037-300x200.jpg 300w, https:\/\/npnp.lu\/wp-content\/uploads\/2025\/11\/IMG-20251018-WA0037-768x512.jpg 768w, https:\/\/npnp.lu\/wp-content\/uploads\/2025\/11\/IMG-20251018-WA0037-1536x1023.jpg 1536w, https:\/\/npnp.lu\/wp-content\/uploads\/2025\/11\/IMG-20251018-WA0037.jpg 1600w\" sizes=\"(max-width: 1024px) 100vw, 1024px\" \/>\t\t\t\t\t\t\t\t\t\t\t\t\t\t\t<\/div>\n\t\t\t\t\t<\/div>\n\t\t\t\t<\/div>\n\t\t\t\t<\/div>\n\t\t","protected":false},"excerpt":{"rendered":"<p>Argentino Situaci\u00f3n en Argentina La historia reciente de Argentina ha estado marcada por una dictadura (1976-1983), seguida de un largo [&hellip;]<\/p>\n","protected":false},"author":2,"featured_media":0,"parent":0,"menu_order":0,"comment_status":"closed","ping_status":"closed","template":"elementor_header_footer","meta":{"site-sidebar-layout":"default","site-content-layout":"","ast-site-content-layout":"full-width-container","site-content-style":"default","site-sidebar-style":"default","ast-global-header-display":"","ast-banner-title-visibility":"","ast-main-header-display":"","ast-hfb-above-header-display":"","ast-hfb-below-header-display":"","ast-hfb-mobile-header-display":"","site-post-title":"","ast-breadcrumbs-content":"","ast-featured-img":"","footer-sml-layout":"","ast-disable-related-posts":"","theme-transparent-header-meta":"","adv-header-id-meta":"","stick-header-meta":"","header-above-stick-meta":"","header-main-stick-meta":"","header-below-stick-meta":"","astra-migrate-meta-layouts":"default","ast-page-background-enabled":"default","ast-page-background-meta":{"desktop":{"background-color":"var(--ast-global-color-5)","background-image":"","background-repeat":"repeat","background-position":"center center","background-size":"auto","background-attachment":"scroll","background-type":"","background-media":"","overlay-type":"","overlay-color":"","overlay-opacity":"","overlay-gradient":""},"tablet":{"background-color":"","background-image":"","background-repeat":"repeat","background-position":"center center","background-size":"auto","background-attachment":"scroll","background-type":"","background-media":"","overlay-type":"","overlay-color":"","overlay-opacity":"","overlay-gradient":""},"mobile":{"background-color":"","background-image":"","background-repeat":"repeat","background-position":"center center","background-size":"auto","background-attachment":"scroll","background-type":"","background-media":"","overlay-type":"","overlay-color":"","overlay-opacity":"","overlay-gradient":""}},"ast-content-background-meta":{"desktop":{"background-color":"var(--ast-global-color-4)","background-image":"","background-repeat":"repeat","background-position":"center center","background-size":"auto","background-attachment":"scroll","background-type":"","background-media":"","overlay-type":"","overlay-color":"","overlay-opacity":"","overlay-gradient":""},"tablet":{"background-color":"var(--ast-global-color-4)","background-image":"","background-repeat":"repeat","background-position":"center center","background-size":"auto","background-attachment":"scroll","background-type":"","background-media":"","overlay-type":"","overlay-color":"","overlay-opacity":"","overlay-gradient":""},"mobile":{"background-color":"var(--ast-global-color-4)","background-image":"","background-repeat":"repeat","background-position":"center center","background-size":"auto","background-attachment":"scroll","background-type":"","background-media":"","overlay-type":"","overlay-color":"","overlay-opacity":"","overlay-gradient":""}},"footnotes":""},"class_list":["post-1361","page","type-page","status-publish","hentry"],"_links":{"self":[{"href":"https:\/\/npnp.lu\/es\/wp-json\/wp\/v2\/pages\/1361","targetHints":{"allow":["GET"]}}],"collection":[{"href":"https:\/\/npnp.lu\/es\/wp-json\/wp\/v2\/pages"}],"about":[{"href":"https:\/\/npnp.lu\/es\/wp-json\/wp\/v2\/types\/page"}],"author":[{"embeddable":true,"href":"https:\/\/npnp.lu\/es\/wp-json\/wp\/v2\/users\/2"}],"replies":[{"embeddable":true,"href":"https:\/\/npnp.lu\/es\/wp-json\/wp\/v2\/comments?post=1361"}],"version-history":[{"count":7,"href":"https:\/\/npnp.lu\/es\/wp-json\/wp\/v2\/pages\/1361\/revisions"}],"predecessor-version":[{"id":1627,"href":"https:\/\/npnp.lu\/es\/wp-json\/wp\/v2\/pages\/1361\/revisions\/1627"}],"wp:attachment":[{"href":"https:\/\/npnp.lu\/es\/wp-json\/wp\/v2\/media?parent=1361"}],"curies":[{"name":"wp","href":"https:\/\/api.w.org\/{rel}","templated":true}]}}