{"id":1320,"date":"2025-12-04T14:05:50","date_gmt":"2025-12-04T13:05:50","guid":{"rendered":"https:\/\/npnp.eu\/situacion-en-peru\/"},"modified":"2026-03-05T14:43:10","modified_gmt":"2026-03-05T13:43:10","slug":"situacion-en-peru","status":"publish","type":"page","link":"https:\/\/npnp.lu\/es\/situacion-en-peru\/","title":{"rendered":"Situaci\u00f3n en Per\u00fa"},"content":{"rendered":"\t\t<div data-elementor-type=\"wp-page\" data-elementor-id=\"1320\" class=\"elementor elementor-1320 elementor-705\">\n\t\t\t\t<div class=\"elementor-element elementor-element-3200862 e-flex e-con-boxed e-con e-parent\" data-id=\"3200862\" data-element_type=\"container\" data-e-type=\"container\" data-settings=\"{&quot;background_background&quot;:&quot;slideshow&quot;,&quot;background_slideshow_gallery&quot;:[{&quot;id&quot;:1306,&quot;url&quot;:&quot;https:\\\/\\\/npnp.eu\\\/wp-content\\\/uploads\\\/2025\\\/11\\\/Peru.jpg&quot;},{&quot;id&quot;:1307,&quot;url&quot;:&quot;https:\\\/\\\/npnp.eu\\\/wp-content\\\/uploads\\\/2025\\\/11\\\/Einer-von-vielen-Huegeln-im-Distrikt-Carabayllo-farbenfroh-anzusehen-aus-der-Ferne-weniger-schoen-bei-naeherem-Hinsehen-1-1.jpg&quot;},{&quot;id&quot;:1308,&quot;url&quot;:&quot;https:\\\/\\\/npnp.eu\\\/wp-content\\\/uploads\\\/2025\\\/11\\\/UTA_7238a.jpg&quot;},{&quot;id&quot;:1309,&quot;url&quot;:&quot;https:\\\/\\\/npnp.eu\\\/wp-content\\\/uploads\\\/2025\\\/11\\\/UTA_7320.jpg&quot;}],&quot;background_slideshow_loop&quot;:&quot;yes&quot;,&quot;background_slideshow_slide_duration&quot;:5000,&quot;background_slideshow_slide_transition&quot;:&quot;fade&quot;,&quot;background_slideshow_transition_duration&quot;:500}\">\n\t\t\t\t\t<div class=\"e-con-inner\">\n\t\t\t\t<div class=\"elementor-element elementor-element-e559c61 elementor-widget elementor-widget-qi_addons_for_elementor_highlight\" data-id=\"e559c61\" data-element_type=\"widget\" data-e-type=\"widget\" data-widget_type=\"qi_addons_for_elementor_highlight.default\">\n\t\t\t\t<div class=\"elementor-widget-container\">\n\t\t\t\t\t<p class=\"qodef-shortcode qodef-m qodef-qi-highlight qodef-qi--has-appear qodef-highlight-style--color\" >\n\t<span class=\"qodef-highlight-text\" style=\"background-image: linear-gradient(to bottom, transparent 0%, #F65223 0%, #F65223 100%, transparent 100%)\">Per\u00fa<\/p>\n\t\t\t\t<\/div>\n\t\t\t\t<\/div>\n\t\t\t\t\t<\/div>\n\t\t\t\t<\/div>\n\t\t<div class=\"elementor-element elementor-element-a7e87b6 e-flex e-con-boxed e-con e-parent\" data-id=\"a7e87b6\" data-element_type=\"container\" data-e-type=\"container\" data-settings=\"{&quot;background_background&quot;:&quot;classic&quot;}\">\n\t\t\t\t\t<div class=\"e-con-inner\">\n\t\t<div class=\"elementor-element elementor-element-c0e3032 e-con-full e-flex e-con e-child\" data-id=\"c0e3032\" data-element_type=\"container\" data-e-type=\"container\" data-settings=\"{&quot;background_background&quot;:&quot;slideshow&quot;,&quot;background_slideshow_gallery&quot;:[{&quot;id&quot;:1310,&quot;url&quot;:&quot;https:\\\/\\\/npnp.eu\\\/wp-content\\\/uploads\\\/2025\\\/11\\\/UTA_7592.jpg&quot;},{&quot;id&quot;:1311,&quot;url&quot;:&quot;https:\\\/\\\/npnp.eu\\\/wp-content\\\/uploads\\\/2025\\\/11\\\/UTA_7224.jpg&quot;},{&quot;id&quot;:1312,&quot;url&quot;:&quot;https:\\\/\\\/npnp.eu\\\/wp-content\\\/uploads\\\/2025\\\/10\\\/UTA_8505.jpg&quot;},{&quot;id&quot;:1277,&quot;url&quot;:&quot;https:\\\/\\\/npnp.eu\\\/wp-content\\\/uploads\\\/2025\\\/10\\\/UTA_8860.jpg&quot;},{&quot;id&quot;:1313,&quot;url&quot;:&quot;https:\\\/\\\/npnp.eu\\\/wp-content\\\/uploads\\\/2025\\\/10\\\/UTA_8866.jpg&quot;},{&quot;id&quot;:1314,&quot;url&quot;:&quot;https:\\\/\\\/npnp.eu\\\/wp-content\\\/uploads\\\/2025\\\/10\\\/UTA_8869.jpg&quot;},{&quot;id&quot;:1276,&quot;url&quot;:&quot;https:\\\/\\\/npnp.eu\\\/wp-content\\\/uploads\\\/2025\\\/10\\\/UTA_8851.jpg&quot;},{&quot;id&quot;:1315,&quot;url&quot;:&quot;https:\\\/\\\/npnp.eu\\\/wp-content\\\/uploads\\\/2025\\\/10\\\/UTA_8852.jpg&quot;}],&quot;background_slideshow_loop&quot;:&quot;yes&quot;,&quot;background_slideshow_slide_duration&quot;:5000,&quot;background_slideshow_slide_transition&quot;:&quot;fade&quot;,&quot;background_slideshow_transition_duration&quot;:500}\">\n\t\t\t\t<\/div>\n\t\t<div class=\"elementor-element elementor-element-4cbf305 e-con-full e-flex e-con e-child\" data-id=\"4cbf305\" data-element_type=\"container\" data-e-type=\"container\" data-settings=\"{&quot;background_background&quot;:&quot;classic&quot;}\">\n\t\t\t\t<div class=\"elementor-element elementor-element-869de14 elementor-widget elementor-widget-text-editor\" data-id=\"869de14\" data-element_type=\"widget\" data-e-type=\"widget\" data-widget_type=\"text-editor.default\">\n\t\t\t\t\t\t\t\t\t<h1><span style=\"color: #ffffff;\">Situaci\u00f3n en Per\u00fa<\/span><\/h1><p>Una ma\u00f1ana en El Progreso, Mar\u00eda, de 12 a\u00f1os, acompa\u00f1a a su hermano peque\u00f1o a la escuela. La casa que dejan atr\u00e1s es una \u00fanica habitaci\u00f3n de chapa que comparten con otros cinco miembros de la familia. De camino, pasa por un terreno bald\u00edo lleno de basura. En realidad, all\u00ed deber\u00edan poder jugar los ni\u00f1os del barrio, pero el lugar es peligroso y rara vez se utiliza. En la escuela, las aulas est\u00e1n abarrotadas y, a veces, no cuentan con el material suficiente. Mar\u00eda escucha, pero casi nunca participa: ha aprendido que su voz cuenta poco, ni en su familia, donde las decisiones se toman de arriba abajo, ni en su comunidad, donde los ni\u00f1os no tienen cabida.     <\/p><p> <\/p>\t\t\t\t\t\t\t\t<\/div>\n\t\t\t\t<\/div>\n\t\t\t\t\t<\/div>\n\t\t\t\t<\/div>\n\t\t<div class=\"elementor-element elementor-element-d268c2b e-flex e-con-boxed e-con e-parent\" data-id=\"d268c2b\" data-element_type=\"container\" data-e-type=\"container\">\n\t\t\t\t\t<div class=\"e-con-inner\">\n\t\t<div class=\"elementor-element elementor-element-a882f18 e-con-full e-flex e-con e-child\" data-id=\"a882f18\" data-element_type=\"container\" data-e-type=\"container\">\n\t\t\t\t<div class=\"elementor-element elementor-element-2a61bc4 elementor-widget elementor-widget-text-editor\" data-id=\"2a61bc4\" data-element_type=\"widget\" data-e-type=\"widget\" data-widget_type=\"text-editor.default\">\n\t\t\t\t\t\t\t\t\t<p>Seg\u00fan UNICEF, hay tres espacios fundamentales en los que se debe fomentar la participaci\u00f3n: la familia, primer lugar de socializaci\u00f3n donde se construyen la confianza y el sentido de la responsabilidad; la escuela, donde se aprenden los derechos y deberes individuales y colectivos; y, por \u00faltimo, la vida cotidiana, donde los espacios p\u00fablicos deben ofrecer oportunidades de encuentro, juego y ciudadan\u00eda. Pero en Carabayllo, estos espacios brillan por su ausencia o no cumplen su funci\u00f3n. <\/p><p>La pobreza urbana en Per\u00fa afecta a casi el 29 % de la poblaci\u00f3n en 2023 y es a\u00fan mayor en zonas perif\u00e9ricas como Carabayllo. El distrito de Carabayllo es uno de los m\u00e1s grandes y poblados de Lima, pero tambi\u00e9n uno de los m\u00e1s desfavorecidos. Sus zonas perif\u00e9ricas, como El Progreso, han crecido r\u00e1pidamente, a menudo sin planificaci\u00f3n urbana y sin servicios b\u00e1sicos. Aqu\u00ed, el acceso al agua, la electricidad o las instalaciones educativas y recreativas sigue siendo limitado, y la mayor\u00eda de las familias viven en la pobreza.   <\/p>\t\t\t\t\t\t\t\t<\/div>\n\t\t\t\t<\/div>\n\t\t<div class=\"elementor-element elementor-element-d3488d5 e-con-full e-flex e-con e-child\" data-id=\"d3488d5\" data-element_type=\"container\" data-e-type=\"container\">\n\t\t\t\t<div class=\"elementor-element elementor-element-0226f75 elementor-widget elementor-widget-image\" data-id=\"0226f75\" data-element_type=\"widget\" data-e-type=\"widget\" data-widget_type=\"image.default\">\n\t\t\t\t\t\t\t\t\t\t\t\t\t\t\t<img fetchpriority=\"high\" decoding=\"async\" width=\"702\" height=\"1024\" src=\"https:\/\/npnp.lu\/wp-content\/uploads\/2025\/11\/1693600_148-Konvertiert-702x1024.png\" class=\"attachment-large size-large wp-image-1316\" alt=\"\" srcset=\"https:\/\/npnp.lu\/wp-content\/uploads\/2025\/11\/1693600_148-Konvertiert-702x1024.png 702w, https:\/\/npnp.lu\/wp-content\/uploads\/2025\/11\/1693600_148-Konvertiert-206x300.png 206w, https:\/\/npnp.lu\/wp-content\/uploads\/2025\/11\/1693600_148-Konvertiert-768x1119.png 768w, https:\/\/npnp.lu\/wp-content\/uploads\/2025\/11\/1693600_148-Konvertiert-1054x1536.png 1054w, https:\/\/npnp.lu\/wp-content\/uploads\/2025\/11\/1693600_148-Konvertiert-1405x2048.png 1405w, https:\/\/npnp.lu\/wp-content\/uploads\/2025\/11\/1693600_148-Konvertiert-scaled.png 1756w\" sizes=\"(max-width: 702px) 100vw, 702px\" \/>\t\t\t\t\t\t\t\t\t\t\t\t\t\t\t<\/div>\n\t\t\t\t<\/div>\n\t\t\t\t\t<\/div>\n\t\t\t\t<\/div>\n\t\t<div class=\"elementor-element elementor-element-097b3c1 e-flex e-con-boxed e-con e-parent\" data-id=\"097b3c1\" data-element_type=\"container\" data-e-type=\"container\" data-settings=\"{&quot;background_background&quot;:&quot;slideshow&quot;,&quot;animation_mobile&quot;:&quot;zoomIn&quot;,&quot;background_slideshow_gallery&quot;:[],&quot;background_slideshow_loop&quot;:&quot;yes&quot;,&quot;background_slideshow_slide_duration&quot;:5000,&quot;background_slideshow_slide_transition&quot;:&quot;fade&quot;,&quot;background_slideshow_transition_duration&quot;:500}\">\n\t\t\t\t\t<div class=\"e-con-inner\">\n\t\t\t\t\t<\/div>\n\t\t\t\t<\/div>\n\t\t<div class=\"elementor-element elementor-element-194ec18 e-flex e-con-boxed e-con e-parent\" data-id=\"194ec18\" data-element_type=\"container\" data-e-type=\"container\">\n\t\t\t\t\t<div class=\"e-con-inner\">\n\t\t<div class=\"elementor-element elementor-element-cf11ef2 e-con-full e-flex e-con e-child\" data-id=\"cf11ef2\" data-element_type=\"container\" data-e-type=\"container\">\n\t\t\t\t<div class=\"elementor-element elementor-element-a951782 elementor-widget elementor-widget-text-editor\" data-id=\"a951782\" data-element_type=\"widget\" data-e-type=\"widget\" data-widget_type=\"text-editor.default\">\n\t\t\t\t\t\t\t\t\t<p>Kinder und Jugendliche wie Maria geh\u00f6ren zu den am st\u00e4rksten gef\u00e4hrdeten Gruppen. Unsichtbar f\u00fcr die Institutionen, die sie eigentlich sch\u00fctzen sollten, wachsen sie in einem Umfeld auf, das von Armut, Ern\u00e4hrungsunsicherheit und h\u00e4uslicher Gewalt gepr\u00e4gt ist. Die Covid-19-Pandemie hat diese Schwierigkeiten noch versch\u00e4rft: geschlossene Schulen, Isolation, Arbeitslosigkeit der Eltern und eine dramatische Zunahme der Prekarit\u00e4t. Mehr als 1,2 Millionen Kinder sind in Armut geraten.   <\/p>\t\t\t\t\t\t\t\t<\/div>\n\t\t\t\t<\/div>\n\t\t<div class=\"elementor-element elementor-element-fde1ca5 e-con-full e-flex e-con e-child\" data-id=\"fde1ca5\" data-element_type=\"container\" data-e-type=\"container\">\n\t\t\t\t<div class=\"elementor-element elementor-element-c99c8f5 elementor-widget elementor-widget-text-editor\" data-id=\"c99c8f5\" data-element_type=\"widget\" data-e-type=\"widget\" data-widget_type=\"text-editor.default\">\n\t\t\t\t\t\t\t\t\t<p>En este contexto, la participaci\u00f3n de los ni\u00f1os sigue siendo un derecho fr\u00e1gil. \u00bfC\u00f3mo puede un ni\u00f1o aprender a expresarse, debatir y defender sus ideas si no hay di\u00e1logo en la familia, si la escuela no fomenta la escucha y si la comunidad no ofrece espacios seguros? <\/p>\t\t\t\t\t\t\t\t<\/div>\n\t\t\t\t<\/div>\n\t\t\t\t\t<\/div>\n\t\t\t\t<\/div>\n\t\t<div class=\"elementor-element elementor-element-85a9f80 e-grid e-con-boxed e-con e-parent\" data-id=\"85a9f80\" data-element_type=\"container\" data-e-type=\"container\">\n\t\t\t\t\t<div class=\"e-con-inner\">\n\t\t\t\t<div class=\"elementor-element elementor-element-8dd7f35 elementor-widget elementor-widget-image\" data-id=\"8dd7f35\" data-element_type=\"widget\" data-e-type=\"widget\" data-widget_type=\"image.default\">\n\t\t\t\t\t\t\t\t\t\t\t\t\t\t\t<img decoding=\"async\" width=\"1024\" height=\"679\" src=\"https:\/\/npnp.lu\/wp-content\/uploads\/2025\/10\/UTA_8880-1024x679.jpg\" class=\"attachment-large size-large wp-image-1318\" alt=\"\" srcset=\"https:\/\/npnp.lu\/wp-content\/uploads\/2025\/10\/UTA_8880-1024x679.jpg 1024w, https:\/\/npnp.lu\/wp-content\/uploads\/2025\/10\/UTA_8880-300x199.jpg 300w, https:\/\/npnp.lu\/wp-content\/uploads\/2025\/10\/UTA_8880-768x509.jpg 768w, https:\/\/npnp.lu\/wp-content\/uploads\/2025\/10\/UTA_8880.jpg 1500w\" sizes=\"(max-width: 1024px) 100vw, 1024px\" \/>\t\t\t\t\t\t\t\t\t\t\t\t\t\t\t<\/div>\n\t\t\t\t<div class=\"elementor-element elementor-element-fb32212 elementor-widget elementor-widget-image\" data-id=\"fb32212\" data-element_type=\"widget\" data-e-type=\"widget\" data-widget_type=\"image.default\">\n\t\t\t\t\t\t\t\t\t\t\t\t\t\t\t<img decoding=\"async\" width=\"1024\" height=\"679\" src=\"https:\/\/npnp.lu\/wp-content\/uploads\/2025\/10\/UTA_8854-1024x679.jpg\" class=\"attachment-large size-large wp-image-1319\" alt=\"\" srcset=\"https:\/\/npnp.lu\/wp-content\/uploads\/2025\/10\/UTA_8854-1024x679.jpg 1024w, https:\/\/npnp.lu\/wp-content\/uploads\/2025\/10\/UTA_8854-300x199.jpg 300w, https:\/\/npnp.lu\/wp-content\/uploads\/2025\/10\/UTA_8854-768x509.jpg 768w, https:\/\/npnp.lu\/wp-content\/uploads\/2025\/10\/UTA_8854.jpg 1500w\" sizes=\"(max-width: 1024px) 100vw, 1024px\" \/>\t\t\t\t\t\t\t\t\t\t\t\t\t\t\t<\/div>\n\t\t\t\t\t<\/div>\n\t\t\t\t<\/div>\n\t\t\t\t<\/div>\n\t\t","protected":false},"excerpt":{"rendered":"<p>Per\u00fa Situaci\u00f3n en Per\u00fa Una ma\u00f1ana en El Progreso, Mar\u00eda, de 12 a\u00f1os, acompa\u00f1a a su hermano peque\u00f1o a la [&hellip;]<\/p>\n","protected":false},"author":2,"featured_media":0,"parent":0,"menu_order":0,"comment_status":"closed","ping_status":"closed","template":"elementor_header_footer","meta":{"site-sidebar-layout":"default","site-content-layout":"","ast-site-content-layout":"full-width-container","site-content-style":"default","site-sidebar-style":"default","ast-global-header-display":"","ast-banner-title-visibility":"","ast-main-header-display":"","ast-hfb-above-header-display":"","ast-hfb-below-header-display":"","ast-hfb-mobile-header-display":"","site-post-title":"","ast-breadcrumbs-content":"","ast-featured-img":"","footer-sml-layout":"","ast-disable-related-posts":"","theme-transparent-header-meta":"","adv-header-id-meta":"","stick-header-meta":"","header-above-stick-meta":"","header-main-stick-meta":"","header-below-stick-meta":"","astra-migrate-meta-layouts":"default","ast-page-background-enabled":"default","ast-page-background-meta":{"desktop":{"background-color":"var(--ast-global-color-5)","background-image":"","background-repeat":"repeat","background-position":"center center","background-size":"auto","background-attachment":"scroll","background-type":"","background-media":"","overlay-type":"","overlay-color":"","overlay-opacity":"","overlay-gradient":""},"tablet":{"background-color":"","background-image":"","background-repeat":"repeat","background-position":"center center","background-size":"auto","background-attachment":"scroll","background-type":"","background-media":"","overlay-type":"","overlay-color":"","overlay-opacity":"","overlay-gradient":""},"mobile":{"background-color":"","background-image":"","background-repeat":"repeat","background-position":"center center","background-size":"auto","background-attachment":"scroll","background-type":"","background-media":"","overlay-type":"","overlay-color":"","overlay-opacity":"","overlay-gradient":""}},"ast-content-background-meta":{"desktop":{"background-color":"var(--ast-global-color-4)","background-image":"","background-repeat":"repeat","background-position":"center center","background-size":"auto","background-attachment":"scroll","background-type":"","background-media":"","overlay-type":"","overlay-color":"","overlay-opacity":"","overlay-gradient":""},"tablet":{"background-color":"var(--ast-global-color-4)","background-image":"","background-repeat":"repeat","background-position":"center center","background-size":"auto","background-attachment":"scroll","background-type":"","background-media":"","overlay-type":"","overlay-color":"","overlay-opacity":"","overlay-gradient":""},"mobile":{"background-color":"var(--ast-global-color-4)","background-image":"","background-repeat":"repeat","background-position":"center center","background-size":"auto","background-attachment":"scroll","background-type":"","background-media":"","overlay-type":"","overlay-color":"","overlay-opacity":"","overlay-gradient":""}},"footnotes":""},"class_list":["post-1320","page","type-page","status-publish","hentry"],"_links":{"self":[{"href":"https:\/\/npnp.lu\/es\/wp-json\/wp\/v2\/pages\/1320","targetHints":{"allow":["GET"]}}],"collection":[{"href":"https:\/\/npnp.lu\/es\/wp-json\/wp\/v2\/pages"}],"about":[{"href":"https:\/\/npnp.lu\/es\/wp-json\/wp\/v2\/types\/page"}],"author":[{"embeddable":true,"href":"https:\/\/npnp.lu\/es\/wp-json\/wp\/v2\/users\/2"}],"replies":[{"embeddable":true,"href":"https:\/\/npnp.lu\/es\/wp-json\/wp\/v2\/comments?post=1320"}],"version-history":[{"count":3,"href":"https:\/\/npnp.lu\/es\/wp-json\/wp\/v2\/pages\/1320\/revisions"}],"predecessor-version":[{"id":1689,"href":"https:\/\/npnp.lu\/es\/wp-json\/wp\/v2\/pages\/1320\/revisions\/1689"}],"wp:attachment":[{"href":"https:\/\/npnp.lu\/es\/wp-json\/wp\/v2\/media?parent=1320"}],"curies":[{"name":"wp","href":"https:\/\/api.w.org\/{rel}","templated":true}]}}