{"id":1304,"date":"2026-01-21T16:51:04","date_gmt":"2026-01-21T15:51:04","guid":{"rendered":"https:\/\/npnp.eu\/apoyo\/"},"modified":"2026-02-04T16:28:45","modified_gmt":"2026-02-04T15:28:45","slug":"apoyo","status":"publish","type":"page","link":"https:\/\/npnp.lu\/es\/apoyo\/","title":{"rendered":"Apoyo"},"content":{"rendered":"\t\t<div data-elementor-type=\"wp-page\" data-elementor-id=\"1304\" class=\"elementor elementor-1304 elementor-940\">\n\t\t\t\t<div class=\"elementor-element elementor-element-3200862 e-con-full e-flex e-con e-parent\" data-id=\"3200862\" data-element_type=\"container\" data-e-type=\"container\" data-settings=\"{&quot;background_background&quot;:&quot;slideshow&quot;,&quot;background_slideshow_gallery&quot;:[{&quot;id&quot;:1232,&quot;url&quot;:&quot;https:\\\/\\\/npnp.eu\\\/wp-content\\\/uploads\\\/2025\\\/10\\\/Gruppenbild.jpg&quot;}],&quot;background_slideshow_loop&quot;:&quot;yes&quot;,&quot;background_slideshow_slide_duration&quot;:5000,&quot;background_slideshow_slide_transition&quot;:&quot;fade&quot;,&quot;background_slideshow_transition_duration&quot;:500}\">\n\t\t\t\t<\/div>\n\t\t<div class=\"elementor-element elementor-element-d268c2b e-flex e-con-boxed e-con e-parent\" data-id=\"d268c2b\" data-element_type=\"container\" data-e-type=\"container\">\n\t\t\t\t\t<div class=\"e-con-inner\">\n\t\t<div class=\"elementor-element elementor-element-a882f18 e-con-full e-flex e-con e-child\" data-id=\"a882f18\" data-element_type=\"container\" data-e-type=\"container\">\n\t\t\t\t<div class=\"elementor-element elementor-element-50eab6f elementor-widget elementor-widget-heading\" data-id=\"50eab6f\" data-element_type=\"widget\" data-e-type=\"widget\" data-widget_type=\"heading.default\">\n\t\t\t\t\t<h1 class=\"elementor-heading-title elementor-size-default\">\u00bfC\u00f3mo puede apoyarnos? <\/h1>\t\t\t\t<\/div>\n\t\t\t\t<\/div>\n\t\t<div class=\"elementor-element elementor-element-d3488d5 e-con-full e-flex e-con e-child\" data-id=\"d3488d5\" data-element_type=\"container\" data-e-type=\"container\">\n\t\t\t\t<div class=\"elementor-element elementor-element-869de14 elementor-widget elementor-widget-text-editor\" data-id=\"869de14\" data-element_type=\"widget\" data-e-type=\"widget\" data-widget_type=\"text-editor.default\">\n\t\t\t\t\t\t\t\t\t<p>Para poder apoyar a los ni\u00f1os, ni\u00f1as y adolescentes de Am\u00e9rica Latina y llevar a cabo los proyectos con los socios locales, \u00a1necesitamos su apoyo!<\/p><p>Hay varias formas en las que puede ayudarnos a ayudar.<\/p>\t\t\t\t\t\t\t\t<\/div>\n\t\t\t\t<\/div>\n\t\t\t\t\t<\/div>\n\t\t\t\t<\/div>\n\t\t<div class=\"elementor-element elementor-element-7c3bd2a e-flex e-con-boxed e-con e-parent\" data-id=\"7c3bd2a\" data-element_type=\"container\" data-e-type=\"container\">\n\t\t\t\t\t<div class=\"e-con-inner\">\n\t\t<div class=\"elementor-element elementor-element-88f972c e-con-full e-flex e-con e-child\" data-id=\"88f972c\" data-element_type=\"container\" data-e-type=\"container\">\n\t\t\t\t<div class=\"elementor-element elementor-element-7256c0a elementor-align-center elementor-widget elementor-widget-button\" data-id=\"7256c0a\" data-element_type=\"widget\" data-e-type=\"widget\" data-widget_type=\"button.default\">\n\t\t\t\t\t\t\t\t\t\t<a class=\"elementor-button elementor-button-link elementor-size-sm\" href=\"#spendenaktion\">\n\t\t\t\t\t\t<span class=\"elementor-button-content-wrapper\">\n\t\t\t\t\t\t\t\t\t<span class=\"elementor-button-text\">Organizar una colecta para NPNP <\/span>\n\t\t\t\t\t<\/span>\n\t\t\t\t\t<\/a>\n\t\t\t\t\t\t\t\t<\/div>\n\t\t\t\t<\/div>\n\t\t<div class=\"elementor-element elementor-element-187545d e-con-full e-flex e-con e-child\" data-id=\"187545d\" data-element_type=\"container\" data-e-type=\"container\">\n\t\t\t\t<div class=\"elementor-element elementor-element-8737a97 elementor-align-center elementor-widget elementor-widget-button\" data-id=\"8737a97\" data-element_type=\"widget\" data-e-type=\"widget\" data-widget_type=\"button.default\">\n\t\t\t\t\t\t\t\t\t\t<a class=\"elementor-button elementor-button-link elementor-size-sm\" href=\"#spende\">\n\t\t\t\t\t\t<span class=\"elementor-button-content-wrapper\">\n\t\t\t\t\t\t\t\t\t<span class=\"elementor-button-text\">Hacer una donaci\u00f3n<\/span>\n\t\t\t\t\t<\/span>\n\t\t\t\t\t<\/a>\n\t\t\t\t\t\t\t\t<\/div>\n\t\t\t\t<\/div>\n\t\t<div class=\"elementor-element elementor-element-30d0cb4 e-con-full e-flex e-con e-child\" data-id=\"30d0cb4\" data-element_type=\"container\" data-e-type=\"container\">\n\t\t\t\t<div class=\"elementor-element elementor-element-adfdd85 elementor-align-center elementor-widget elementor-widget-button\" data-id=\"adfdd85\" data-element_type=\"widget\" data-e-type=\"widget\" data-widget_type=\"button.default\">\n\t\t\t\t\t\t\t\t\t\t<a class=\"elementor-button elementor-button-link elementor-size-sm\" href=\"#testament\">\n\t\t\t\t\t\t<span class=\"elementor-button-content-wrapper\">\n\t\t\t\t\t\t\t\t\t<span class=\"elementor-button-text\">Incluir a NPNP en su testamento<\/span>\n\t\t\t\t\t<\/span>\n\t\t\t\t\t<\/a>\n\t\t\t\t\t\t\t\t<\/div>\n\t\t\t\t<\/div>\n\t\t<div class=\"elementor-element elementor-element-eb34198 e-con-full e-flex e-con e-child\" data-id=\"eb34198\" data-element_type=\"container\" data-e-type=\"container\">\n\t\t\t\t<div class=\"elementor-element elementor-element-fb989a5 elementor-align-center elementor-widget elementor-widget-button\" data-id=\"fb989a5\" data-element_type=\"widget\" data-e-type=\"widget\" data-widget_type=\"button.default\">\n\t\t\t\t\t\t\t\t\t\t<a class=\"elementor-button elementor-button-link elementor-size-sm\" href=\"#gedenken\">\n\t\t\t\t\t\t<span class=\"elementor-button-content-wrapper\">\n\t\t\t\t\t\t\t\t\t<span class=\"elementor-button-text\">Rendir homenaje a un ser querido <\/span>\n\t\t\t\t\t<\/span>\n\t\t\t\t\t<\/a>\n\t\t\t\t\t\t\t\t<\/div>\n\t\t\t\t<\/div>\n\t\t\t\t\t<\/div>\n\t\t\t\t<\/div>\n\t\t<div class=\"elementor-element elementor-element-28f1055 e-flex e-con-boxed e-con e-parent\" data-id=\"28f1055\" data-element_type=\"container\" data-e-type=\"container\">\n\t\t\t\t\t<div class=\"e-con-inner\">\n\t\t\t\t\t<\/div>\n\t\t\t\t<\/div>\n\t\t<div class=\"elementor-element elementor-element-8f7a5bf e-flex e-con-boxed e-con e-parent\" data-id=\"8f7a5bf\" data-element_type=\"container\" data-e-type=\"container\">\n\t\t\t\t\t<div class=\"e-con-inner\">\n\t\t\t\t<div class=\"elementor-element elementor-element-3862199 elementor-widget elementor-widget-menu-anchor\" data-id=\"3862199\" data-element_type=\"widget\" data-e-type=\"widget\" data-widget_type=\"menu-anchor.default\">\n\t\t\t\t\t\t\t<div class=\"elementor-menu-anchor\" id=\"Campaadedonaciones\"><\/div>\n\t\t\t\t\t\t<\/div>\n\t\t\t\t\t<\/div>\n\t\t\t\t<\/div>\n\t\t<div class=\"elementor-element elementor-element-17e39b3 e-flex e-con-boxed e-con e-parent\" data-id=\"17e39b3\" data-element_type=\"container\" data-e-type=\"container\" data-settings=\"{&quot;background_background&quot;:&quot;classic&quot;}\">\n\t\t\t\t\t<div class=\"e-con-inner\">\n\t\t<div class=\"elementor-element elementor-element-27efa2b e-con-full e-flex e-con e-child\" data-id=\"27efa2b\" data-element_type=\"container\" data-e-type=\"container\">\n\t\t\t\t<div class=\"elementor-element elementor-element-058ff22 elementor-widget elementor-widget-heading\" data-id=\"058ff22\" data-element_type=\"widget\" data-e-type=\"widget\" data-widget_type=\"heading.default\">\n\t\t\t\t\t<h2 class=\"elementor-heading-title elementor-size-default\">Organizar una colecta para NPNP <\/h2>\t\t\t\t<\/div>\n\t\t\t\t<\/div>\n\t\t<div class=\"elementor-element elementor-element-73235bf e-con-full e-flex e-con e-child\" data-id=\"73235bf\" data-element_type=\"container\" data-e-type=\"container\">\n\t\t\t\t<div class=\"elementor-element elementor-element-c946c77 elementor-widget elementor-widget-text-editor\" data-id=\"c946c77\" data-element_type=\"widget\" data-e-type=\"widget\" data-widget_type=\"text-editor.default\">\n\t\t\t\t\t\t\t\t\t<p>Puede movilizar a sus amigos, familiares, compa\u00f1eros de trabajo o escuela para recaudar fondos para nuestros proyectos en Am\u00e9rica Latina. Cada euro recaudado contribuye directamente a programas concretos para los ni\u00f1os: talleres educativos, acciones comunitarias, etc. <\/p><p>Para organizar su recolecci\u00f3n, puede:<\/p><ul><li>Organizar una venta solidaria (pasteles, artesan\u00edas, etc.);<\/li><li>Organizar un evento deportivo o cultural (carrera, torneo, concierto, espect\u00e1culo) cuyas inscripciones o entradas se donar\u00e1n a NPNP;<\/li><li>Lanzar una campa\u00f1a en l\u00ednea a trav\u00e9s de sus redes sociales o plataformas de financiamiento colectivo para llegar a un p\u00fablico m\u00e1s amplio.<\/li><\/ul><p>Podemos ofrecerle asesoramiento y seguimiento a lo largo de toda su iniciativa para ayudarle a organizar su recaudaci\u00f3n de fondos de manera eficaz.<\/p>\t\t\t\t\t\t\t\t<\/div>\n\t\t\t\t<\/div>\n\t\t\t\t\t<\/div>\n\t\t\t\t<\/div>\n\t\t<div class=\"elementor-element elementor-element-f26a84c e-flex e-con-boxed e-con e-parent\" data-id=\"f26a84c\" data-element_type=\"container\" data-e-type=\"container\">\n\t\t\t\t\t<div class=\"e-con-inner\">\n\t\t\t\t<div class=\"elementor-element elementor-element-a0d4e1a elementor-widget elementor-widget-menu-anchor\" data-id=\"a0d4e1a\" data-element_type=\"widget\" data-e-type=\"widget\" data-widget_type=\"menu-anchor.default\">\n\t\t\t\t\t\t\t<div class=\"elementor-menu-anchor\" id=\"Donacin\"><\/div>\n\t\t\t\t\t\t<\/div>\n\t\t\t\t\t<\/div>\n\t\t\t\t<\/div>\n\t\t<div class=\"elementor-element elementor-element-381f627 e-flex e-con-boxed e-con e-parent\" data-id=\"381f627\" data-element_type=\"container\" data-e-type=\"container\" data-settings=\"{&quot;background_background&quot;:&quot;classic&quot;}\">\n\t\t\t\t\t<div class=\"e-con-inner\">\n\t\t<div class=\"elementor-element elementor-element-d5efae2 e-con-full e-flex e-con e-child\" data-id=\"d5efae2\" data-element_type=\"container\" data-e-type=\"container\">\n\t\t\t\t<div class=\"elementor-element elementor-element-efc2de0 elementor-widget elementor-widget-heading\" data-id=\"efc2de0\" data-element_type=\"widget\" data-e-type=\"widget\" data-widget_type=\"heading.default\">\n\t\t\t\t\t<h2 class=\"elementor-heading-title elementor-size-default\">Hacer una donaci\u00f3n <\/h2>\t\t\t\t<\/div>\n\t\t\t\t<\/div>\n\t\t<div class=\"elementor-element elementor-element-3a68ac0 e-con-full e-flex e-con e-child\" data-id=\"3a68ac0\" data-element_type=\"container\" data-e-type=\"container\">\n\t\t\t\t<div class=\"elementor-element elementor-element-591b5f1 elementor-widget elementor-widget-text-editor\" data-id=\"591b5f1\" data-element_type=\"widget\" data-e-type=\"widget\" data-widget_type=\"text-editor.default\">\n\t\t\t\t\t\t\t\t\t<p>Sus donaciones permiten apoyar de manera inmediata nuestras acciones en favor de los ni\u00f1as, ni\u00f1os, adolescentes y familias vulnerables. Puede elegir: <\/p><ul><li><strong>Una donaci\u00f3n \u00fanica<\/strong><\/li><li><strong>Donaci\u00f3n peri\u00f3dica<\/strong><br>En Luxemburgo, sus donaciones son deducibles de impuestos, por lo que puede apoyar nuestro trabajo y, al mismo tiempo, beneficiarse de una ventaja fiscal, siempre que el importe total anual de sus donaciones sea de al menos 120 \u20ac y no supere el 20 % de su ingreso neto imponible total. Despu\u00e9s de realizar su donaci\u00f3n, le enviaremos un certificado fiscal. <ul><li>Payconiq<\/li><li>Transferencia \/ Orden permanente<\/li><\/ul><\/li><\/ul>\t\t\t\t\t\t\t\t<\/div>\n\t\t\t\t<\/div>\n\t\t\t\t\t<\/div>\n\t\t\t\t<\/div>\n\t\t<div class=\"elementor-element elementor-element-b825624 e-flex e-con-boxed e-con e-parent\" data-id=\"b825624\" data-element_type=\"container\" data-e-type=\"container\">\n\t\t\t\t\t<div class=\"e-con-inner\">\n\t\t\t\t<div class=\"elementor-element elementor-element-b5451d5 elementor-widget elementor-widget-menu-anchor\" data-id=\"b5451d5\" data-element_type=\"widget\" data-e-type=\"widget\" data-widget_type=\"menu-anchor.default\">\n\t\t\t\t\t\t\t<div class=\"elementor-menu-anchor\" id=\"Testamento\"><\/div>\n\t\t\t\t\t\t<\/div>\n\t\t\t\t\t<\/div>\n\t\t\t\t<\/div>\n\t\t<div class=\"elementor-element elementor-element-adfde92 e-flex e-con-boxed e-con e-parent\" data-id=\"adfde92\" data-element_type=\"container\" data-e-type=\"container\" data-settings=\"{&quot;background_background&quot;:&quot;classic&quot;}\">\n\t\t\t\t\t<div class=\"e-con-inner\">\n\t\t<div class=\"elementor-element elementor-element-6dfbc34 e-con-full e-flex e-con e-child\" data-id=\"6dfbc34\" data-element_type=\"container\" data-e-type=\"container\">\n\t\t\t\t<div class=\"elementor-element elementor-element-f019c86 elementor-widget elementor-widget-heading\" data-id=\"f019c86\" data-element_type=\"widget\" data-e-type=\"widget\" data-widget_type=\"heading.default\">\n\t\t\t\t\t<h2 class=\"elementor-heading-title elementor-size-default\">NPNP in Ihrem Testament ber\u00fccksichtigen<\/h2>\t\t\t\t<\/div>\n\t\t\t\t<\/div>\n\t\t<div class=\"elementor-element elementor-element-1a148b0 e-con-full e-flex e-con e-child\" data-id=\"1a148b0\" data-element_type=\"container\" data-e-type=\"container\">\n\t\t\t\t<div class=\"elementor-element elementor-element-ee02b00 elementor-widget elementor-widget-text-editor\" data-id=\"ee02b00\" data-element_type=\"widget\" data-e-type=\"widget\" data-widget_type=\"text-editor.default\">\n\t\t\t\t\t\t\t\t\t<p>Al decidir legarnos parte de su patrimonio, permite a NPNP planificar acciones a largo plazo. Este proceso sencillo y personalizable garantiza que su compromiso siga marcando la diferencia para las generaciones futuras de ni\u00f1os. Podemos ayudarle con los aspectos pr\u00e1cticos y legales para facilitar este proceso.  <\/p><h4>\u00bfQu\u00e9 es un legado?<\/h4><p>Un legado es una disposici\u00f3n que se incluye en el testamento para transmitir la totalidad o parte de los bienes a NPNP. Usted decide qu\u00e9 legar\u00e1 (dinero, inmuebles, acciones, etc.). <\/p><p>En Luxemburgo, puede elegir entre varias formas de legado:<\/p><ul><li><strong>Legado universal:<\/strong> usted lega la totalidad (o una gran parte) de su patrimonio a NPNP, pero esta opci\u00f3n solo es posible si no tiene hijos (\u00abherederos forzosos\u00bb).<\/li><li><strong data-start=\"230\" data-end=\"293\">Legado a t\u00edtulo universal:<\/strong> usted lega una parte (por ejemplo, el 10 %, un porcentaje o determinados bienes) de su patrimonio a NPNP. Esta opci\u00f3n es compatible incluso si tiene hijos, pero hay que tener en cuenta la \u00abcuota disponible\u00bb (v\u00e9ase m\u00e1s abajo). <\/li><li>Legado particular: usted lega un bien espec\u00edfico (inmueble, suma de dinero, obras, etc.) a NPNP.<\/li><\/ul><h4>La \u00abreserva\u00bb de los herederos (descendientes)<\/h4><p>Los descendientes son \u00abherederos forzosos\u00bb: esto significa que una parte de su patrimonio les est\u00e1 legalmente reservada y no puede ser donada en su totalidad a otros (por ejemplo, a una ONG).<\/p><p>El resto, denominado \u00abcuota disponible\u00bb, es la parte que puede legar libremente (por ejemplo, a NPNP).<\/p><h4>C\u00f3mo hacer un legado a NPNP: pasos pr\u00e1cticos<\/h4><p>En su testamento, puede designar a NPNP como legatario de una parte de sus bienes. Puede especificar el porcentaje, el tipo de bienes o simplemente \u00abtodo lo que desee donar a causas sociales\u00bb. <\/p><p>Puede redactar usted mismo un testamento ol\u00f3grafo o acudir a un notario para otorgar un testamento aut\u00e9ntico.<\/p><p>No dude en ponerse en contacto con nosotros si tiene alguna pregunta: estamos aqu\u00ed para facilitarle al m\u00e1ximo este proceso.<\/p>\t\t\t\t\t\t\t\t<\/div>\n\t\t\t\t<\/div>\n\t\t\t\t\t<\/div>\n\t\t\t\t<\/div>\n\t\t<div class=\"elementor-element elementor-element-14ef292 e-flex e-con-boxed e-con e-parent\" data-id=\"14ef292\" data-element_type=\"container\" data-e-type=\"container\">\n\t\t\t\t\t<div class=\"e-con-inner\">\n\t\t\t\t<div class=\"elementor-element elementor-element-2857fa5 elementor-widget elementor-widget-menu-anchor\" data-id=\"2857fa5\" data-element_type=\"widget\" data-e-type=\"widget\" data-widget_type=\"menu-anchor.default\">\n\t\t\t\t\t\t\t<div class=\"elementor-menu-anchor\" id=\"Conmemorar\"><\/div>\n\t\t\t\t\t\t<\/div>\n\t\t\t\t\t<\/div>\n\t\t\t\t<\/div>\n\t\t<div class=\"elementor-element elementor-element-6c1a210 e-flex e-con-boxed e-con e-parent\" data-id=\"6c1a210\" data-element_type=\"container\" data-e-type=\"container\" data-settings=\"{&quot;background_background&quot;:&quot;classic&quot;}\">\n\t\t\t\t\t<div class=\"e-con-inner\">\n\t\t<div class=\"elementor-element elementor-element-4ed8930 e-con-full e-flex e-con e-child\" data-id=\"4ed8930\" data-element_type=\"container\" data-e-type=\"container\">\n\t\t\t\t<div class=\"elementor-element elementor-element-bc5fbb3 elementor-widget elementor-widget-heading\" data-id=\"bc5fbb3\" data-element_type=\"widget\" data-e-type=\"widget\" data-widget_type=\"heading.default\">\n\t\t\t\t\t<h2 class=\"elementor-heading-title elementor-size-default\">Einer nahestehenden Person gedenken <\/h2>\t\t\t\t<\/div>\n\t\t\t\t<\/div>\n\t\t<div class=\"elementor-element elementor-element-6c69eb3 e-con-full e-flex e-con e-child\" data-id=\"6c69eb3\" data-element_type=\"container\" data-e-type=\"container\">\n\t\t\t\t<div class=\"elementor-element elementor-element-69cc677 elementor-widget elementor-widget-text-editor\" data-id=\"69cc677\" data-element_type=\"widget\" data-e-type=\"widget\" data-widget_type=\"text-editor.default\">\n\t\t\t\t\t\t\t\t\t<p>Puede honrar la memoria de un ser querido convirtiendo este homenaje en un acto solidario. Al pedir a sus amigos y familiares que apoyen a NPNP, contribuye directamente a mejorar la vida de los ni\u00f1os y las familias vulnerables a los que acompa\u00f1amos en Am\u00e9rica Latina. <\/p><h4>C\u00f3mo proceder:<\/h4><p>En el anuncio f\u00fanebre, especifique NPNP como la asociaci\u00f3n elegida e indique nuestros datos bancarios para las donaciones.<\/p><p>Inf\u00f3rmenos sobre el evento para que podamos hacer un seguimiento de las contribuciones y agradecer a los donantes.<\/p><p>Cada semana le proporcionaremos una lista de las personas que han realizado una donaci\u00f3n en memoria de su ser querido, con la informaci\u00f3n necesaria (nombre, apellidos, direcci\u00f3n, importe de la donaci\u00f3n) para que usted tambi\u00e9n pueda darles las gracias personalmente.<\/p><p>Todos los donantes recibir\u00e1n una carta de agradecimiento de NPNP, en la que se les informar\u00e1 del impacto de su apoyo.<\/p><p>Este gesto permite rendir homenaje a un ser querido al tiempo que se apoyan de manera sostenible los proyectos que llevamos a cabo con ni\u00f1as, ni\u00f1os y adolescentes vulnerables en Am\u00e9rica Latina.<\/p>\t\t\t\t\t\t\t\t<\/div>\n\t\t\t\t<\/div>\n\t\t\t\t\t<\/div>\n\t\t\t\t<\/div>\n\t\t\t\t<\/div>\n\t\t","protected":false},"excerpt":{"rendered":"<p>\u00bfC\u00f3mo puede apoyarnos? Para poder apoyar a los ni\u00f1os, ni\u00f1as y adolescentes de Am\u00e9rica Latina y llevar a cabo los [&hellip;]<\/p>\n","protected":false},"author":2,"featured_media":0,"parent":0,"menu_order":0,"comment_status":"closed","ping_status":"closed","template":"elementor_header_footer","meta":{"site-sidebar-layout":"default","site-content-layout":"","ast-site-content-layout":"full-width-container","site-content-style":"default","site-sidebar-style":"default","ast-global-header-display":"","ast-banner-title-visibility":"","ast-main-header-display":"","ast-hfb-above-header-display":"","ast-hfb-below-header-display":"","ast-hfb-mobile-header-display":"","site-post-title":"","ast-breadcrumbs-content":"","ast-featured-img":"","footer-sml-layout":"","ast-disable-related-posts":"","theme-transparent-header-meta":"","adv-header-id-meta":"","stick-header-meta":"","header-above-stick-meta":"","header-main-stick-meta":"","header-below-stick-meta":"","astra-migrate-meta-layouts":"default","ast-page-background-enabled":"default","ast-page-background-meta":{"desktop":{"background-color":"var(--ast-global-color-5)","background-image":"","background-repeat":"repeat","background-position":"center center","background-size":"auto","background-attachment":"scroll","background-type":"","background-media":"","overlay-type":"","overlay-color":"","overlay-opacity":"","overlay-gradient":""},"tablet":{"background-color":"","background-image":"","background-repeat":"repeat","background-position":"center center","background-size":"auto","background-attachment":"scroll","background-type":"","background-media":"","overlay-type":"","overlay-color":"","overlay-opacity":"","overlay-gradient":""},"mobile":{"background-color":"","background-image":"","background-repeat":"repeat","background-position":"center center","background-size":"auto","background-attachment":"scroll","background-type":"","background-media":"","overlay-type":"","overlay-color":"","overlay-opacity":"","overlay-gradient":""}},"ast-content-background-meta":{"desktop":{"background-color":"var(--ast-global-color-4)","background-image":"","background-repeat":"repeat","background-position":"center center","background-size":"auto","background-attachment":"scroll","background-type":"","background-media":"","overlay-type":"","overlay-color":"","overlay-opacity":"","overlay-gradient":""},"tablet":{"background-color":"var(--ast-global-color-4)","background-image":"","background-repeat":"repeat","background-position":"center center","background-size":"auto","background-attachment":"scroll","background-type":"","background-media":"","overlay-type":"","overlay-color":"","overlay-opacity":"","overlay-gradient":""},"mobile":{"background-color":"var(--ast-global-color-4)","background-image":"","background-repeat":"repeat","background-position":"center center","background-size":"auto","background-attachment":"scroll","background-type":"","background-media":"","overlay-type":"","overlay-color":"","overlay-opacity":"","overlay-gradient":""}},"footnotes":""},"class_list":["post-1304","page","type-page","status-publish","hentry"],"_links":{"self":[{"href":"https:\/\/npnp.lu\/es\/wp-json\/wp\/v2\/pages\/1304","targetHints":{"allow":["GET"]}}],"collection":[{"href":"https:\/\/npnp.lu\/es\/wp-json\/wp\/v2\/pages"}],"about":[{"href":"https:\/\/npnp.lu\/es\/wp-json\/wp\/v2\/types\/page"}],"author":[{"embeddable":true,"href":"https:\/\/npnp.lu\/es\/wp-json\/wp\/v2\/users\/2"}],"replies":[{"embeddable":true,"href":"https:\/\/npnp.lu\/es\/wp-json\/wp\/v2\/comments?post=1304"}],"version-history":[{"count":1,"href":"https:\/\/npnp.lu\/es\/wp-json\/wp\/v2\/pages\/1304\/revisions"}],"predecessor-version":[{"id":1305,"href":"https:\/\/npnp.lu\/es\/wp-json\/wp\/v2\/pages\/1304\/revisions\/1305"}],"wp:attachment":[{"href":"https:\/\/npnp.lu\/es\/wp-json\/wp\/v2\/media?parent=1304"}],"curies":[{"name":"wp","href":"https:\/\/api.w.org\/{rel}","templated":true}]}}