{"id":1235,"date":"2025-10-09T16:42:55","date_gmt":"2025-10-09T14:42:55","guid":{"rendered":"https:\/\/npnp.eu\/impressum\/"},"modified":"2026-03-06T15:50:13","modified_gmt":"2026-03-06T14:50:13","slug":"impressum","status":"publish","type":"page","link":"https:\/\/npnp.lu\/es\/impressum\/","title":{"rendered":"Impressum"},"content":{"rendered":"\t\t<div data-elementor-type=\"wp-page\" data-elementor-id=\"1235\" class=\"elementor elementor-1235 elementor-360\">\n\t\t\t\t<div class=\"elementor-element elementor-element-3200862 e-con-full e-flex e-con e-parent\" data-id=\"3200862\" data-element_type=\"container\" data-e-type=\"container\" data-settings=\"{&quot;background_background&quot;:&quot;slideshow&quot;,&quot;background_slideshow_gallery&quot;:[{&quot;id&quot;:1232,&quot;url&quot;:&quot;https:\\\/\\\/npnp.eu\\\/wp-content\\\/uploads\\\/2025\\\/10\\\/Gruppenbild.jpg&quot;}],&quot;background_slideshow_loop&quot;:&quot;yes&quot;,&quot;background_slideshow_slide_duration&quot;:5000,&quot;background_slideshow_slide_transition&quot;:&quot;fade&quot;,&quot;background_slideshow_transition_duration&quot;:500}\">\n\t\t\t\t<\/div>\n\t\t<div class=\"elementor-element elementor-element-d268c2b e-flex e-con-boxed e-con e-parent\" data-id=\"d268c2b\" data-element_type=\"container\" data-e-type=\"container\">\n\t\t\t\t\t<div class=\"e-con-inner\">\n\t\t<div class=\"elementor-element elementor-element-a882f18 e-con-full e-flex e-con e-child\" data-id=\"a882f18\" data-element_type=\"container\" data-e-type=\"container\">\n\t\t\t\t<div class=\"elementor-element elementor-element-50eab6f elementor-widget elementor-widget-heading\" data-id=\"50eab6f\" data-element_type=\"widget\" data-e-type=\"widget\" data-widget_type=\"heading.default\">\n\t\t\t\t\t<h1 class=\"elementor-heading-title elementor-size-default\">Impressum<\/h1>\t\t\t\t<\/div>\n\t\t\t\t<\/div>\n\t\t<div class=\"elementor-element elementor-element-d3488d5 e-con-full e-flex e-con e-child\" data-id=\"d3488d5\" data-element_type=\"container\" data-e-type=\"container\">\n\t\t\t\t<\/div>\n\t\t\t\t\t<\/div>\n\t\t\t\t<\/div>\n\t\t<div class=\"elementor-element elementor-element-99cd961 e-flex e-con-boxed e-con e-parent\" data-id=\"99cd961\" data-element_type=\"container\" data-e-type=\"container\" data-settings=\"{&quot;background_background&quot;:&quot;classic&quot;}\">\n\t\t\t\t\t<div class=\"e-con-inner\">\n\t\t<div class=\"elementor-element elementor-element-9f2b368 e-con-full e-flex e-con e-child\" data-id=\"9f2b368\" data-element_type=\"container\" data-e-type=\"container\">\n\t\t\t\t<div class=\"elementor-element elementor-element-e46e738 elementor-widget elementor-widget-text-editor\" data-id=\"e46e738\" data-element_type=\"widget\" data-e-type=\"widget\" data-widget_type=\"text-editor.default\">\n\t\t\t\t\t\t\t\t\t<h2 class=\"p1\"><span style=\"color: #ffffff;\"><span class=\"s1\"><b>Nouvelle PNP a.s.b.l.<\/b><\/span><b><br>Fir d\u2018Kanner a Lat\u00e4inamerika<\/b><\/span><\/h2>\t\t\t\t\t\t\t\t<\/div>\n\t\t\t\t<\/div>\n\t\t<div class=\"elementor-element elementor-element-5ff3e2b e-con-full e-flex e-con e-child\" data-id=\"5ff3e2b\" data-element_type=\"container\" data-e-type=\"container\">\n\t\t\t\t<\/div>\n\t\t<div class=\"elementor-element elementor-element-0f71a59 e-con-full e-flex e-con e-child\" data-id=\"0f71a59\" data-element_type=\"container\" data-e-type=\"container\">\n\t\t\t\t<\/div>\n\t\t<div class=\"elementor-element elementor-element-1bb4d09 e-con-full e-flex e-con e-child\" data-id=\"1bb4d09\" data-element_type=\"container\" data-e-type=\"container\">\n\t\t\t\t<div class=\"elementor-element elementor-element-520f800 elementor-widget elementor-widget-text-editor\" data-id=\"520f800\" data-element_type=\"widget\" data-e-type=\"widget\" data-widget_type=\"text-editor.default\">\n\t\t\t\t\t\t\t\t\t<p class=\"p2\">Organizaci\u00f3n no gubernamental de desarrollo reconocida por la Direcci\u00f3n de Cooperaci\u00f3n al Desarrollo del Gran Ducado de Luxemburgo.<\/p><p class=\"p2\">RCS F541<\/p>\t\t\t\t\t\t\t\t<\/div>\n\t\t\t\t<\/div>\n\t\t<div class=\"elementor-element elementor-element-1613500 e-con-full e-flex e-con e-child\" data-id=\"1613500\" data-element_type=\"container\" data-e-type=\"container\">\n\t\t\t\t<div class=\"elementor-element elementor-element-ee46485 elementor-widget elementor-widget-text-editor\" data-id=\"ee46485\" data-element_type=\"widget\" data-e-type=\"widget\" data-widget_type=\"text-editor.default\">\n\t\t\t\t\t\t\t\t\t<p class=\"p1\">Oficina:<br>12, boulevard J. F. Kennedy <br>L-4930 Bascharage<\/p><p class=\"p1\">T +352<span class=\"Apple-converted-space\"> <\/span>50 23 67<br>info@npnp.lu<\/p>\t\t\t\t\t\t\t\t<\/div>\n\t\t\t\t<\/div>\n\t\t<div class=\"elementor-element elementor-element-d77b2db e-con-full e-flex e-con e-child\" data-id=\"d77b2db\" data-element_type=\"container\" data-e-type=\"container\">\n\t\t\t\t<div class=\"elementor-element elementor-element-4e627ec elementor-widget elementor-widget-text-editor\" data-id=\"4e627ec\" data-element_type=\"widget\" data-e-type=\"widget\" data-widget_type=\"text-editor.default\">\n\t\t\t\t\t\t\t\t\t<p class=\"p1\"><b>Direcci\u00f3n postal:<br><\/b><span class=\"s1\">B.P. 100<br>L-4901 Bascharage<\/span><\/p>\t\t\t\t\t\t\t\t<\/div>\n\t\t\t\t<\/div>\n\t\t\t\t\t<\/div>\n\t\t\t\t<\/div>\n\t\t<div class=\"elementor-element elementor-element-dc3bd05 e-flex e-con-boxed e-con e-parent\" data-id=\"dc3bd05\" data-element_type=\"container\" data-e-type=\"container\" data-settings=\"{&quot;background_background&quot;:&quot;classic&quot;}\">\n\t\t\t\t\t<div class=\"e-con-inner\">\n\t\t<div class=\"elementor-element elementor-element-7679100 e-con-full e-flex e-con e-child\" data-id=\"7679100\" data-element_type=\"container\" data-e-type=\"container\">\n\t\t\t\t<div class=\"elementor-element elementor-element-ac43504 elementor-widget elementor-widget-text-editor\" data-id=\"ac43504\" data-element_type=\"widget\" data-e-type=\"widget\" data-widget_type=\"text-editor.default\">\n\t\t\t\t\t\t\t\t\t<p class=\"p1\"><b>Consejo de administraci\u00f3n<\/b><\/p><p data-start=\"37\" data-end=\"68\">Robert BERG (<strong data-start=\"50\" data-end=\"67\">Tesorero<\/strong>)<\/p><p data-start=\"71\" data-end=\"115\">G\u00e9rard GEBHARD (<strong data-start=\"87\" data-end=\"114\">Miembro del consejo<\/strong>)<\/p><p data-start=\"118\" data-end=\"161\">Henri HIRTZIG (<strong data-start=\"133\" data-end=\"160\">Miembro del consejo<\/strong>)<\/p><p data-start=\"164\" data-end=\"199\">Sarah LEGRAND (<strong data-start=\"179\" data-end=\"198\">Secretaria<\/strong>)<\/p><p data-start=\"202\" data-end=\"232\">Jutta MISSAL (<strong data-start=\"216\" data-end=\"231\">Presidenta<\/strong>)<\/p><p data-start=\"235\" data-end=\"277\">Liza VANESSE (<strong data-start=\"249\" data-end=\"276\">Miembro del consejo<\/strong>)<\/p><p data-start=\"280\" data-end=\"330\" data-is-last-node=\"\">Marc WILLI\u00c8RE (<strong data-start=\"295\" data-end=\"329\">Vicepresidente<\/strong>)<\/p>\t\t\t\t\t\t\t\t<\/div>\n\t\t\t\t<\/div>\n\t\t<div class=\"elementor-element elementor-element-044ccdb e-con-full e-flex e-con e-child\" data-id=\"044ccdb\" data-element_type=\"container\" data-e-type=\"container\">\n\t\t\t\t<div class=\"elementor-element elementor-element-a860b20 elementor-widget elementor-widget-text-editor\" data-id=\"a860b20\" data-element_type=\"widget\" data-e-type=\"widget\" data-widget_type=\"text-editor.default\">\n\t\t\t\t\t\t\t\t\t<p class=\"p1\"><b>Oficina Ejecutiva <\/b><\/p><p class=\"p2\">Nathalie DAVILA LEVY, <br>directora ejecutiva<\/p><p class=\"p2\">Kimberley LOPEZ-NU\u00d1EZ<br>asistente de proyectos, <br>comunicaci\u00f3n y <br>administraci\u00f3n<\/p>\t\t\t\t\t\t\t\t<\/div>\n\t\t\t\t<\/div>\n\t\t<div class=\"elementor-element elementor-element-d7d604f e-con-full e-flex e-con e-child\" data-id=\"d7d604f\" data-element_type=\"container\" data-e-type=\"container\">\n\t\t\t\t<\/div>\n\t\t\t\t\t<\/div>\n\t\t\t\t<\/div>\n\t\t\t\t<\/div>\n\t\t","protected":false},"excerpt":{"rendered":"<p>Impressum Nouvelle PNP a.s.b.l.Fir d\u2018Kanner a Lat\u00e4inamerika Organizaci\u00f3n no gubernamental de desarrollo reconocida por la Direcci\u00f3n de Cooperaci\u00f3n al Desarrollo [&hellip;]<\/p>\n","protected":false},"author":2,"featured_media":0,"parent":0,"menu_order":0,"comment_status":"closed","ping_status":"closed","template":"elementor_header_footer","meta":{"site-sidebar-layout":"default","site-content-layout":"","ast-site-content-layout":"full-width-container","site-content-style":"default","site-sidebar-style":"default","ast-global-header-display":"","ast-banner-title-visibility":"","ast-main-header-display":"","ast-hfb-above-header-display":"","ast-hfb-below-header-display":"","ast-hfb-mobile-header-display":"","site-post-title":"","ast-breadcrumbs-content":"","ast-featured-img":"","footer-sml-layout":"","ast-disable-related-posts":"","theme-transparent-header-meta":"","adv-header-id-meta":"","stick-header-meta":"","header-above-stick-meta":"","header-main-stick-meta":"","header-below-stick-meta":"","astra-migrate-meta-layouts":"default","ast-page-background-enabled":"default","ast-page-background-meta":{"desktop":{"background-color":"var(--ast-global-color-5)","background-image":"","background-repeat":"repeat","background-position":"center center","background-size":"auto","background-attachment":"scroll","background-type":"","background-media":"","overlay-type":"","overlay-color":"","overlay-opacity":"","overlay-gradient":""},"tablet":{"background-color":"","background-image":"","background-repeat":"repeat","background-position":"center center","background-size":"auto","background-attachment":"scroll","background-type":"","background-media":"","overlay-type":"","overlay-color":"","overlay-opacity":"","overlay-gradient":""},"mobile":{"background-color":"","background-image":"","background-repeat":"repeat","background-position":"center center","background-size":"auto","background-attachment":"scroll","background-type":"","background-media":"","overlay-type":"","overlay-color":"","overlay-opacity":"","overlay-gradient":""}},"ast-content-background-meta":{"desktop":{"background-color":"var(--ast-global-color-4)","background-image":"","background-repeat":"repeat","background-position":"center center","background-size":"auto","background-attachment":"scroll","background-type":"","background-media":"","overlay-type":"","overlay-color":"","overlay-opacity":"","overlay-gradient":""},"tablet":{"background-color":"var(--ast-global-color-4)","background-image":"","background-repeat":"repeat","background-position":"center center","background-size":"auto","background-attachment":"scroll","background-type":"","background-media":"","overlay-type":"","overlay-color":"","overlay-opacity":"","overlay-gradient":""},"mobile":{"background-color":"var(--ast-global-color-4)","background-image":"","background-repeat":"repeat","background-position":"center center","background-size":"auto","background-attachment":"scroll","background-type":"","background-media":"","overlay-type":"","overlay-color":"","overlay-opacity":"","overlay-gradient":""}},"footnotes":""},"class_list":["post-1235","page","type-page","status-publish","hentry"],"_links":{"self":[{"href":"https:\/\/npnp.lu\/es\/wp-json\/wp\/v2\/pages\/1235","targetHints":{"allow":["GET"]}}],"collection":[{"href":"https:\/\/npnp.lu\/es\/wp-json\/wp\/v2\/pages"}],"about":[{"href":"https:\/\/npnp.lu\/es\/wp-json\/wp\/v2\/types\/page"}],"author":[{"embeddable":true,"href":"https:\/\/npnp.lu\/es\/wp-json\/wp\/v2\/users\/2"}],"replies":[{"embeddable":true,"href":"https:\/\/npnp.lu\/es\/wp-json\/wp\/v2\/comments?post=1235"}],"version-history":[{"count":4,"href":"https:\/\/npnp.lu\/es\/wp-json\/wp\/v2\/pages\/1235\/revisions"}],"predecessor-version":[{"id":1708,"href":"https:\/\/npnp.lu\/es\/wp-json\/wp\/v2\/pages\/1235\/revisions\/1708"}],"wp:attachment":[{"href":"https:\/\/npnp.lu\/es\/wp-json\/wp\/v2\/media?parent=1235"}],"curies":[{"name":"wp","href":"https:\/\/api.w.org\/{rel}","templated":true}]}}