{"id":1226,"date":"2026-01-21T15:56:49","date_gmt":"2026-01-21T14:56:49","guid":{"rendered":"https:\/\/npnp.eu\/proyecto-en-brasil\/"},"modified":"2026-03-04T16:14:00","modified_gmt":"2026-03-04T15:14:00","slug":"proyecto-en-brasil","status":"publish","type":"page","link":"https:\/\/npnp.lu\/es\/proyecto-en-brasil\/","title":{"rendered":"Proyecto en Brasil"},"content":{"rendered":"\t\t<div data-elementor-type=\"wp-page\" data-elementor-id=\"1226\" class=\"elementor elementor-1226 elementor-915\">\n\t\t\t\t<div class=\"elementor-element elementor-element-3200862 e-con-full e-flex e-con e-parent\" data-id=\"3200862\" data-element_type=\"container\" data-e-type=\"container\" data-settings=\"{&quot;background_background&quot;:&quot;slideshow&quot;,&quot;background_slideshow_gallery&quot;:[{&quot;id&quot;:1223,&quot;url&quot;:&quot;https:\\\/\\\/npnp.eu\\\/wp-content\\\/uploads\\\/2026\\\/01\\\/HeaderBresil-4.jpg&quot;}],&quot;background_slideshow_loop&quot;:&quot;yes&quot;,&quot;background_slideshow_slide_duration&quot;:5000,&quot;background_slideshow_slide_transition&quot;:&quot;fade&quot;,&quot;background_slideshow_transition_duration&quot;:500}\">\n\t\t\t\t<div class=\"elementor-element elementor-element-0bd07d5 elementor-widget elementor-widget-qi_addons_for_elementor_highlight\" data-id=\"0bd07d5\" data-element_type=\"widget\" data-e-type=\"widget\" data-widget_type=\"qi_addons_for_elementor_highlight.default\">\n\t\t\t\t<div class=\"elementor-widget-container\">\n\t\t\t\t\t<p class=\"qodef-shortcode qodef-m qodef-qi-highlight qodef-qi--has-appear qodef-highlight-style--color\" >\n\t<span class=\"qodef-highlight-text\" style=\"background-image: linear-gradient(to bottom, transparent 0%, #F65223 0%, #F65223 100%, transparent 100%)\">Nuestro proyecto en Brasil<\/p>\n\t\t\t\t<\/div>\n\t\t\t\t<\/div>\n\t\t\t\t<\/div>\n\t\t<div class=\"elementor-element elementor-element-f191895 e-flex e-con-boxed e-con e-parent\" data-id=\"f191895\" data-element_type=\"container\" data-e-type=\"container\">\n\t\t\t\t\t<div class=\"e-con-inner\">\n\t\t<div class=\"elementor-element elementor-element-cf44dfb e-con-full e-flex e-con e-child\" data-id=\"cf44dfb\" data-element_type=\"container\" data-e-type=\"container\">\n\t\t\t\t<div class=\"elementor-element elementor-element-531a06d elementor-widget elementor-widget-image\" data-id=\"531a06d\" data-element_type=\"widget\" data-e-type=\"widget\" data-widget_type=\"image.default\">\n\t\t\t\t\t\t\t\t\t\t\t\t\t\t\t<img decoding=\"async\" width=\"214\" height=\"91\" src=\"https:\/\/npnp.lu\/wp-content\/uploads\/2026\/01\/logo.png\" class=\"attachment-full size-full wp-image-1220\" alt=\"\" \/>\t\t\t\t\t\t\t\t\t\t\t\t\t\t\t<\/div>\n\t\t\t\t<div class=\"elementor-element elementor-element-ed714ce elementor-widget elementor-widget-image\" data-id=\"ed714ce\" data-element_type=\"widget\" data-e-type=\"widget\" data-widget_type=\"image.default\">\n\t\t\t\t\t\t\t\t\t\t\t\t\t\t\t<img fetchpriority=\"high\" decoding=\"async\" width=\"1024\" height=\"750\" src=\"https:\/\/npnp.lu\/wp-content\/uploads\/2026\/01\/Bresil-1-1024x750.jpg\" class=\"attachment-large size-large wp-image-1224\" alt=\"\" srcset=\"https:\/\/npnp.lu\/wp-content\/uploads\/2026\/01\/Bresil-1-1024x750.jpg 1024w, https:\/\/npnp.lu\/wp-content\/uploads\/2026\/01\/Bresil-1-300x220.jpg 300w, https:\/\/npnp.lu\/wp-content\/uploads\/2026\/01\/Bresil-1-768x562.jpg 768w, https:\/\/npnp.lu\/wp-content\/uploads\/2026\/01\/Bresil-1.jpg 1277w\" sizes=\"(max-width: 1024px) 100vw, 1024px\" \/>\t\t\t\t\t\t\t\t\t\t\t\t\t\t\t<\/div>\n\t\t\t\t<div class=\"elementor-element elementor-element-61f0a5b elementor-widget elementor-widget-image\" data-id=\"61f0a5b\" data-element_type=\"widget\" data-e-type=\"widget\" data-widget_type=\"image.default\">\n\t\t\t\t\t\t\t\t\t\t\t\t\t\t\t<img decoding=\"async\" width=\"1024\" height=\"588\" src=\"https:\/\/npnp.lu\/wp-content\/uploads\/2026\/01\/Bresil-3-1024x588.jpg\" class=\"attachment-large size-large wp-image-1225\" alt=\"\" srcset=\"https:\/\/npnp.lu\/wp-content\/uploads\/2026\/01\/Bresil-3-1024x588.jpg 1024w, https:\/\/npnp.lu\/wp-content\/uploads\/2026\/01\/Bresil-3-300x172.jpg 300w, https:\/\/npnp.lu\/wp-content\/uploads\/2026\/01\/Bresil-3-768x441.jpg 768w, https:\/\/npnp.lu\/wp-content\/uploads\/2026\/01\/Bresil-3.jpg 1500w\" sizes=\"(max-width: 1024px) 100vw, 1024px\" \/>\t\t\t\t\t\t\t\t\t\t\t\t\t\t\t<\/div>\n\t\t\t\t<\/div>\n\t\t<div class=\"elementor-element elementor-element-740351f e-con-full e-flex e-con e-child\" data-id=\"740351f\" data-element_type=\"container\" data-e-type=\"container\" data-settings=\"{&quot;background_background&quot;:&quot;classic&quot;}\">\n\t\t\t\t<div class=\"elementor-element elementor-element-3855b05 elementor-widget elementor-widget-text-editor\" data-id=\"3855b05\" data-element_type=\"widget\" data-e-type=\"widget\" data-widget_type=\"text-editor.default\">\n\t\t\t\t\t\t\t\t\t<h2>Nuestro proyecto con Espa\u00e7o da Crian\u00e7a<\/h2><p><strong>Porque todos los ni\u00f1os tienen derecho desde peque\u00f1os a recibir protecci\u00f3n, alimentaci\u00f3n y un desarrollo armonioso.<\/strong><\/p><p>En 2023, NPNP apoyar\u00e1 a la asociaci\u00f3n brasile\u00f1a Espa\u00e7o da Crian\u00e7a con su proyecto RECREIAR (\u00abjugar\u00bb + \u00abcrear\u00bb) con 21 000 euros para continuar y reforzar su trabajo con 60 ni\u00f1os que viven en condiciones de extrema pobreza.<\/p><p>El proyecto forma parte de una colaboraci\u00f3n de larga data entre NPNP (antes PNP) y la asociaci\u00f3n brasile\u00f1a, que comenz\u00f3 en 2002. Tras una interrupci\u00f3n en 2019, cuando se reanud\u00f3 la colaboraci\u00f3n en 2023 se detect\u00f3 la necesidad de apoyo, lo que llev\u00f3 a NPNP a proporcionar una ayuda extraordinaria y temporal. En 2025, esta ayuda \u00fanica lleg\u00f3 a su fin.  <\/p>\t\t\t\t\t\t\t\t<\/div>\n\t\t\t\t<div class=\"elementor-element elementor-element-6b27224 elementor-widget-divider--view-line elementor-widget elementor-widget-divider\" data-id=\"6b27224\" data-element_type=\"widget\" data-e-type=\"widget\" data-widget_type=\"divider.default\">\n\t\t\t\t\t\t\t<div class=\"elementor-divider\">\n\t\t\t<span class=\"elementor-divider-separator\">\n\t\t\t\t\t\t<\/span>\n\t\t<\/div>\n\t\t\t\t\t\t<\/div>\n\t\t\t\t<div class=\"elementor-element elementor-element-f3c7594 elementor-widget elementor-widget-text-editor\" data-id=\"f3c7594\" data-element_type=\"widget\" data-e-type=\"widget\" data-widget_type=\"text-editor.default\">\n\t\t\t\t\t\t\t\t\t<h2>Crecer y desarrollarse<\/h2><h3>Comer, jugar, aprender<\/h3><p>Los ni\u00f1os atendidos provienen principalmente de las comunidades vecinas, en particular del barrio de Coelho, donde los padres solteros, a menudo madres solteras, representan m\u00e1s de la mitad de los hogares. En estos hogares, caracterizados por la pobreza, la inseguridad alimentaria y la falta de apoyo escolar, la protecci\u00f3n y el apoyo a los ni\u00f1os peque\u00f1os son muy insuficientes. Por ello, RECREIAR ofrece un lugar estructurado, estable y acogedor, dise\u00f1ado para apoyar su desarrollo socioemocional, prevenir situaciones de violencia y reforzar su confianza en s\u00ed mismos.  <\/p><p>Una parte de las plazas est\u00e1 reservada para ni\u00f1os derivados por los servicios p\u00fablicos de protecci\u00f3n social y que se encuentran en proceso de reintegraci\u00f3n en su familia o comunidad. Esta dimensi\u00f3n subraya el importante papel del proyecto en la prevenci\u00f3n temprana y la protecci\u00f3n de los derechos de los ni\u00f1os. <\/p><p>El proyecto RECREIAR atiende a 60 ni\u00f1os de entre 4 y 6 a\u00f1os cuatro tardes a la semana y les ofrece un entorno estable y protector.<\/p><p><strong>Los ni\u00f1os y ni\u00f1as se benefician de:<\/strong><\/p><p>\u2022 Dos comidas al d\u00eda, indispensables en un contexto de gran inseguridad alimentaria;<\/p><p>\u2022 Talleres educativos integrales: psicomotricidad, actividades relacionales, actividades de ocio, inform\u00e1tica, educaci\u00f3n social y emocional;<\/p><p>\u2022 Un lugar seguro donde se puedan evitar los riesgos relacionados con la violencia, el abandono o el aislamiento.<\/p><p>Ana, de cuatro a\u00f1os, llegaba al centro cansada y, a menudo, sin haber comido nada. Gracias a las comidas y los talleres, hoy est\u00e1 recuperando la confianza en s\u00ed misma, aprendiendo a interactuar con los dem\u00e1s y progresando en su desarrollo. <\/p>\t\t\t\t\t\t\t\t<\/div>\n\t\t\t\t<div class=\"elementor-element elementor-element-5a4ecb8 elementor-widget-divider--view-line elementor-widget elementor-widget-divider\" data-id=\"5a4ecb8\" data-element_type=\"widget\" data-e-type=\"widget\" data-widget_type=\"divider.default\">\n\t\t\t\t\t\t\t<div class=\"elementor-divider\">\n\t\t\t<span class=\"elementor-divider-separator\">\n\t\t\t\t\t\t<\/span>\n\t\t<\/div>\n\t\t\t\t\t\t<\/div>\n\t\t\t\t<div class=\"elementor-element elementor-element-ca9844c elementor-widget elementor-widget-text-editor\" data-id=\"ca9844c\" data-element_type=\"widget\" data-e-type=\"widget\" data-widget_type=\"text-editor.default\">\n\t\t\t\t\t\t\t\t\t<h2>Fortalecimiento de la organizaci\u00f3n local<\/h2><h3>Creaci\u00f3n de un entorno protector y sostenible<\/h3><p>M\u00e1s all\u00e1 de la continuidad del programa, RECREIAR se basa en un enfoque intersectorial: colaboraci\u00f3n con escuelas p\u00fablicas, centros de salud, servicios sociales y redes de protecci\u00f3n infantil. Las visitas domiciliarias y las reuniones familiares permiten comprender mejor la realidad de los ni\u00f1os, identificar situaciones de riesgo (violencia, abandono, abandono escolar) y tomar r\u00e1pidamente las medidas adecuadas. <\/p><p>Tambi\u00e9n se organizan grupos de conversaci\u00f3n para fortalecer las competencias parentales, ofrecer un espacio para escuchar y brindar apoyo psicol\u00f3gico, y promover una relaci\u00f3n m\u00e1s estable y benevolente entre el ni\u00f1o y su familia. Estas medidas contribuyen a reducir el aislamiento de las madres, fortalecer su independencia y crear un entorno protector para los ni\u00f1os. <\/p>\t\t\t\t\t\t\t\t<\/div>\n\t\t\t\t<div class=\"elementor-element elementor-element-0da8773 elementor-widget-divider--view-line elementor-widget elementor-widget-divider\" data-id=\"0da8773\" data-element_type=\"widget\" data-e-type=\"widget\" data-widget_type=\"divider.default\">\n\t\t\t\t\t\t\t<div class=\"elementor-divider\">\n\t\t\t<span class=\"elementor-divider-separator\">\n\t\t\t\t\t\t<\/span>\n\t\t<\/div>\n\t\t\t\t\t\t<\/div>\n\t\t\t\t<div class=\"elementor-element elementor-element-0cc9359 elementor-widget elementor-widget-text-editor\" data-id=\"0cc9359\" data-element_type=\"widget\" data-e-type=\"widget\" data-widget_type=\"text-editor.default\">\n\t\t\t\t\t\t\t\t\t<h2><strong>Por qu\u00e9 este proyecto es tan importante<\/strong><\/h2><p>Ante la insuficiencia de los servicios p\u00fablicos, RECREIAR es a menudo el \u00fanico lugar estructurado y seguro para los ni\u00f1os que se encuentran en situaci\u00f3n de extrema vulnerabilidad. Apoyar este proyecto significa preservar un importante punto de referencia para el desarrollo, la protecci\u00f3n y el bienestar de los ni\u00f1os, al tiempo que se refuerza la capacidad de la comunidad para responder a sus necesidades. <\/p>\t\t\t\t\t\t\t\t<\/div>\n\t\t\t\t<div class=\"elementor-element elementor-element-6cd976d elementor-widget-divider--view-line elementor-widget elementor-widget-divider\" data-id=\"6cd976d\" data-element_type=\"widget\" data-e-type=\"widget\" data-widget_type=\"divider.default\">\n\t\t\t\t\t\t\t<div class=\"elementor-divider\">\n\t\t\t<span class=\"elementor-divider-separator\">\n\t\t\t\t\t\t<\/span>\n\t\t<\/div>\n\t\t\t\t\t\t<\/div>\n\t\t\t\t<\/div>\n\t\t\t\t\t<\/div>\n\t\t\t\t<\/div>\n\t\t<div class=\"elementor-element elementor-element-56f52e5 e-flex e-con-boxed e-con e-parent\" data-id=\"56f52e5\" data-element_type=\"container\" data-e-type=\"container\">\n\t\t\t\t\t<div class=\"e-con-inner\">\n\t\t\t\t\t<\/div>\n\t\t\t\t<\/div>\n\t\t\t\t<\/div>\n\t\t","protected":false},"excerpt":{"rendered":"<p>Nuestro proyecto en Brasil Nuestro proyecto con Espa\u00e7o da Crian\u00e7a Porque todos los ni\u00f1os tienen derecho desde peque\u00f1os a recibir [&hellip;]<\/p>\n","protected":false},"author":2,"featured_media":0,"parent":0,"menu_order":0,"comment_status":"closed","ping_status":"closed","template":"elementor_header_footer","meta":{"site-sidebar-layout":"default","site-content-layout":"","ast-site-content-layout":"full-width-container","site-content-style":"default","site-sidebar-style":"default","ast-global-header-display":"","ast-banner-title-visibility":"","ast-main-header-display":"","ast-hfb-above-header-display":"","ast-hfb-below-header-display":"","ast-hfb-mobile-header-display":"","site-post-title":"","ast-breadcrumbs-content":"","ast-featured-img":"","footer-sml-layout":"","ast-disable-related-posts":"","theme-transparent-header-meta":"","adv-header-id-meta":"","stick-header-meta":"","header-above-stick-meta":"","header-main-stick-meta":"","header-below-stick-meta":"","astra-migrate-meta-layouts":"default","ast-page-background-enabled":"default","ast-page-background-meta":{"desktop":{"background-color":"var(--ast-global-color-5)","background-image":"","background-repeat":"repeat","background-position":"center center","background-size":"auto","background-attachment":"scroll","background-type":"","background-media":"","overlay-type":"","overlay-color":"","overlay-opacity":"","overlay-gradient":""},"tablet":{"background-color":"","background-image":"","background-repeat":"repeat","background-position":"center center","background-size":"auto","background-attachment":"scroll","background-type":"","background-media":"","overlay-type":"","overlay-color":"","overlay-opacity":"","overlay-gradient":""},"mobile":{"background-color":"","background-image":"","background-repeat":"repeat","background-position":"center center","background-size":"auto","background-attachment":"scroll","background-type":"","background-media":"","overlay-type":"","overlay-color":"","overlay-opacity":"","overlay-gradient":""}},"ast-content-background-meta":{"desktop":{"background-color":"var(--ast-global-color-4)","background-image":"","background-repeat":"repeat","background-position":"center center","background-size":"auto","background-attachment":"scroll","background-type":"","background-media":"","overlay-type":"","overlay-color":"","overlay-opacity":"","overlay-gradient":""},"tablet":{"background-color":"var(--ast-global-color-4)","background-image":"","background-repeat":"repeat","background-position":"center center","background-size":"auto","background-attachment":"scroll","background-type":"","background-media":"","overlay-type":"","overlay-color":"","overlay-opacity":"","overlay-gradient":""},"mobile":{"background-color":"var(--ast-global-color-4)","background-image":"","background-repeat":"repeat","background-position":"center center","background-size":"auto","background-attachment":"scroll","background-type":"","background-media":"","overlay-type":"","overlay-color":"","overlay-opacity":"","overlay-gradient":""}},"footnotes":""},"class_list":["post-1226","page","type-page","status-publish","hentry"],"_links":{"self":[{"href":"https:\/\/npnp.lu\/es\/wp-json\/wp\/v2\/pages\/1226","targetHints":{"allow":["GET"]}}],"collection":[{"href":"https:\/\/npnp.lu\/es\/wp-json\/wp\/v2\/pages"}],"about":[{"href":"https:\/\/npnp.lu\/es\/wp-json\/wp\/v2\/types\/page"}],"author":[{"embeddable":true,"href":"https:\/\/npnp.lu\/es\/wp-json\/wp\/v2\/users\/2"}],"replies":[{"embeddable":true,"href":"https:\/\/npnp.lu\/es\/wp-json\/wp\/v2\/comments?post=1226"}],"version-history":[{"count":3,"href":"https:\/\/npnp.lu\/es\/wp-json\/wp\/v2\/pages\/1226\/revisions"}],"predecessor-version":[{"id":1639,"href":"https:\/\/npnp.lu\/es\/wp-json\/wp\/v2\/pages\/1226\/revisions\/1639"}],"wp:attachment":[{"href":"https:\/\/npnp.lu\/es\/wp-json\/wp\/v2\/media?parent=1226"}],"curies":[{"name":"wp","href":"https:\/\/api.w.org\/{rel}","templated":true}]}}