{"id":1221,"date":"2026-01-21T15:39:28","date_gmt":"2026-01-21T14:39:28","guid":{"rendered":"https:\/\/npnp.eu\/socio-en-brasil\/"},"modified":"2026-03-04T15:59:32","modified_gmt":"2026-03-04T14:59:32","slug":"socio-en-brasil","status":"publish","type":"page","link":"https:\/\/npnp.lu\/es\/socio-en-brasil\/","title":{"rendered":"Socio en Brasil"},"content":{"rendered":"\t\t<div data-elementor-type=\"wp-page\" data-elementor-id=\"1221\" class=\"elementor elementor-1221 elementor-902\">\n\t\t\t\t<div class=\"elementor-element elementor-element-3200862 e-con-full e-flex e-con e-parent\" data-id=\"3200862\" data-element_type=\"container\" data-e-type=\"container\" data-settings=\"{&quot;background_background&quot;:&quot;slideshow&quot;,&quot;background_slideshow_gallery&quot;:[{&quot;id&quot;:1219,&quot;url&quot;:&quot;https:\\\/\\\/npnp.eu\\\/wp-content\\\/uploads\\\/2025\\\/11\\\/UTA_7636.jpg&quot;}],&quot;background_slideshow_loop&quot;:&quot;yes&quot;,&quot;background_slideshow_slide_duration&quot;:5000,&quot;background_slideshow_slide_transition&quot;:&quot;fade&quot;,&quot;background_slideshow_transition_duration&quot;:500}\">\n\t\t\t\t<div class=\"elementor-element elementor-element-0bd07d5 elementor-widget elementor-widget-qi_addons_for_elementor_highlight\" data-id=\"0bd07d5\" data-element_type=\"widget\" data-e-type=\"widget\" data-widget_type=\"qi_addons_for_elementor_highlight.default\">\n\t\t\t\t<div class=\"elementor-widget-container\">\n\t\t\t\t\t<p class=\"qodef-shortcode qodef-m qodef-qi-highlight qodef-qi--has-appear qodef-highlight-style--color\" >\n\t<span class=\"qodef-highlight-text\" style=\"background-image: linear-gradient(to bottom, transparent 0%, #F65223 0%, #F65223 100%, transparent 100%)\">Nuestro socio en Brasil<\/p>\n\t\t\t\t<\/div>\n\t\t\t\t<\/div>\n\t\t\t\t<\/div>\n\t\t<div class=\"elementor-element elementor-element-d3643d6 e-flex e-con-boxed e-con e-parent\" data-id=\"d3643d6\" data-element_type=\"container\" data-e-type=\"container\">\n\t\t\t\t\t<div class=\"e-con-inner\">\n\t\t<div class=\"elementor-element elementor-element-82de1f7 e-con-full e-flex e-con e-child\" data-id=\"82de1f7\" data-element_type=\"container\" data-e-type=\"container\">\n\t\t\t\t<div class=\"elementor-element elementor-element-3f3bba6 elementor-widget elementor-widget-image\" data-id=\"3f3bba6\" data-element_type=\"widget\" data-e-type=\"widget\" data-widget_type=\"image.default\">\n\t\t\t\t\t\t\t\t\t\t\t\t\t\t\t<img decoding=\"async\" width=\"214\" height=\"91\" src=\"https:\/\/npnp.lu\/wp-content\/uploads\/2026\/01\/logo.png\" class=\"attachment-full size-full wp-image-1220\" alt=\"\" \/>\t\t\t\t\t\t\t\t\t\t\t\t\t\t\t<\/div>\n\t\t\t\t<\/div>\n\t\t<div class=\"elementor-element elementor-element-baa30bd e-con-full e-flex e-con e-child\" data-id=\"baa30bd\" data-element_type=\"container\" data-e-type=\"container\" data-settings=\"{&quot;background_background&quot;:&quot;classic&quot;}\">\n\t\t\t\t<div class=\"elementor-element elementor-element-1543a48 elementor-widget elementor-widget-text-editor\" data-id=\"1543a48\" data-element_type=\"widget\" data-e-type=\"widget\" data-widget_type=\"text-editor.default\">\n\t\t\t\t\t\t\t\t\t<h1>Espa\u00e7o da Crian\u00e7a<\/h1><h2> <\/h2><h3>Una historia de cambio y compromiso<\/h3><p>La ONG fue fundada en 1991 con el nombre de Associa\u00e7\u00e3o para a Restaura\u00e7\u00e3o do Homem (ARH) por Abigail Mesquita y muy pronto orient\u00f3 su trabajo hacia los ni\u00f1os. <br>Desde hace m\u00e1s de 30 a\u00f1os, esta ONG trabaja en los barrios populares de Recife y ayuda a miles de ni\u00f1os y adolescentes vulnerables a crecer en un entorno seguro.<\/p>\t\t\t\t\t\t\t\t<\/div>\n\t\t\t\t<div class=\"elementor-element elementor-element-1a1b44c elementor-widget-divider--view-line elementor-widget elementor-widget-divider\" data-id=\"1a1b44c\" data-element_type=\"widget\" data-e-type=\"widget\" data-widget_type=\"divider.default\">\n\t\t\t\t\t\t\t<div class=\"elementor-divider\">\n\t\t\t<span class=\"elementor-divider-separator\">\n\t\t\t\t\t\t<\/span>\n\t\t<\/div>\n\t\t\t\t\t\t<\/div>\n\t\t\t\t<div class=\"elementor-element elementor-element-9beef2b elementor-widget elementor-widget-text-editor\" data-id=\"9beef2b\" data-element_type=\"widget\" data-e-type=\"widget\" data-widget_type=\"text-editor.default\">\n\t\t\t\t\t\t\t\t\t<h3>Misi\u00f3n y valores<\/h3><p>Espa\u00e7o da Crian\u00e7a &#8211; ARH se ha fijado el objetivo de ofrecer un apoyo integral: educaci\u00f3n, alimentaci\u00f3n, desarrollo personal, pero tambi\u00e9n acompa\u00f1amiento social a las familias. <br>La ONG cree firmemente que todos los ni\u00f1os y ni\u00f1as tienen derecho a crecer en un entorno seguro y propicio, y que las familias desempe\u00f1an un papel fundamental en este cambio. <br>Tambi\u00e9n busca la independencia de los j\u00f3venes: a partir de los 12 a\u00f1os, un programa de formaci\u00f3n los prepara para su incorporaci\u00f3n al mercado laboral.<\/p>\t\t\t\t\t\t\t\t<\/div>\n\t\t\t\t<div class=\"elementor-element elementor-element-d125a0a elementor-widget-divider--view-line elementor-widget elementor-widget-divider\" data-id=\"d125a0a\" data-element_type=\"widget\" data-e-type=\"widget\" data-widget_type=\"divider.default\">\n\t\t\t\t\t\t\t<div class=\"elementor-divider\">\n\t\t\t<span class=\"elementor-divider-separator\">\n\t\t\t\t\t\t<\/span>\n\t\t<\/div>\n\t\t\t\t\t\t<\/div>\n\t\t\t\t<div class=\"elementor-element elementor-element-5ded672 elementor-widget elementor-widget-text-editor\" data-id=\"5ded672\" data-element_type=\"widget\" data-e-type=\"widget\" data-widget_type=\"text-editor.default\">\n\t\t\t\t\t\t\t\t\t<h2>Algunas de sus acciones m\u00e1s importantes<\/h2><p> <\/p><h3>Proyecto Recr(e)iar:<\/h3><p>Atiende a unos 60 ni\u00f1as y ni\u00f1os de entre 4 y 6 a\u00f1os de las comunidades de Coelho y alrededores fuera del horario escolar.<\/p><h3>Programa para ni\u00f1os, ni\u00f1as \/adolescentes<\/h3><p>Desde hace aproximadamente 12 a\u00f1os, la ONG ofrece formaci\u00f3n profesional para j\u00f3venes en colaboraci\u00f3n con empresas locales.<\/p><p>Los contenidos se adaptan a las circunstancias del municipio y tienen como objetivo preparar a los j\u00f3venes para su incorporaci\u00f3n al mercado laboral, dot\u00e1ndolos de competencias \u00fatiles y sostenibles.<\/p><h3>Acompa\u00f1amiento familiar:<\/h3><p>Un enfoque que prioriza a la familia: la ONG involucra a los padres en medidas para fortalecer los lazos familiares, en grupos de conversaci\u00f3n y en actividades comunitarias.<\/p><p>Ha establecido alianzas con el gobierno municipal de Recife para fortalecer la protecci\u00f3n social: por ejemplo, un acuerdo titulado \u00abA Mudan\u00e7a Come\u00e7a Aqui\u00bb (El cambio comienza aqu\u00ed) se dirigi\u00f3 a 90 ni\u00f1os, ni\u00f1as y adolescentes e incluy\u00f3 visitas, talleres y apoyo psicosocial.<\/p>\t\t\t\t\t\t\t\t<\/div>\n\t\t\t\t<div class=\"elementor-element elementor-element-25a5b82 elementor-widget-divider--view-line elementor-widget elementor-widget-divider\" data-id=\"25a5b82\" data-element_type=\"widget\" data-e-type=\"widget\" data-widget_type=\"divider.default\">\n\t\t\t\t\t\t\t<div class=\"elementor-divider\">\n\t\t\t<span class=\"elementor-divider-separator\">\n\t\t\t\t\t\t<\/span>\n\t\t<\/div>\n\t\t\t\t\t\t<\/div>\n\t\t\t\t<div class=\"elementor-element elementor-element-7430fc4 elementor-widget elementor-widget-text-editor\" data-id=\"7430fc4\" data-element_type=\"widget\" data-e-type=\"widget\" data-widget_type=\"text-editor.default\">\n\t\t\t\t\t\t\t\t\t<h2>Repercusiones y reconocimiento<\/h2><p>Desde su creaci\u00f3n, la ONG ha prestado apoyo a m\u00e1s de 2000 ni\u00f1os, ni\u00f1as y adolescentes.<\/p><p>Cuenta con socios s\u00f3lidos: empresas locales (entre otras, Rio Ave y SESC) apoyan sus programas educativos y de integraci\u00f3n.<\/p><p>Sus proyectos educativos y sociales se consideran motores del cambio en barrios especialmente desfavorecidos, en los que la ONG desempe\u00f1a un papel fundamental en el apoyo a los ni\u00f1os.<\/p>\t\t\t\t\t\t\t\t<\/div>\n\t\t\t\t<div class=\"elementor-element elementor-element-df41235 elementor-widget-divider--view-line elementor-widget elementor-widget-divider\" data-id=\"df41235\" data-element_type=\"widget\" data-e-type=\"widget\" data-widget_type=\"divider.default\">\n\t\t\t\t\t\t\t<div class=\"elementor-divider\">\n\t\t\t<span class=\"elementor-divider-separator\">\n\t\t\t\t\t\t<\/span>\n\t\t<\/div>\n\t\t\t\t\t\t<\/div>\n\t\t\t\t<div class=\"elementor-element elementor-element-702b955 elementor-widget elementor-widget-text-editor\" data-id=\"702b955\" data-element_type=\"widget\" data-e-type=\"widget\" data-widget_type=\"text-editor.default\">\n\t\t\t\t\t\t\t\t\t<h2>Por qu\u00e9 su trabajo es tan importante hoy en d\u00eda<\/h2><p>En un entorno en el que muchas familias de Recife viven con recursos muy limitados, Espa\u00e7o da Crian\u00e7a ofrece apoyo concreto y diario: un lugar seguro, comidas, talleres y acompa\u00f1amiento familiar.<\/p><p>Al combinar la educaci\u00f3n y la protecci\u00f3n, la ONG contribuye a reducir el riesgo de violencia, abandono escolar o aislamiento social entre los ni\u00f1os peque\u00f1os.<\/p><p>Su modelo intergeneracional (ni\u00f1os, ni\u00f1as + adolescentes + familias) tiene un efecto domin\u00f3 positivo: al fortalecer a las familias, la ONG contribuye a la construcci\u00f3n de comunidades m\u00e1s estables y resilientes.<\/p>\t\t\t\t\t\t\t\t<\/div>\n\t\t\t\t<div class=\"elementor-element elementor-element-bcde96f e-grid-align-left elementor-shape-rounded elementor-grid-0 elementor-widget elementor-widget-social-icons\" data-id=\"bcde96f\" data-element_type=\"widget\" data-e-type=\"widget\" data-widget_type=\"social-icons.default\">\n\t\t\t\t\t\t\t<div class=\"elementor-social-icons-wrapper elementor-grid\" role=\"list\">\n\t\t\t\t\t\t\t<span class=\"elementor-grid-item\" role=\"listitem\">\n\t\t\t\t\t<a class=\"elementor-icon elementor-social-icon elementor-social-icon-house-user elementor-repeater-item-694d399\" href=\"https:\/\/www.escolaespacodacrianca.com.br\/\" target=\"_blank\">\n\t\t\t\t\t\t<span class=\"elementor-screen-only\">House-user<\/span>\n\t\t\t\t\t\t<svg aria-hidden=\"true\" class=\"e-font-icon-svg e-fas-house-user\" viewBox=\"0 0 576 512\" xmlns=\"http:\/\/www.w3.org\/2000\/svg\"><path d=\"M570.69,236.27,512,184.44V48a16,16,0,0,0-16-16H432a16,16,0,0,0-16,16V99.67L314.78,10.3C308.5,4.61,296.53,0,288,0s-20.46,4.61-26.74,10.3l-256,226A18.27,18.27,0,0,0,0,248.2a18.64,18.64,0,0,0,4.09,10.71L25.5,282.7a21.14,21.14,0,0,0,12,5.3,21.67,21.67,0,0,0,10.69-4.11l15.9-14V480a32,32,0,0,0,32,32H480a32,32,0,0,0,32-32V269.88l15.91,14A21.94,21.94,0,0,0,538.63,288a20.89,20.89,0,0,0,11.87-5.31l21.41-23.81A21.64,21.64,0,0,0,576,248.19,21,21,0,0,0,570.69,236.27ZM288,176a64,64,0,1,1-64,64A64,64,0,0,1,288,176ZM400,448H176a16,16,0,0,1-16-16,96,96,0,0,1,96-96h64a96,96,0,0,1,96,96A16,16,0,0,1,400,448Z\"><\/path><\/svg>\t\t\t\t\t<\/a>\n\t\t\t\t<\/span>\n\t\t\t\t\t\t\t<span class=\"elementor-grid-item\" role=\"listitem\">\n\t\t\t\t\t<a class=\"elementor-icon elementor-social-icon elementor-social-icon-facebook elementor-repeater-item-39ef844\" href=\"https:\/\/www.facebook.com\/escolaespacodacriancapr\" target=\"_blank\">\n\t\t\t\t\t\t<span class=\"elementor-screen-only\">Facebook<\/span>\n\t\t\t\t\t\t<svg aria-hidden=\"true\" class=\"e-font-icon-svg e-fab-facebook\" viewBox=\"0 0 512 512\" xmlns=\"http:\/\/www.w3.org\/2000\/svg\"><path d=\"M504 256C504 119 393 8 256 8S8 119 8 256c0 123.78 90.69 226.38 209.25 245V327.69h-63V256h63v-54.64c0-62.15 37-96.48 93.67-96.48 27.14 0 55.52 4.84 55.52 4.84v61h-31.28c-30.8 0-40.41 19.12-40.41 38.73V256h68.78l-11 71.69h-57.78V501C413.31 482.38 504 379.78 504 256z\"><\/path><\/svg>\t\t\t\t\t<\/a>\n\t\t\t\t<\/span>\n\t\t\t\t\t\t\t<span class=\"elementor-grid-item\" role=\"listitem\">\n\t\t\t\t\t<a class=\"elementor-icon elementor-social-icon elementor-social-icon-instagram elementor-repeater-item-fe82e26\" href=\"https:\/\/www.instagram.com\/escolaespacodacriancapr\/\" target=\"_blank\">\n\t\t\t\t\t\t<span class=\"elementor-screen-only\">Instagram<\/span>\n\t\t\t\t\t\t<svg aria-hidden=\"true\" class=\"e-font-icon-svg e-fab-instagram\" viewBox=\"0 0 448 512\" xmlns=\"http:\/\/www.w3.org\/2000\/svg\"><path d=\"M224.1 141c-63.6 0-114.9 51.3-114.9 114.9s51.3 114.9 114.9 114.9S339 319.5 339 255.9 287.7 141 224.1 141zm0 189.6c-41.1 0-74.7-33.5-74.7-74.7s33.5-74.7 74.7-74.7 74.7 33.5 74.7 74.7-33.6 74.7-74.7 74.7zm146.4-194.3c0 14.9-12 26.8-26.8 26.8-14.9 0-26.8-12-26.8-26.8s12-26.8 26.8-26.8 26.8 12 26.8 26.8zm76.1 27.2c-1.7-35.9-9.9-67.7-36.2-93.9-26.2-26.2-58-34.4-93.9-36.2-37-2.1-147.9-2.1-184.9 0-35.8 1.7-67.6 9.9-93.9 36.1s-34.4 58-36.2 93.9c-2.1 37-2.1 147.9 0 184.9 1.7 35.9 9.9 67.7 36.2 93.9s58 34.4 93.9 36.2c37 2.1 147.9 2.1 184.9 0 35.9-1.7 67.7-9.9 93.9-36.2 26.2-26.2 34.4-58 36.2-93.9 2.1-37 2.1-147.8 0-184.8zM398.8 388c-7.8 19.6-22.9 34.7-42.6 42.6-29.5 11.7-99.5 9-132.1 9s-102.7 2.6-132.1-9c-19.6-7.8-34.7-22.9-42.6-42.6-11.7-29.5-9-99.5-9-132.1s-2.6-102.7 9-132.1c7.8-19.6 22.9-34.7 42.6-42.6 29.5-11.7 99.5-9 132.1-9s102.7-2.6 132.1 9c19.6 7.8 34.7 22.9 42.6 42.6 11.7 29.5 9 99.5 9 132.1s2.7 102.7-9 132.1z\"><\/path><\/svg>\t\t\t\t\t<\/a>\n\t\t\t\t<\/span>\n\t\t\t\t\t<\/div>\n\t\t\t\t\t\t<\/div>\n\t\t\t\t<\/div>\n\t\t\t\t\t<\/div>\n\t\t\t\t<\/div>\n\t\t\t\t<\/div>\n\t\t","protected":false},"excerpt":{"rendered":"<p>Nuestro socio en Brasil Espa\u00e7o da Crian\u00e7a Una historia de cambio y compromiso La ONG fue fundada en 1991 con [&hellip;]<\/p>\n","protected":false},"author":2,"featured_media":0,"parent":0,"menu_order":0,"comment_status":"closed","ping_status":"closed","template":"elementor_header_footer","meta":{"site-sidebar-layout":"default","site-content-layout":"","ast-site-content-layout":"full-width-container","site-content-style":"default","site-sidebar-style":"default","ast-global-header-display":"","ast-banner-title-visibility":"","ast-main-header-display":"","ast-hfb-above-header-display":"","ast-hfb-below-header-display":"","ast-hfb-mobile-header-display":"","site-post-title":"","ast-breadcrumbs-content":"","ast-featured-img":"","footer-sml-layout":"","ast-disable-related-posts":"","theme-transparent-header-meta":"","adv-header-id-meta":"","stick-header-meta":"","header-above-stick-meta":"","header-main-stick-meta":"","header-below-stick-meta":"","astra-migrate-meta-layouts":"default","ast-page-background-enabled":"default","ast-page-background-meta":{"desktop":{"background-color":"var(--ast-global-color-5)","background-image":"","background-repeat":"repeat","background-position":"center center","background-size":"auto","background-attachment":"scroll","background-type":"","background-media":"","overlay-type":"","overlay-color":"","overlay-opacity":"","overlay-gradient":""},"tablet":{"background-color":"","background-image":"","background-repeat":"repeat","background-position":"center center","background-size":"auto","background-attachment":"scroll","background-type":"","background-media":"","overlay-type":"","overlay-color":"","overlay-opacity":"","overlay-gradient":""},"mobile":{"background-color":"","background-image":"","background-repeat":"repeat","background-position":"center center","background-size":"auto","background-attachment":"scroll","background-type":"","background-media":"","overlay-type":"","overlay-color":"","overlay-opacity":"","overlay-gradient":""}},"ast-content-background-meta":{"desktop":{"background-color":"var(--ast-global-color-4)","background-image":"","background-repeat":"repeat","background-position":"center center","background-size":"auto","background-attachment":"scroll","background-type":"","background-media":"","overlay-type":"","overlay-color":"","overlay-opacity":"","overlay-gradient":""},"tablet":{"background-color":"var(--ast-global-color-4)","background-image":"","background-repeat":"repeat","background-position":"center center","background-size":"auto","background-attachment":"scroll","background-type":"","background-media":"","overlay-type":"","overlay-color":"","overlay-opacity":"","overlay-gradient":""},"mobile":{"background-color":"var(--ast-global-color-4)","background-image":"","background-repeat":"repeat","background-position":"center center","background-size":"auto","background-attachment":"scroll","background-type":"","background-media":"","overlay-type":"","overlay-color":"","overlay-opacity":"","overlay-gradient":""}},"footnotes":""},"class_list":["post-1221","page","type-page","status-publish","hentry"],"_links":{"self":[{"href":"https:\/\/npnp.lu\/es\/wp-json\/wp\/v2\/pages\/1221","targetHints":{"allow":["GET"]}}],"collection":[{"href":"https:\/\/npnp.lu\/es\/wp-json\/wp\/v2\/pages"}],"about":[{"href":"https:\/\/npnp.lu\/es\/wp-json\/wp\/v2\/types\/page"}],"author":[{"embeddable":true,"href":"https:\/\/npnp.lu\/es\/wp-json\/wp\/v2\/users\/2"}],"replies":[{"embeddable":true,"href":"https:\/\/npnp.lu\/es\/wp-json\/wp\/v2\/comments?post=1221"}],"version-history":[{"count":3,"href":"https:\/\/npnp.lu\/es\/wp-json\/wp\/v2\/pages\/1221\/revisions"}],"predecessor-version":[{"id":1633,"href":"https:\/\/npnp.lu\/es\/wp-json\/wp\/v2\/pages\/1221\/revisions\/1633"}],"wp:attachment":[{"href":"https:\/\/npnp.lu\/es\/wp-json\/wp\/v2\/media?parent=1221"}],"curies":[{"name":"wp","href":"https:\/\/api.w.org\/{rel}","templated":true}]}}